{"id":98400,"date":"2021-02-21T22:20:42","date_gmt":"2021-02-21T22:20:42","guid":{"rendered":"https:\/\/www.autonvaraosahaku.fi\/?product=zimmermann-280-3153-52-jarrulevyt"},"modified":"2021-02-21T22:20:46","modified_gmt":"2021-02-21T22:20:46","slug":"zimmermann-280-3153-52-jarrulevyt","status":"publish","type":"product","link":"https:\/\/www.autonvaraosahaku.fi\/?product=zimmermann-280-3153-52-jarrulevyt","title":{"rendered":"ZIMMERMANN 280.3153.52 Jarrulevyt"},"content":{"rendered":"<p>Jarrulevytyyppi: Tuuletettu, sis\u00e4, Reijitetty; Pinta: pinnoitettu; Ulkol\u00e4pimitta [mm]: 262; Jarrulevyn paksuus (mm): 21; Korkeus (mm): 44; Vanne, aukkoja: 4; Reik\u00e4ympyr\u00e4-\u00d8 [mm]: 100; keskitt\u00e4misl\u00e4pimitta [mm]: 64; Tarkistuskilpi: KBA 60872; V\u00e4himm\u00e4ispaksuus (mm): 19; Paino [kg]: 5; Reik\u00e4kuvio\/-m\u00e4\u00e4r\u00e4: 8\/4; Tuotelinja: SPORT COAT Z; Tuning: 1; Asennuspuoli: Vorderachse; HONDA: CIVIC VII Hatchback EU, EP, EV,JAZZ III GE,CIVIC VI Hatchback EJ, EK,CIVIC VI Fastback MA, MB,CRX III EH, EG,CIVIC VI Aerodeck MB, MC,CRX II ED, EE,CIVIC V Hatchback EG,CIVIC VII Coupe EM2,INSIGHT ZE_,CIVIC IV Hatchback EC, ED, EE,CIVIC VI Stufenheck EJ, EK,CIVIC VI Coupe EJ, EM1,CIVIC V Coupe EJ,CIVIC VII Stufenheck ES,CIVIC V Stufenheck EG, EH,JAZZ IV GK; ROVER: 25 RF,200 RF,45 Stufenheck RT,45 RT,400 RT,400 Hatchback RT,STREETWISE; MG: MG ZR,MG ZS,MG ZS Hatchback; 45251S6DE10, 45251SCC900, 45251SK7A00, 45251SK7A10, 45251SK7J00, 45251SR0A10, 45251ST3E10, 45251TF3E01, 45251TG5H00, GBD90840, SDB00990, SDB100600; Jarrulevy<\/p>\n","protected":false},"excerpt":{"rendered":"<p>ZIMMERMANN Jarrulevyt 280.3153.52 Jarrulevy HONDA,ROVER,MG,CIVIC VII Hatchback EU, EP, EV,JAZZ III GE,CIVIC VI Hatchback EJ, EK<\/p>\n","protected":false},"featured_media":0,"template":"","meta":{"site-sidebar-layout":"default","site-content-layout":"default","ast-global-header-display":"","ast-main-header-display":"","ast-hfb-above-header-display":"","ast-hfb-below-header-display":"","ast-hfb-mobile-header-display":"","site-post-title":"","ast-breadcrumbs-content":"","ast-featured-img":"","footer-sml-layout":"","theme-transparent-header-meta":"","adv-header-id-meta":"","stick-header-meta":"","header-above-stick-meta":"","header-main-stick-meta":"","header-below-stick-meta":""},"pwb-brand":[145],"product_cat":[66],"product_tag":[],"class_list":{"0":"post-98400","1":"product","2":"type-product","3":"status-publish","5":"pwb-brand-zimmermann","6":"product_cat-jarrulevyt","7":"desktop-align-left","8":"tablet-align-left","9":"mobile-align-left","11":"first","12":"instock","13":"product-type-external"},"brands":[{"id":145,"name":"ZIMMERMANN","slug":"zimmermann"}],"_links":{"self":[{"href":"https:\/\/www.autonvaraosahaku.fi\/index.php?rest_route=\/wp\/v2\/product\/98400","targetHints":{"allow":["GET"]}}],"collection":[{"href":"https:\/\/www.autonvaraosahaku.fi\/index.php?rest_route=\/wp\/v2\/product"}],"about":[{"href":"https:\/\/www.autonvaraosahaku.fi\/index.php?rest_route=\/wp\/v2\/types\/product"}],"wp:attachment":[{"href":"https:\/\/www.autonvaraosahaku.fi\/index.php?rest_route=%2Fwp%2Fv2%2Fmedia&parent=98400"}],"wp:term":[{"taxonomy":"pwb-brand","embeddable":true,"href":"https:\/\/www.autonvaraosahaku.fi\/index.php?rest_route=%2Fwp%2Fv2%2Fpwb-brand&post=98400"},{"taxonomy":"product_cat","embeddable":true,"href":"https:\/\/www.autonvaraosahaku.fi\/index.php?rest_route=%2Fwp%2Fv2%2Fproduct_cat&post=98400"},{"taxonomy":"product_tag","embeddable":true,"href":"https:\/\/www.autonvaraosahaku.fi\/index.php?rest_route=%2Fwp%2Fv2%2Fproduct_tag&post=98400"}],"curies":[{"name":"wp","href":"https:\/\/api.w.org\/{rel}","templated":true}]}}