{"id":98419,"date":"2021-02-21T22:20:50","date_gmt":"2021-02-21T22:20:50","guid":{"rendered":"https:\/\/www.autonvaraosahaku.fi\/?product=febi-bilstein-39739-ohjainlaite-lammitys-tuuletus"},"modified":"2021-02-21T22:20:54","modified_gmt":"2021-02-21T22:20:54","slug":"febi-bilstein-39739-ohjainlaite-lammitys-tuuletus","status":"publish","type":"product","link":"https:\/\/www.autonvaraosahaku.fi\/?product=febi-bilstein-39739-ohjainlaite-lammitys-tuuletus","title":{"rendered":"FEBI BILSTEIN 39739 Ohjainlaite l\u00e4mmitys tuuletus"},"content":{"rendered":"<p>Liittimi\u00e4: 10; Paino [kg]: 0,18, 0,18; Alustanumeroon: 6J-B-196 000; VW: GOLF IV 1J1,POLO 9N_,LUPO 6X1, 6E1,POLO 6R, 6C,GOLF IV Variant 1J5,FOX 5Z1, 5Z3,UP,BORA 1J2,NEW BEETLE 9C1, 1C1,BORA Kombi 1J6,POLO Stufenheck,POLO Stufenheck 9A4,POLO Stufenheck 9N4,GOLF IV Van 1J1; AUDI: A3 8L1; SKODA: FABIA Combi 6Y5,FABIA,FABIA 6Y2,OCTAVIA Combi 1U5,FABIA Combi,ROOMSTER 5J,OCTAVIA 1U2,CITIGO,FABIA Stufenheck 6Y3,ROOMSTER Praktik 5J,FABIA Praktik,RAPID NA2; SEAT: IBIZA IV 6L1,IBIZA V 6J5, 6P5,LEON 1M1,IBIZA V ST 6J8, 6P8,Mii KF1_,TOLEDO II 1M2,IBIZA V SPORTCOUPE 6J1, 6P1,CORDOBA 6L2; 1J0919506M, 1J0919506M, 1J0919506M, 1J0919506M<\/p>\n","protected":false},"excerpt":{"rendered":"<p>FEBI BILSTEIN S\u00e4\u00e4din, S\u00e4hk\u00f6puhallin (Moottorij\u00e4\u00e4dytys) febi Plus 39739  VW,AUDI,SKODA,GOLF IV 1J1,POLO 9N_,LUPO 6X1, 6E1,POLO 6R, 6C<\/p>\n","protected":false},"featured_media":0,"template":"","meta":{"site-sidebar-layout":"default","site-content-layout":"default","ast-global-header-display":"","ast-main-header-display":"","ast-hfb-above-header-display":"","ast-hfb-below-header-display":"","ast-hfb-mobile-header-display":"","site-post-title":"","ast-breadcrumbs-content":"","ast-featured-img":"","footer-sml-layout":"","theme-transparent-header-meta":"","adv-header-id-meta":"","stick-header-meta":"","header-above-stick-meta":"","header-main-stick-meta":"","header-below-stick-meta":""},"pwb-brand":[50],"product_cat":[262],"product_tag":[],"class_list":{"0":"post-98419","1":"product","2":"type-product","3":"status-publish","5":"pwb-brand-febi-bilstein","6":"product_cat-ohjainlaite-lammitys-tuuletus","7":"desktop-align-left","8":"tablet-align-left","9":"mobile-align-left","11":"first","12":"instock","13":"product-type-external"},"brands":[{"id":50,"name":"FEBI BILSTEIN","slug":"febi-bilstein"}],"_links":{"self":[{"href":"https:\/\/www.autonvaraosahaku.fi\/index.php?rest_route=\/wp\/v2\/product\/98419","targetHints":{"allow":["GET"]}}],"collection":[{"href":"https:\/\/www.autonvaraosahaku.fi\/index.php?rest_route=\/wp\/v2\/product"}],"about":[{"href":"https:\/\/www.autonvaraosahaku.fi\/index.php?rest_route=\/wp\/v2\/types\/product"}],"wp:attachment":[{"href":"https:\/\/www.autonvaraosahaku.fi\/index.php?rest_route=%2Fwp%2Fv2%2Fmedia&parent=98419"}],"wp:term":[{"taxonomy":"pwb-brand","embeddable":true,"href":"https:\/\/www.autonvaraosahaku.fi\/index.php?rest_route=%2Fwp%2Fv2%2Fpwb-brand&post=98419"},{"taxonomy":"product_cat","embeddable":true,"href":"https:\/\/www.autonvaraosahaku.fi\/index.php?rest_route=%2Fwp%2Fv2%2Fproduct_cat&post=98419"},{"taxonomy":"product_tag","embeddable":true,"href":"https:\/\/www.autonvaraosahaku.fi\/index.php?rest_route=%2Fwp%2Fv2%2Fproduct_tag&post=98419"}],"curies":[{"name":"wp","href":"https:\/\/api.w.org\/{rel}","templated":true}]}}