{"id":98431,"date":"2021-02-21T22:20:59","date_gmt":"2021-02-21T22:20:59","guid":{"rendered":"https:\/\/www.autonvaraosahaku.fi\/?product=febi-bilstein-16901-jarrupalat"},"modified":"2021-02-21T22:20:59","modified_gmt":"2021-02-21T22:20:59","slug":"febi-bilstein-16901-jarrupalat","status":"publish","type":"product","link":"https:\/\/www.autonvaraosahaku.fi\/?product=febi-bilstein-16901-jarrupalat","title":{"rendered":"FEBI BILSTEIN 16901 Jarrupalat"},"content":{"rendered":"<p>Pituus (mm): 106,2; Leveys (mm): 59,0; Tarkistuskilpi: ECE R90 Approved; Asennuspuoli: Taka-akseli; Paksuus 1 [mm]: 17; Paino [kg]: 1,2, 1,13; Kulumisenilmaisimen liitos: Ilman kulumisenilmaisinta, Ilman kulumisenilmaisinta; M\u00e4\u00e4r\u00e4yksikk\u00f6: Akselisarja; Valmistusvuoteen: 12\/2013; MERCEDES-BENZ: B-CLASS W246, W242,A-CLASS W176,CLA Coupe C117,SLK R172,GLA-CLASS X156; INFINITI: Q30; 440605DA0A, 44060HG00A, 0064202320, 0064202320SK, 0064207920, 0064207920SK, 0064208020, 0064208020SK, 0064208320, 0064208320SK, 0074209420, 0074209520, 0074209620, 0084202320, A0064202320, A0064207920, A0064208020, A0074209420, A0074209520, A0074209620, A0084202320, 44060HG00A; Jarrupalasarja,Jarrupala, Levyjarru<\/p>\n","protected":false},"excerpt":{"rendered":"<p>FEBI BILSTEIN Jarrupalat 16901 Jarrupalasarja,Jarrupala, Levyjarru MERCEDES-BENZ,INFINITI,B-CLASS W246, W242,A-CLASS W176,CLA Coupe C117,SLK R172<\/p>\n","protected":false},"featured_media":0,"template":"","meta":{"site-sidebar-layout":"default","site-content-layout":"default","ast-global-header-display":"","ast-main-header-display":"","ast-hfb-above-header-display":"","ast-hfb-below-header-display":"","ast-hfb-mobile-header-display":"","site-post-title":"","ast-breadcrumbs-content":"","ast-featured-img":"","footer-sml-layout":"","theme-transparent-header-meta":"","adv-header-id-meta":"","stick-header-meta":"","header-above-stick-meta":"","header-main-stick-meta":"","header-below-stick-meta":""},"pwb-brand":[50],"product_cat":[100],"product_tag":[],"class_list":{"0":"post-98431","1":"product","2":"type-product","3":"status-publish","5":"pwb-brand-febi-bilstein","6":"product_cat-jarrupalat","7":"desktop-align-left","8":"tablet-align-left","9":"mobile-align-left","11":"first","12":"instock","13":"product-type-external"},"brands":[{"id":50,"name":"FEBI BILSTEIN","slug":"febi-bilstein"}],"_links":{"self":[{"href":"https:\/\/www.autonvaraosahaku.fi\/index.php?rest_route=\/wp\/v2\/product\/98431","targetHints":{"allow":["GET"]}}],"collection":[{"href":"https:\/\/www.autonvaraosahaku.fi\/index.php?rest_route=\/wp\/v2\/product"}],"about":[{"href":"https:\/\/www.autonvaraosahaku.fi\/index.php?rest_route=\/wp\/v2\/types\/product"}],"wp:attachment":[{"href":"https:\/\/www.autonvaraosahaku.fi\/index.php?rest_route=%2Fwp%2Fv2%2Fmedia&parent=98431"}],"wp:term":[{"taxonomy":"pwb-brand","embeddable":true,"href":"https:\/\/www.autonvaraosahaku.fi\/index.php?rest_route=%2Fwp%2Fv2%2Fpwb-brand&post=98431"},{"taxonomy":"product_cat","embeddable":true,"href":"https:\/\/www.autonvaraosahaku.fi\/index.php?rest_route=%2Fwp%2Fv2%2Fproduct_cat&post=98431"},{"taxonomy":"product_tag","embeddable":true,"href":"https:\/\/www.autonvaraosahaku.fi\/index.php?rest_route=%2Fwp%2Fv2%2Fproduct_tag&post=98431"}],"curies":[{"name":"wp","href":"https:\/\/api.w.org\/{rel}","templated":true}]}}