{"id":98436,"date":"2021-02-21T22:20:59","date_gmt":"2021-02-21T22:20:59","guid":{"rendered":"https:\/\/www.autonvaraosahaku.fi\/?product=valeo-577878-pyyhkijansulat"},"modified":"2021-02-21T22:21:01","modified_gmt":"2021-02-21T22:21:01","slug":"valeo-577878-pyyhkijansulat","status":"publish","type":"product","link":"https:\/\/www.autonvaraosahaku.fi\/?product=valeo-577878-pyyhkijansulat","title":{"rendered":"VALEO 577878 Pyyhkij\u00e4nsulat"},"content":{"rendered":"<p>Asennuspuoli: Edess\u00e4; M\u00e4\u00e4r\u00e4: 2; Pituus 1 (mm): 750; Pituus 2 (mm): 750; Pituus1\/pituus2 [tuuma]: 30\/30; Muotoilu: Spoilerilla; Paino [kg]: 0,35; Tuotelinja: SILENCIO X.TRM; Pyyhkij\u00e4nsulkatyyppi: Rungottomat; Valmistusvuosi alkaen: 12\/2013; FORD: TOURNEO CONNECT \/ GRAND TOURNEO CONNECT Kombi,TRANSIT CONNECT Kasten,S-MAX,GALAXY,TRANSIT CONNECT Kombi; 1850542, 1916360, 1916366, 2026761, 2121380; Tuulilasinpyyhkimet,Pyyhkij\u00e4t,Pyyhkij\u00e4nsulka<\/p>\n","protected":false},"excerpt":{"rendered":"<p>VALEO Pyyhkij\u00e4nsulat 577878 Tuulilasinpyyhkimet,Pyyhkij\u00e4t FORD,TOURNEO CONNECT \/ GRAND TOURNEO CONNECT Kombi,TRANSIT CONNECT Kasten,S-MAX,GALAXY<\/p>\n","protected":false},"featured_media":0,"template":"","meta":{"site-sidebar-layout":"default","site-content-layout":"default","ast-global-header-display":"","ast-main-header-display":"","ast-hfb-above-header-display":"","ast-hfb-below-header-display":"","ast-hfb-mobile-header-display":"","site-post-title":"","ast-breadcrumbs-content":"","ast-featured-img":"","footer-sml-layout":"","theme-transparent-header-meta":"","adv-header-id-meta":"","stick-header-meta":"","header-above-stick-meta":"","header-main-stick-meta":"","header-below-stick-meta":""},"pwb-brand":[28],"product_cat":[33],"product_tag":[],"class_list":{"0":"post-98436","1":"product","2":"type-product","3":"status-publish","5":"pwb-brand-valeo","6":"product_cat-pyyhkijansulat","7":"desktop-align-left","8":"tablet-align-left","9":"mobile-align-left","11":"first","12":"instock","13":"product-type-external"},"brands":[{"id":28,"name":"VALEO","slug":"valeo"}],"_links":{"self":[{"href":"https:\/\/www.autonvaraosahaku.fi\/index.php?rest_route=\/wp\/v2\/product\/98436","targetHints":{"allow":["GET"]}}],"collection":[{"href":"https:\/\/www.autonvaraosahaku.fi\/index.php?rest_route=\/wp\/v2\/product"}],"about":[{"href":"https:\/\/www.autonvaraosahaku.fi\/index.php?rest_route=\/wp\/v2\/types\/product"}],"wp:attachment":[{"href":"https:\/\/www.autonvaraosahaku.fi\/index.php?rest_route=%2Fwp%2Fv2%2Fmedia&parent=98436"}],"wp:term":[{"taxonomy":"pwb-brand","embeddable":true,"href":"https:\/\/www.autonvaraosahaku.fi\/index.php?rest_route=%2Fwp%2Fv2%2Fpwb-brand&post=98436"},{"taxonomy":"product_cat","embeddable":true,"href":"https:\/\/www.autonvaraosahaku.fi\/index.php?rest_route=%2Fwp%2Fv2%2Fproduct_cat&post=98436"},{"taxonomy":"product_tag","embeddable":true,"href":"https:\/\/www.autonvaraosahaku.fi\/index.php?rest_route=%2Fwp%2Fv2%2Fproduct_tag&post=98436"}],"curies":[{"name":"wp","href":"https:\/\/api.w.org\/{rel}","templated":true}]}}