{"id":98443,"date":"2021-02-21T22:20:59","date_gmt":"2021-02-21T22:20:59","guid":{"rendered":"https:\/\/www.autonvaraosahaku.fi\/?product=ajusa-15018900-kampiakselin-tiiviste"},"modified":"2021-02-21T22:21:04","modified_gmt":"2021-02-21T22:21:04","slug":"ajusa-15018900-kampiakselin-tiiviste","status":"publish","type":"product","link":"https:\/\/www.autonvaraosahaku.fi\/?product=ajusa-15018900-kampiakselin-tiiviste","title":{"rendered":"AJUSA 15018900 Kampiakselin tiiviste"},"content":{"rendered":"<p>Sis\u00e4l\u00e4pimitta [mm]: 42; Ulkol\u00e4pimitta [mm]: 56, 63; Korkeus (mm): 7; Asennuspuoli: stirnseitig; FIAT: SEICENTO 187,CINQUECENTO 170,PANDA 141A_,UNO 146A\/E,127,600,SEICENTO Van 187,PANDA Van 141_,UNO Kasten 146; SEAT: MARBELLA 28,IBIZA I 021A,TERRA Kasten 024A,MARBELLA Kasten 028A,600 D,TERRA 24,FURA 025A; LANCIA: A 112; AUTOBIANCHI: A 112; ZASTAVA: 750,YUGO; 40000320, 40000920, NR400000321; Akselitiiviste, Kampiakseli<\/p>\n","protected":false},"excerpt":{"rendered":"<p>AJUSA Kampiakselin Tiiviste 15018900 Akselitiiviste, Kampiakseli FIAT,SEAT,LANCIA,SEICENTO 187,CINQUECENTO 170,PANDA 141A_,UNO 146A\/E,127,600<\/p>\n","protected":false},"featured_media":0,"template":"","meta":{"site-sidebar-layout":"default","site-content-layout":"default","ast-global-header-display":"","ast-main-header-display":"","ast-hfb-above-header-display":"","ast-hfb-below-header-display":"","ast-hfb-mobile-header-display":"","site-post-title":"","ast-breadcrumbs-content":"","ast-featured-img":"","footer-sml-layout":"","theme-transparent-header-meta":"","adv-header-id-meta":"","stick-header-meta":"","header-above-stick-meta":"","header-main-stick-meta":"","header-below-stick-meta":""},"pwb-brand":[211],"product_cat":[88],"product_tag":[],"class_list":{"0":"post-98443","1":"product","2":"type-product","3":"status-publish","5":"pwb-brand-ajusa","6":"product_cat-kampiakselin-tiiviste","7":"desktop-align-left","8":"tablet-align-left","9":"mobile-align-left","11":"first","12":"instock","13":"product-type-external"},"brands":[{"id":211,"name":"AJUSA","slug":"ajusa"}],"_links":{"self":[{"href":"https:\/\/www.autonvaraosahaku.fi\/index.php?rest_route=\/wp\/v2\/product\/98443","targetHints":{"allow":["GET"]}}],"collection":[{"href":"https:\/\/www.autonvaraosahaku.fi\/index.php?rest_route=\/wp\/v2\/product"}],"about":[{"href":"https:\/\/www.autonvaraosahaku.fi\/index.php?rest_route=\/wp\/v2\/types\/product"}],"wp:attachment":[{"href":"https:\/\/www.autonvaraosahaku.fi\/index.php?rest_route=%2Fwp%2Fv2%2Fmedia&parent=98443"}],"wp:term":[{"taxonomy":"pwb-brand","embeddable":true,"href":"https:\/\/www.autonvaraosahaku.fi\/index.php?rest_route=%2Fwp%2Fv2%2Fpwb-brand&post=98443"},{"taxonomy":"product_cat","embeddable":true,"href":"https:\/\/www.autonvaraosahaku.fi\/index.php?rest_route=%2Fwp%2Fv2%2Fproduct_cat&post=98443"},{"taxonomy":"product_tag","embeddable":true,"href":"https:\/\/www.autonvaraosahaku.fi\/index.php?rest_route=%2Fwp%2Fv2%2Fproduct_tag&post=98443"}],"curies":[{"name":"wp","href":"https:\/\/api.w.org\/{rel}","templated":true}]}}