{"id":98445,"date":"2021-02-21T22:20:59","date_gmt":"2021-02-21T22:20:59","guid":{"rendered":"https:\/\/www.autonvaraosahaku.fi\/?product=febi-bilstein-38217-huohotin"},"modified":"2021-02-21T22:21:04","modified_gmt":"2021-02-21T22:21:04","slug":"febi-bilstein-38217-huohotin","status":"publish","type":"product","link":"https:\/\/www.autonvaraosahaku.fi\/?product=febi-bilstein-38217-huohotin","title":{"rendered":"FEBI BILSTEIN 38217 Huohotin"},"content":{"rendered":"<p>Pituus (mm): 70; Sis\u00e4l\u00e4pimitta [mm]: 17,0, 15,0; Ulkol\u00e4pimitta [mm]: 24,0, 22,0; V\u00e4ri: Musta; Materiaali: Kumi; Paino [kg]: 0,014, 0,014; Huomioi tekniset tiedot: ; MERCEDES-BENZ: C-CLASS W202,E-CLASS W210,E-CLASS Kombi S210,C-CLASS Kombi S202,E-CLASS W124,G-CLASS W463,S-CLASS W140,E-CLASS Kombi S124,G-CLASS Cabrio W463; 6060160481, A6060160481<\/p>\n","protected":false},"excerpt":{"rendered":"<p>FEBI BILSTEIN Letku, Kampikammion Tuuletus febi Plus 38217  MERCEDES-BENZ,C-CLASS W202,E-CLASS W210,E-CLASS Kombi S210,C-CLASS Kombi S202,E-CLASS W124<\/p>\n","protected":false},"featured_media":0,"template":"","meta":{"site-sidebar-layout":"default","site-content-layout":"default","ast-global-header-display":"","ast-main-header-display":"","ast-hfb-above-header-display":"","ast-hfb-below-header-display":"","ast-hfb-mobile-header-display":"","site-post-title":"","ast-breadcrumbs-content":"","ast-featured-img":"","footer-sml-layout":"","theme-transparent-header-meta":"","adv-header-id-meta":"","stick-header-meta":"","header-above-stick-meta":"","header-main-stick-meta":"","header-below-stick-meta":""},"pwb-brand":[50],"product_cat":[125],"product_tag":[],"class_list":{"0":"post-98445","1":"product","2":"type-product","3":"status-publish","5":"pwb-brand-febi-bilstein","6":"product_cat-huohotin","7":"desktop-align-left","8":"tablet-align-left","9":"mobile-align-left","11":"first","12":"instock","13":"product-type-external"},"brands":[{"id":50,"name":"FEBI BILSTEIN","slug":"febi-bilstein"}],"_links":{"self":[{"href":"https:\/\/www.autonvaraosahaku.fi\/index.php?rest_route=\/wp\/v2\/product\/98445","targetHints":{"allow":["GET"]}}],"collection":[{"href":"https:\/\/www.autonvaraosahaku.fi\/index.php?rest_route=\/wp\/v2\/product"}],"about":[{"href":"https:\/\/www.autonvaraosahaku.fi\/index.php?rest_route=\/wp\/v2\/types\/product"}],"wp:attachment":[{"href":"https:\/\/www.autonvaraosahaku.fi\/index.php?rest_route=%2Fwp%2Fv2%2Fmedia&parent=98445"}],"wp:term":[{"taxonomy":"pwb-brand","embeddable":true,"href":"https:\/\/www.autonvaraosahaku.fi\/index.php?rest_route=%2Fwp%2Fv2%2Fpwb-brand&post=98445"},{"taxonomy":"product_cat","embeddable":true,"href":"https:\/\/www.autonvaraosahaku.fi\/index.php?rest_route=%2Fwp%2Fv2%2Fproduct_cat&post=98445"},{"taxonomy":"product_tag","embeddable":true,"href":"https:\/\/www.autonvaraosahaku.fi\/index.php?rest_route=%2Fwp%2Fv2%2Fproduct_tag&post=98445"}],"curies":[{"name":"wp","href":"https:\/\/api.w.org\/{rel}","templated":true}]}}