{"id":98450,"date":"2021-02-21T22:21:07","date_gmt":"2021-02-21T22:21:07","guid":{"rendered":"https:\/\/www.autonvaraosahaku.fi\/?product=ajusa-81026800-kannen-pultit"},"modified":"2021-02-21T22:21:07","modified_gmt":"2021-02-21T22:21:07","slug":"ajusa-81026800-kannen-pultit","status":"publish","type":"product","link":"https:\/\/www.autonvaraosahaku.fi\/?product=ajusa-81026800-kannen-pultit","title":{"rendered":"AJUSA 81026800 Kannen pultit"},"content":{"rendered":"<p>Kierremitta: M9; Kierrenousu (mm): 1,5; Pituus (mm): 143; Ruuvikanta\/mutteriprofiili: Hammastettu, sis\u00e4; M\u00e4\u00e4r\u00e4: 10; Paino [g]: 682,5; TECDOC-moottorinumero: 24881; KIA: CEE&#8217;D SW ED,CEE&#8217;D Schr\u00e4gheck ED,VENGA YN,CEE&#8217;D JD,CARENS III UN,CEE`D Sportswagon JD,PRO CEE&#8217;D ED,SOUL AM,CERATO LD,PRO CEE\u00b4D JD,CERATO Stufenheck LD,CERATO II Stufenheck TD,CERATO KOUP TD; HYUNDAI: i30 FD,i20 PB, PBT,i30 CW FD,ix20 JC,ELANTRA Stufenheck HD,ACCENT IV Stufenheck RB; TOYOTA: YARIS SCP9_, NSP9_, KSP9_, NCP9_, ZSP9_,YARIS SCP1_, NLP1_, NCP1_,AURIS NRE15_, ZZE15_, ADE15_, ZRE15_, NDE15_,YARIS VERSO _NLP2_, _NCP2_,YARIS NHP13_, NSP13_, NCP13_, KSP13_, NLP13_,COROLLA Kombi _E12J_, _E12T_,PRIUS Liftback NHW20_,COROLLA Stufenheck _E12J_, _E12T_,VIOS\/YARIS Stufenheck ZSP9_, NCP9_,URBAN CRUISER NSP1_, NLP1_, ZSP1_, NCP11_,YARIS NCP15_,VIOS\/YARIS Stufenheck NCP15_,PRIUS Stufenheck NHW11_,PRIUS C NHP10_,bB I NCP3_,PRIUS Stufenheck _W1_; GREAT WALL: TENGYI C10 Schr\u00e4gheck; 9091002126&#215;10; Sylinterikannen Pultit,Syl.Kannen Pulttisarja<\/p>\n","protected":false},"excerpt":{"rendered":"<p>AJUSA Kannen Pultit 81026800 Sylinterikannen Pultit,Syl.Kannen Pulttisarja KIA,HYUNDAI,TOYOTA,CEE&#8217;D SW ED,CEE&#8217;D Schr\u00e4gheck ED,VENGA YN,CEE&#8217;D JD<\/p>\n","protected":false},"featured_media":0,"template":"","meta":{"site-sidebar-layout":"default","site-content-layout":"default","ast-global-header-display":"","ast-main-header-display":"","ast-hfb-above-header-display":"","ast-hfb-below-header-display":"","ast-hfb-mobile-header-display":"","site-post-title":"","ast-breadcrumbs-content":"","ast-featured-img":"","footer-sml-layout":"","theme-transparent-header-meta":"","adv-header-id-meta":"","stick-header-meta":"","header-above-stick-meta":"","header-main-stick-meta":"","header-below-stick-meta":""},"pwb-brand":[211],"product_cat":[67],"product_tag":[],"class_list":{"0":"post-98450","1":"product","2":"type-product","3":"status-publish","5":"pwb-brand-ajusa","6":"product_cat-kannen-pultit","7":"desktop-align-left","8":"tablet-align-left","9":"mobile-align-left","11":"first","12":"instock","13":"product-type-external"},"brands":[{"id":211,"name":"AJUSA","slug":"ajusa"}],"_links":{"self":[{"href":"https:\/\/www.autonvaraosahaku.fi\/index.php?rest_route=\/wp\/v2\/product\/98450","targetHints":{"allow":["GET"]}}],"collection":[{"href":"https:\/\/www.autonvaraosahaku.fi\/index.php?rest_route=\/wp\/v2\/product"}],"about":[{"href":"https:\/\/www.autonvaraosahaku.fi\/index.php?rest_route=\/wp\/v2\/types\/product"}],"wp:attachment":[{"href":"https:\/\/www.autonvaraosahaku.fi\/index.php?rest_route=%2Fwp%2Fv2%2Fmedia&parent=98450"}],"wp:term":[{"taxonomy":"pwb-brand","embeddable":true,"href":"https:\/\/www.autonvaraosahaku.fi\/index.php?rest_route=%2Fwp%2Fv2%2Fpwb-brand&post=98450"},{"taxonomy":"product_cat","embeddable":true,"href":"https:\/\/www.autonvaraosahaku.fi\/index.php?rest_route=%2Fwp%2Fv2%2Fproduct_cat&post=98450"},{"taxonomy":"product_tag","embeddable":true,"href":"https:\/\/www.autonvaraosahaku.fi\/index.php?rest_route=%2Fwp%2Fv2%2Fproduct_tag&post=98450"}],"curies":[{"name":"wp","href":"https:\/\/api.w.org\/{rel}","templated":true}]}}