{"id":98464,"date":"2021-02-21T22:21:07","date_gmt":"2021-02-21T22:21:07","guid":{"rendered":"https:\/\/www.autonvaraosahaku.fi\/?product=textar-2446901-jarrupalat"},"modified":"2021-02-21T22:21:12","modified_gmt":"2021-02-21T22:21:12","slug":"textar-2446901-jarrupalat","status":"publish","type":"product","link":"https:\/\/www.autonvaraosahaku.fi\/?product=textar-2446901-jarrupalat","title":{"rendered":"TEXTAR 2446901 Jarrupalat"},"content":{"rendered":"<p>Leveys (mm): 169,4; Korkeus (mm): 61,6; Paksuus [mm]: 19; Kulumisenilmaisimen liitos: kulumisvaroitinkoskettimella; Kulumisvaroittimia [pro Achse]: 2; Korvaava tuote\/korvaava tiedote 2: Jarrusatulan ruuveilla; Lis\u00e4tarvike\/lis\u00e4tieto: Tarvikkeilla; WVA-numero: 24469; Jarruj\u00e4rjestelm\u00e4: Brembo; Suositellun tarvikkeen tuotenumero: 82073400; Pakkauspituus [cm]: 17; Pakkausleveys [cm]: 12; Pakkauskorkeus [mm]: 8,3; Teknisten tietojen numero: 24469 190  1 5; M\u00e4\u00e4r\u00e4yksikk\u00f6: Akselisarja; Asennuspuoli: Vorderachse; FIAT: DUCATO Kasten 250,DUCATO Pritsche\/Fahrgestell 250,DUCATO Bus 250; CITRO\u00cbN: JUMPER Kasten,JUMPER Bus,JUMPER Pritsche\/Fahrgestell; PEUGEOT: BOXER Kasten,BOXER Bus,BOXER Pritsche\/Fahrgestell; 1611457380, 1612433880, 1623842380, 425355, 425356, 425461, 71770026, 77364014, 77366017, 77367092, 1607878380, 1611457380, 1612433880, 1623842380, 425355, 425356, 425461; Jarrupalasarja,Jarrupala, Levyjarru<\/p>\n","protected":false},"excerpt":{"rendered":"<p>TEXTAR Jarrupalat Q+ 2446901 Jarrupalasarja,Jarrupala, Levyjarru FIAT,CITRO\u00cbN,PEUGEOT,DUCATO Kasten 250,DUCATO Pritsche\/Fahrgestell 250,DUCATO Bus 250<\/p>\n","protected":false},"featured_media":0,"template":"","meta":{"site-sidebar-layout":"default","site-content-layout":"default","ast-global-header-display":"","ast-main-header-display":"","ast-hfb-above-header-display":"","ast-hfb-below-header-display":"","ast-hfb-mobile-header-display":"","site-post-title":"","ast-breadcrumbs-content":"","ast-featured-img":"","footer-sml-layout":"","theme-transparent-header-meta":"","adv-header-id-meta":"","stick-header-meta":"","header-above-stick-meta":"","header-main-stick-meta":"","header-below-stick-meta":""},"pwb-brand":[288],"product_cat":[100],"product_tag":[],"class_list":{"0":"post-98464","1":"product","2":"type-product","3":"status-publish","5":"pwb-brand-textar","6":"product_cat-jarrupalat","7":"desktop-align-left","8":"tablet-align-left","9":"mobile-align-left","11":"first","12":"instock","13":"product-type-external"},"brands":[{"id":288,"name":"TEXTAR","slug":"textar"}],"_links":{"self":[{"href":"https:\/\/www.autonvaraosahaku.fi\/index.php?rest_route=\/wp\/v2\/product\/98464","targetHints":{"allow":["GET"]}}],"collection":[{"href":"https:\/\/www.autonvaraosahaku.fi\/index.php?rest_route=\/wp\/v2\/product"}],"about":[{"href":"https:\/\/www.autonvaraosahaku.fi\/index.php?rest_route=\/wp\/v2\/types\/product"}],"wp:attachment":[{"href":"https:\/\/www.autonvaraosahaku.fi\/index.php?rest_route=%2Fwp%2Fv2%2Fmedia&parent=98464"}],"wp:term":[{"taxonomy":"pwb-brand","embeddable":true,"href":"https:\/\/www.autonvaraosahaku.fi\/index.php?rest_route=%2Fwp%2Fv2%2Fpwb-brand&post=98464"},{"taxonomy":"product_cat","embeddable":true,"href":"https:\/\/www.autonvaraosahaku.fi\/index.php?rest_route=%2Fwp%2Fv2%2Fproduct_cat&post=98464"},{"taxonomy":"product_tag","embeddable":true,"href":"https:\/\/www.autonvaraosahaku.fi\/index.php?rest_route=%2Fwp%2Fv2%2Fproduct_tag&post=98464"}],"curies":[{"name":"wp","href":"https:\/\/api.w.org\/{rel}","templated":true}]}}