{"id":98507,"date":"2021-02-21T22:21:24","date_gmt":"2021-02-21T22:21:24","guid":{"rendered":"https:\/\/www.autonvaraosahaku.fi\/?product=a-b-s-17727c-jarrulevyt"},"modified":"2021-02-21T22:21:31","modified_gmt":"2021-02-21T22:21:31","slug":"a-b-s-17727c-jarrulevyt","status":"publish","type":"product","link":"https:\/\/www.autonvaraosahaku.fi\/?product=a-b-s-17727c-jarrulevyt","title":{"rendered":"A.B.S. 17727C Jarrulevyt"},"content":{"rendered":"<p>Ulkol\u00e4pimitta [mm]: 270; Jarrulevyn paksuus (mm): 10; V\u00e4himm\u00e4ispaksuus (mm): 9; Korkeus (mm): 80,7; Vanne, aukkoja: 4; Jarrulevytyyppi: Vakiomalli; keskitt\u00e4misl\u00e4pimitta [mm]: 52,3; Reik\u00e4ympyr\u00e4-\u00d8 [mm]: 100; Kierremitta: M12 x 1,5; Korvaava tuote\/korvaava tiedote 2: integroidulla py\u00f6r\u00e4nlaakerilla, sis\u00e4\u00e4nrakennetulla magneetti sensorirenkaalla; Navan l\u00e4pimitta 2 [mm]: 25; Pinta: pinnoitettu; Paino [kg]: 6,47; Tuotelinja: COATED; Asennuspuoli: Hinterachse; RENAULT: SC\u00c9NIC II JM0\/1_,MEGANE II Kombi KM0\/1_,GRAND SC\u00c9NIC II JM0\/1_,MEGANE II Kasten\/Kombi KM_; 432004943R, 7701207898, 8660001812, 8671018107; Jarrulevy<\/p>\n","protected":false},"excerpt":{"rendered":"<p>A.B.S. Jarrulevyt 17727C Jarrulevy RENAULT,SC\u00c9NIC II JM0\/1_,MEGANE II Kombi KM0\/1_,GRAND SC\u00c9NIC II JM0\/1_,MEGANE II Kasten\/Kombi KM_<\/p>\n","protected":false},"featured_media":0,"template":"","meta":{"site-sidebar-layout":"default","site-content-layout":"default","ast-global-header-display":"","ast-main-header-display":"","ast-hfb-above-header-display":"","ast-hfb-below-header-display":"","ast-hfb-mobile-header-display":"","site-post-title":"","ast-breadcrumbs-content":"","ast-featured-img":"","footer-sml-layout":"","theme-transparent-header-meta":"","adv-header-id-meta":"","stick-header-meta":"","header-above-stick-meta":"","header-main-stick-meta":"","header-below-stick-meta":""},"pwb-brand":[326],"product_cat":[66],"product_tag":[],"class_list":{"0":"post-98507","1":"product","2":"type-product","3":"status-publish","5":"pwb-brand-a-b-s","6":"product_cat-jarrulevyt","7":"desktop-align-left","8":"tablet-align-left","9":"mobile-align-left","11":"first","12":"instock","13":"product-type-external"},"brands":[{"id":326,"name":"A.B.S.","slug":"a-b-s"}],"_links":{"self":[{"href":"https:\/\/www.autonvaraosahaku.fi\/index.php?rest_route=\/wp\/v2\/product\/98507","targetHints":{"allow":["GET"]}}],"collection":[{"href":"https:\/\/www.autonvaraosahaku.fi\/index.php?rest_route=\/wp\/v2\/product"}],"about":[{"href":"https:\/\/www.autonvaraosahaku.fi\/index.php?rest_route=\/wp\/v2\/types\/product"}],"wp:attachment":[{"href":"https:\/\/www.autonvaraosahaku.fi\/index.php?rest_route=%2Fwp%2Fv2%2Fmedia&parent=98507"}],"wp:term":[{"taxonomy":"pwb-brand","embeddable":true,"href":"https:\/\/www.autonvaraosahaku.fi\/index.php?rest_route=%2Fwp%2Fv2%2Fpwb-brand&post=98507"},{"taxonomy":"product_cat","embeddable":true,"href":"https:\/\/www.autonvaraosahaku.fi\/index.php?rest_route=%2Fwp%2Fv2%2Fproduct_cat&post=98507"},{"taxonomy":"product_tag","embeddable":true,"href":"https:\/\/www.autonvaraosahaku.fi\/index.php?rest_route=%2Fwp%2Fv2%2Fproduct_tag&post=98507"}],"curies":[{"name":"wp","href":"https:\/\/api.w.org\/{rel}","templated":true}]}}