{"id":98556,"date":"2021-02-21T22:21:49","date_gmt":"2021-02-21T22:21:49","guid":{"rendered":"https:\/\/www.autonvaraosahaku.fi\/?product=a-b-s-53157-jarrusatula-korjaussarja"},"modified":"2021-02-21T22:21:52","modified_gmt":"2021-02-21T22:21:52","slug":"a-b-s-53157-jarrusatula-korjaussarja","status":"publish","type":"product","link":"https:\/\/www.autonvaraosahaku.fi\/?product=a-b-s-53157-jarrusatula-korjaussarja","title":{"rendered":"A.B.S. 53157 Jarrusatula korjaussarja"},"content":{"rendered":"<p>L\u00e4pimitta 1 [mm]: 34; Jarruj\u00e4rjestelm\u00e4: LUCAS\/TRW; Paino [kg]: 0,02; Asennuspuoli: Hinterachse; HYUNDAI: GETZ TB,TUCSON JM,MATRIX FC,SONATA V NF,SONATA IV EF,XG XG,SANTAMO; KIA: SPORTAGE JE_, KM_,MAGENTIS GD,MAGENTIS MG,JOICE; 583032EA00, 583032EA10; Korjaussarja, Jarrusatula<\/p>\n","protected":false},"excerpt":{"rendered":"<p>A.B.S. Jarrusatula Korjaussarja 53157 Korjaussarja, Jarrusatula HYUNDAI,KIA,GETZ TB,TUCSON JM,MATRIX FC,SONATA V NF,SONATA IV EF,XG XG,SANTAMO<\/p>\n","protected":false},"featured_media":0,"template":"","meta":{"site-sidebar-layout":"default","site-content-layout":"default","ast-global-header-display":"","ast-main-header-display":"","ast-hfb-above-header-display":"","ast-hfb-below-header-display":"","ast-hfb-mobile-header-display":"","site-post-title":"","ast-breadcrumbs-content":"","ast-featured-img":"","footer-sml-layout":"","theme-transparent-header-meta":"","adv-header-id-meta":"","stick-header-meta":"","header-above-stick-meta":"","header-main-stick-meta":"","header-below-stick-meta":""},"pwb-brand":[326],"product_cat":[57],"product_tag":[],"class_list":{"0":"post-98556","1":"product","2":"type-product","3":"status-publish","5":"pwb-brand-a-b-s","6":"product_cat-jarrusatula-korjaussarja","7":"desktop-align-left","8":"tablet-align-left","9":"mobile-align-left","11":"first","12":"instock","13":"product-type-external"},"brands":[{"id":326,"name":"A.B.S.","slug":"a-b-s"}],"_links":{"self":[{"href":"https:\/\/www.autonvaraosahaku.fi\/index.php?rest_route=\/wp\/v2\/product\/98556","targetHints":{"allow":["GET"]}}],"collection":[{"href":"https:\/\/www.autonvaraosahaku.fi\/index.php?rest_route=\/wp\/v2\/product"}],"about":[{"href":"https:\/\/www.autonvaraosahaku.fi\/index.php?rest_route=\/wp\/v2\/types\/product"}],"wp:attachment":[{"href":"https:\/\/www.autonvaraosahaku.fi\/index.php?rest_route=%2Fwp%2Fv2%2Fmedia&parent=98556"}],"wp:term":[{"taxonomy":"pwb-brand","embeddable":true,"href":"https:\/\/www.autonvaraosahaku.fi\/index.php?rest_route=%2Fwp%2Fv2%2Fpwb-brand&post=98556"},{"taxonomy":"product_cat","embeddable":true,"href":"https:\/\/www.autonvaraosahaku.fi\/index.php?rest_route=%2Fwp%2Fv2%2Fproduct_cat&post=98556"},{"taxonomy":"product_tag","embeddable":true,"href":"https:\/\/www.autonvaraosahaku.fi\/index.php?rest_route=%2Fwp%2Fv2%2Fproduct_tag&post=98556"}],"curies":[{"name":"wp","href":"https:\/\/api.w.org\/{rel}","templated":true}]}}