{"id":9856,"date":"2021-02-21T14:07:06","date_gmt":"2021-02-21T14:07:06","guid":{"rendered":"https:\/\/www.autonvaraosahaku.fi\/?product=master-sport-24013001091-pcs-ms-jarrulevyt"},"modified":"2021-02-21T14:07:08","modified_gmt":"2021-02-21T14:07:08","slug":"master-sport-24013001091-pcs-ms-jarrulevyt","status":"publish","type":"product","link":"https:\/\/www.autonvaraosahaku.fi\/?product=master-sport-24013001091-pcs-ms-jarrulevyt","title":{"rendered":"MASTER-SPORT 24013001091-PCS-MS Jarrulevyt"},"content":{"rendered":"<p>L\u00e4pimitta [mm]: 332,0; Jarrulevytyyppi: Tuuletettu; Jarrulevyn paksuus (mm): 29,9; Korkeus (mm): 62,1; Reik\u00e4-\u00d8 [mm]: 16,5; V\u00e4himm\u00e4ispaksuus (mm): 28,4; Sis\u00e4l\u00e4pimitta [mm]: 158,0; Reikien m\u00e4\u00e4r\u00e4: 5; keskitt\u00e4misl\u00e4pimitta [mm]: 75,0; Reik\u00e4ympyr\u00e4-\u00d8 [mm]: 120,0; K\u00e4sittely: hiiliter\u00e4s; Nettopaino [kg]: 11,13; Bruttopaino [kg]: 11,54; Asennuspuoli: Vorderachse; BMW: X3 E83,X5 E53; 34116750713, 34116756045, 34116765457, 34116766036, 34116794300, 34116859679; Jarrulevy<\/p>\n","protected":false},"excerpt":{"rendered":"<p>MASTER-SPORT Jarrulevyt 24013001091-PCS-MS Jarrulevy BMW,X3 E83,X5 E53<\/p>\n","protected":false},"featured_media":0,"template":"","meta":{"site-sidebar-layout":"default","site-content-layout":"default","ast-global-header-display":"","ast-main-header-display":"","ast-hfb-above-header-display":"","ast-hfb-below-header-display":"","ast-hfb-mobile-header-display":"","site-post-title":"","ast-breadcrumbs-content":"","ast-featured-img":"","footer-sml-layout":"","theme-transparent-header-meta":"","adv-header-id-meta":"","stick-header-meta":"","header-above-stick-meta":"","header-main-stick-meta":"","header-below-stick-meta":""},"pwb-brand":[61],"product_cat":[66],"product_tag":[],"class_list":{"0":"post-9856","1":"product","2":"type-product","3":"status-publish","5":"pwb-brand-master-sport","6":"product_cat-jarrulevyt","7":"desktop-align-left","8":"tablet-align-left","9":"mobile-align-left","11":"first","12":"instock","13":"product-type-external"},"brands":[{"id":61,"name":"MASTER-SPORT","slug":"master-sport"}],"_links":{"self":[{"href":"https:\/\/www.autonvaraosahaku.fi\/index.php?rest_route=\/wp\/v2\/product\/9856","targetHints":{"allow":["GET"]}}],"collection":[{"href":"https:\/\/www.autonvaraosahaku.fi\/index.php?rest_route=\/wp\/v2\/product"}],"about":[{"href":"https:\/\/www.autonvaraosahaku.fi\/index.php?rest_route=\/wp\/v2\/types\/product"}],"wp:attachment":[{"href":"https:\/\/www.autonvaraosahaku.fi\/index.php?rest_route=%2Fwp%2Fv2%2Fmedia&parent=9856"}],"wp:term":[{"taxonomy":"pwb-brand","embeddable":true,"href":"https:\/\/www.autonvaraosahaku.fi\/index.php?rest_route=%2Fwp%2Fv2%2Fpwb-brand&post=9856"},{"taxonomy":"product_cat","embeddable":true,"href":"https:\/\/www.autonvaraosahaku.fi\/index.php?rest_route=%2Fwp%2Fv2%2Fproduct_cat&post=9856"},{"taxonomy":"product_tag","embeddable":true,"href":"https:\/\/www.autonvaraosahaku.fi\/index.php?rest_route=%2Fwp%2Fv2%2Fproduct_tag&post=9856"}],"curies":[{"name":"wp","href":"https:\/\/api.w.org\/{rel}","templated":true}]}}