{"id":98562,"date":"2021-02-21T22:21:49","date_gmt":"2021-02-21T22:21:49","guid":{"rendered":"https:\/\/www.autonvaraosahaku.fi\/?product=valeo-586035-oljynsuodatin"},"modified":"2021-02-21T22:21:54","modified_gmt":"2021-02-21T22:21:54","slug":"valeo-586035-oljynsuodatin","status":"publish","type":"product","link":"https:\/\/www.autonvaraosahaku.fi\/?product=valeo-586035-oljynsuodatin","title":{"rendered":"VALEO 586035 \u00d6ljynsuodatin"},"content":{"rendered":"<p>Kierremitta: M 20&#215;1,5; Ulkol\u00e4pimitta [mm]: 89,5; Sis\u00e4l\u00e4pimitta 1 [mm]: 70; Sis\u00e4l\u00e4pimitta 2 [mm]: 62; Korkeus (mm): 118; Avauspaine ohitusventtiili [bar]: 1; Suodatintyyppi: Ruuvattava suodatin; Paino [kg]: 0,42; Moottorinumero: YTR; FORD: SIERRA GBG, GB4,SIERRA Schr\u00e4gheck GBC, GBG,SCORPIO I GAE, GGE,SCORPIO I Stufenheck GGE,SIERRA Kombi BNG,GRANADA GU,SCORPIO I Kombi GGE,GRANADA Kombi GNU; CITRO\u00cbN: XM Y4,XANTIA Break X2,C25 Bus 280_, 290_,JUMPER Kasten 230L,XM Y3,CX II,CX I MA,JUMPER Bus 230P,C25 Pritsche\/Fahrgestell 280_, 290_,XM Break Y4,JUMPER Pritsche\/Fahrgestell 230,C25 Kasten 280_, 290_,CX II Break,XM Break Y3,CX I Break MA; PEUGEOT: J5 Pritsche\/Fahrgestell 280L,406 8B,J5 Pritsche\/Fahrgestell 290L,BOXER Kasten 230L,J5 Bus 290P,J5 Kasten 290L,J5 Bus 280P,BOXER Bus 230P,BOXER Pritsche\/Fahrgestell ZCT_,605 6B,505 551A,505 Break 551D,604 561A_; LDV: CONVOY Kasten,CONVOY Pritsche\/Fahrgestell,CONVOY Bus; TALBOT: TAGORA; X105, X107, X24, X583, 95495251, 5495251, 1137365, 5016950, 5017808, 5025130, 6153085, 1109C4, 9563874680, 93156542<\/p>\n","protected":false},"excerpt":{"rendered":"<p>VALEO \u00d6ljynsuodatin 586035  FORD,CITRO\u00cbN,PEUGEOT,SIERRA GBG, GB4,SIERRA Schr\u00e4gheck GBC, GBG,SCORPIO I GAE, GGE,SCORPIO I Stufenheck GGE<\/p>\n","protected":false},"featured_media":0,"template":"","meta":{"site-sidebar-layout":"default","site-content-layout":"default","ast-global-header-display":"","ast-main-header-display":"","ast-hfb-above-header-display":"","ast-hfb-below-header-display":"","ast-hfb-mobile-header-display":"","site-post-title":"","ast-breadcrumbs-content":"","ast-featured-img":"","footer-sml-layout":"","theme-transparent-header-meta":"","adv-header-id-meta":"","stick-header-meta":"","header-above-stick-meta":"","header-main-stick-meta":"","header-below-stick-meta":""},"pwb-brand":[28],"product_cat":[30],"product_tag":[],"class_list":{"0":"post-98562","1":"product","2":"type-product","3":"status-publish","5":"pwb-brand-valeo","6":"product_cat-oljynsuodatin","7":"desktop-align-left","8":"tablet-align-left","9":"mobile-align-left","11":"first","12":"instock","13":"product-type-external"},"brands":[{"id":28,"name":"VALEO","slug":"valeo"}],"_links":{"self":[{"href":"https:\/\/www.autonvaraosahaku.fi\/index.php?rest_route=\/wp\/v2\/product\/98562","targetHints":{"allow":["GET"]}}],"collection":[{"href":"https:\/\/www.autonvaraosahaku.fi\/index.php?rest_route=\/wp\/v2\/product"}],"about":[{"href":"https:\/\/www.autonvaraosahaku.fi\/index.php?rest_route=\/wp\/v2\/types\/product"}],"wp:attachment":[{"href":"https:\/\/www.autonvaraosahaku.fi\/index.php?rest_route=%2Fwp%2Fv2%2Fmedia&parent=98562"}],"wp:term":[{"taxonomy":"pwb-brand","embeddable":true,"href":"https:\/\/www.autonvaraosahaku.fi\/index.php?rest_route=%2Fwp%2Fv2%2Fpwb-brand&post=98562"},{"taxonomy":"product_cat","embeddable":true,"href":"https:\/\/www.autonvaraosahaku.fi\/index.php?rest_route=%2Fwp%2Fv2%2Fproduct_cat&post=98562"},{"taxonomy":"product_tag","embeddable":true,"href":"https:\/\/www.autonvaraosahaku.fi\/index.php?rest_route=%2Fwp%2Fv2%2Fproduct_tag&post=98562"}],"curies":[{"name":"wp","href":"https:\/\/api.w.org\/{rel}","templated":true}]}}