{"id":98567,"date":"2021-02-21T22:21:49","date_gmt":"2021-02-21T22:21:49","guid":{"rendered":"https:\/\/www.autonvaraosahaku.fi\/?product=valeo-585635-ilmansuodatin"},"modified":"2021-02-21T22:21:56","modified_gmt":"2021-02-21T22:21:56","slug":"valeo-585635-ilmansuodatin","status":"publish","type":"product","link":"https:\/\/www.autonvaraosahaku.fi\/?product=valeo-585635-ilmansuodatin","title":{"rendered":"VALEO 585635 Ilmansuodatin"},"content":{"rendered":"<p>Ulkol\u00e4pimitta [mm]: 131; Sis\u00e4l\u00e4pimitta 1 [mm]: 89; Sis\u00e4l\u00e4pimitta 2 [mm]: 89; Korkeus (mm): 175; Muoto: Py\u00f6re\u00e4; Paino [kg]: 0,32; Moottorinumero: 810.7.25,810.7.28; VOLVO: 340-360 343, 345,66,340-360 Stufenheck 344,66 Kombi; DACIA: 1310 Stufenheck U, X,1300; RENAULT: SUPER 5 B\/C40_,5 122_,TRAFIC Kasten TXX,9 L42_,TRAFIC Bus TXW,12,11 B\/C37_,16 115_,TRAFIC Kasten T1, T3, T4,TRAFIC Bus T5, T6, T7,18 134_,17,18 Variable 135_,FUEGO 136_,12 Variable 117_,ESTAFETTE 213_,TRAFIC Pritsche\/Fahrgestell P6,TRAFIC Pritsche\/Fahrgestell PXX,15 130_,12 Kasten; ARO: 10; ASTON MARTIN: V8 Vantage; DAF: 55 Kombi,66; 9508147, 1444P0, 224785, 1498434, 5001217, 5002463, 5006950, 5011880, 5014768, 5018498, 870X9601BCA, A740X9601ABA, A760X9601DA, A800X9601TA, A830X9601DFA, A850X9601HA, 0860038900, 7701001494, 7701001499, 7701348115, 860038900, 0860038900, 7701001494, 7701005514, 860038900, 3100127, 31001274<\/p>\n","protected":false},"excerpt":{"rendered":"<p>VALEO Ilmansuodatin 585635  VOLVO,DACIA,RENAULT,340-360 343, 345,66,340-360 Stufenheck 344,66 Kombi,1310 Stufenheck U, X,1300,SUPER 5 B\/C40_,5 122_<\/p>\n","protected":false},"featured_media":0,"template":"","meta":{"site-sidebar-layout":"default","site-content-layout":"default","ast-global-header-display":"","ast-main-header-display":"","ast-hfb-above-header-display":"","ast-hfb-below-header-display":"","ast-hfb-mobile-header-display":"","site-post-title":"","ast-breadcrumbs-content":"","ast-featured-img":"","footer-sml-layout":"","theme-transparent-header-meta":"","adv-header-id-meta":"","stick-header-meta":"","header-above-stick-meta":"","header-main-stick-meta":"","header-below-stick-meta":""},"pwb-brand":[28],"product_cat":[31],"product_tag":[],"class_list":{"0":"post-98567","1":"product","2":"type-product","3":"status-publish","5":"pwb-brand-valeo","6":"product_cat-ilmansuodatin","7":"desktop-align-left","8":"tablet-align-left","9":"mobile-align-left","11":"first","12":"instock","13":"product-type-external"},"brands":[{"id":28,"name":"VALEO","slug":"valeo"}],"_links":{"self":[{"href":"https:\/\/www.autonvaraosahaku.fi\/index.php?rest_route=\/wp\/v2\/product\/98567","targetHints":{"allow":["GET"]}}],"collection":[{"href":"https:\/\/www.autonvaraosahaku.fi\/index.php?rest_route=\/wp\/v2\/product"}],"about":[{"href":"https:\/\/www.autonvaraosahaku.fi\/index.php?rest_route=\/wp\/v2\/types\/product"}],"wp:attachment":[{"href":"https:\/\/www.autonvaraosahaku.fi\/index.php?rest_route=%2Fwp%2Fv2%2Fmedia&parent=98567"}],"wp:term":[{"taxonomy":"pwb-brand","embeddable":true,"href":"https:\/\/www.autonvaraosahaku.fi\/index.php?rest_route=%2Fwp%2Fv2%2Fpwb-brand&post=98567"},{"taxonomy":"product_cat","embeddable":true,"href":"https:\/\/www.autonvaraosahaku.fi\/index.php?rest_route=%2Fwp%2Fv2%2Fproduct_cat&post=98567"},{"taxonomy":"product_tag","embeddable":true,"href":"https:\/\/www.autonvaraosahaku.fi\/index.php?rest_route=%2Fwp%2Fv2%2Fproduct_tag&post=98567"}],"curies":[{"name":"wp","href":"https:\/\/api.w.org\/{rel}","templated":true}]}}