{"id":98568,"date":"2021-02-21T22:21:49","date_gmt":"2021-02-21T22:21:49","guid":{"rendered":"https:\/\/www.autonvaraosahaku.fi\/?product=optimal-bs-1480-jarrulevyt"},"modified":"2021-02-21T22:21:56","modified_gmt":"2021-02-21T22:21:56","slug":"optimal-bs-1480-jarrulevyt","status":"publish","type":"product","link":"https:\/\/www.autonvaraosahaku.fi\/?product=optimal-bs-1480-jarrulevyt","title":{"rendered":"OPTIMAL BS-1480 Jarrulevyt"},"content":{"rendered":"<p>Asennuspuoli: Taka-akseli; Jarrulevytyyppi: Vakiomalli; Jarrulevyn paksuus (mm): 9; Ulkol\u00e4pimitta [mm]: 250,5; Korkeus (mm): 34,5; keskitt\u00e4misl\u00e4pimitta [mm]: 55; V\u00e4himm\u00e4ispaksuus (mm): 8; Reik\u00e4kuvio\/-m\u00e4\u00e4r\u00e4: 4\/7; Nokka-akseli: DOHC; MAZDA: MX-5 II NB,MX-5 I NA,MX-3 EC,323 C IV BG,FAMILIA IV BF,FAMILIA IV BG; BB4C26251, BB4C26251B, BB4C26251C, BR7426251A, BR7426251E; Jarrulevy<\/p>\n","protected":false},"excerpt":{"rendered":"<p>OPTIMAL Jarrulevyt BS-1480 Jarrulevy MAZDA,MX-5 II NB,MX-5 I NA,MX-3 EC,323 C IV BG,FAMILIA IV BF,FAMILIA IV BG<\/p>\n","protected":false},"featured_media":0,"template":"","meta":{"site-sidebar-layout":"default","site-content-layout":"default","ast-global-header-display":"","ast-main-header-display":"","ast-hfb-above-header-display":"","ast-hfb-below-header-display":"","ast-hfb-mobile-header-display":"","site-post-title":"","ast-breadcrumbs-content":"","ast-featured-img":"","footer-sml-layout":"","theme-transparent-header-meta":"","adv-header-id-meta":"","stick-header-meta":"","header-above-stick-meta":"","header-main-stick-meta":"","header-below-stick-meta":""},"pwb-brand":[307],"product_cat":[66],"product_tag":[],"class_list":{"0":"post-98568","1":"product","2":"type-product","3":"status-publish","5":"pwb-brand-optimal","6":"product_cat-jarrulevyt","7":"desktop-align-left","8":"tablet-align-left","9":"mobile-align-left","11":"first","12":"instock","13":"product-type-external"},"brands":[{"id":307,"name":"OPTIMAL","slug":"optimal"}],"_links":{"self":[{"href":"https:\/\/www.autonvaraosahaku.fi\/index.php?rest_route=\/wp\/v2\/product\/98568","targetHints":{"allow":["GET"]}}],"collection":[{"href":"https:\/\/www.autonvaraosahaku.fi\/index.php?rest_route=\/wp\/v2\/product"}],"about":[{"href":"https:\/\/www.autonvaraosahaku.fi\/index.php?rest_route=\/wp\/v2\/types\/product"}],"wp:attachment":[{"href":"https:\/\/www.autonvaraosahaku.fi\/index.php?rest_route=%2Fwp%2Fv2%2Fmedia&parent=98568"}],"wp:term":[{"taxonomy":"pwb-brand","embeddable":true,"href":"https:\/\/www.autonvaraosahaku.fi\/index.php?rest_route=%2Fwp%2Fv2%2Fpwb-brand&post=98568"},{"taxonomy":"product_cat","embeddable":true,"href":"https:\/\/www.autonvaraosahaku.fi\/index.php?rest_route=%2Fwp%2Fv2%2Fproduct_cat&post=98568"},{"taxonomy":"product_tag","embeddable":true,"href":"https:\/\/www.autonvaraosahaku.fi\/index.php?rest_route=%2Fwp%2Fv2%2Fproduct_tag&post=98568"}],"curies":[{"name":"wp","href":"https:\/\/api.w.org\/{rel}","templated":true}]}}