{"id":98577,"date":"2021-02-21T22:21:57","date_gmt":"2021-02-21T22:21:57","guid":{"rendered":"https:\/\/www.autonvaraosahaku.fi\/?product=jurid-571985j-jarrupalat"},"modified":"2021-02-21T22:22:00","modified_gmt":"2021-02-21T22:22:00","slug":"jurid-571985j-jarrupalat","status":"publish","type":"product","link":"https:\/\/www.autonvaraosahaku.fi\/?product=jurid-571985j-jarrupalat","title":{"rendered":"JURID 571985J Jarrupalat"},"content":{"rendered":"<p>Laatu: 291; Paksuus [mm]: 19,7; Tarkistuskilpi: R90 Homologated; Pituus (mm): 146; Paino [kg]: 1,7; Korkeus 1 (mm): 55; Kulumisenilmaisimen liitos: Ei kulumisenilmaisimelle; Lis\u00e4tarvike\/lis\u00e4tieto: Ilman tarvikkeita; Jarruj\u00e4rjestelm\u00e4: ATE; Pakkaustyyppi: Laatikko; WVA-numero: 23130, 23131; Pakkauspituus [cm]: 20,6; Pakkausleveys [cm]: 12,2; Pakkauskorkeus [mm]: 7,8; M\u00e4\u00e4r\u00e4yksikk\u00f6: Akselisarja; Asennuspuoli: Vorderachse; VW: GOLF IV 1J1,POLO 9N_,POLO 6R, 6C,GOLF IV Variant 1J5,FOX 5Z1, 5Z3,UP,POLO CLASSIC 6KV2,JETTA IV 162, 163,POLO Stufenheck,POLO Stufenheck 9A4,POLO Stufenheck 9N4,POLO Van 6R,POLO AW1, BZ1,LOAD UP; AUDI: A3 8L1,A1 8X1, 8XF,A1 Sportback 8XA, 8XK; SKODA: FABIA Combi 6Y5,FABIA,FABIA 6Y2,OCTAVIA Combi 1U5,FABIA Combi,ROOMSTER 5J,OCTAVIA 1U2,CITIGO,RAPID Spaceback NH1,FABIA Stufenheck 6Y3,ROOMSTER Praktik 5J,RAPID NH3,FABIA Praktik,FABIA NJ3,FABIA Kombi NJ5; SEAT: IBIZA IV 6L1,IBIZA V 6J5, 6P5,LEON 1M1,IBIZA V ST 6J8, 6P8,Mii KF1_,TOLEDO II 1M2,IBIZA V SPORTCOUPE 6J1, 6P1,CORDOBA 6L2,TOLEDO IV KG3,IBIZA V KJ1; 1J0698151, 1J0698151A, 1J0698151B, 1J0698151J, 1JO698151, 1S0698151A, 2Q0698151, 6C0698151, 6R0698151A, 1J0698151, 1J0698151A, 1J0698151B, 1J0698151H, 1J0698151J, 1S0698151A, 1S0698151B, 1S0698151C, 2Q0698151, 2Q0698151A, 5C0698151, 6C0698151, 6C0698151B, 6Q0698151, 6R0698151A, JZW698151A, 1J0698151, 1J0698151A, 1J0698151B, 1J0698151H, 1J0698151J, 1S0698151A, 1S0698151B, 1S0698151C, 5C0698151, 6C0698151, 6C0698151B, 6Q0698151, 6R0698151A, JZW698151, JZW698151A, 1J0698151, 1J0698151A, 1J0698151B, 1J0698151C, 1J0698151J, 1JE698151B, 1S0698151, 1S0698151A, 1S0698151B, 1S0698151C, 2Q0698151, 5C0698151, 5C0698151A, 5Z0698151A, 6c0698151, 6C0698151A, 6C0698151B, 6C0698151C, 6Q0698151, 6R0698151A, JZW698151, JZW698151A, JZW698151AF; Jarrupalasarja,Jarrupala, Levyjarru<\/p>\n","protected":false},"excerpt":{"rendered":"<p>JURID Jarrupalat 571985J Jarrupalasarja,Jarrupala, Levyjarru VW,AUDI,SKODA,GOLF IV 1J1,POLO 9N_,POLO 6R, 6C,GOLF IV Variant 1J5,FOX 5Z1, 5Z3,UP<\/p>\n","protected":false},"featured_media":0,"template":"","meta":{"site-sidebar-layout":"default","site-content-layout":"default","ast-global-header-display":"","ast-main-header-display":"","ast-hfb-above-header-display":"","ast-hfb-below-header-display":"","ast-hfb-mobile-header-display":"","site-post-title":"","ast-breadcrumbs-content":"","ast-featured-img":"","footer-sml-layout":"","theme-transparent-header-meta":"","adv-header-id-meta":"","stick-header-meta":"","header-above-stick-meta":"","header-main-stick-meta":"","header-below-stick-meta":""},"pwb-brand":[247],"product_cat":[100],"product_tag":[],"class_list":{"0":"post-98577","1":"product","2":"type-product","3":"status-publish","5":"pwb-brand-jurid","6":"product_cat-jarrupalat","7":"desktop-align-left","8":"tablet-align-left","9":"mobile-align-left","11":"first","12":"instock","13":"product-type-external"},"brands":[{"id":247,"name":"JURID","slug":"jurid"}],"_links":{"self":[{"href":"https:\/\/www.autonvaraosahaku.fi\/index.php?rest_route=\/wp\/v2\/product\/98577","targetHints":{"allow":["GET"]}}],"collection":[{"href":"https:\/\/www.autonvaraosahaku.fi\/index.php?rest_route=\/wp\/v2\/product"}],"about":[{"href":"https:\/\/www.autonvaraosahaku.fi\/index.php?rest_route=\/wp\/v2\/types\/product"}],"wp:attachment":[{"href":"https:\/\/www.autonvaraosahaku.fi\/index.php?rest_route=%2Fwp%2Fv2%2Fmedia&parent=98577"}],"wp:term":[{"taxonomy":"pwb-brand","embeddable":true,"href":"https:\/\/www.autonvaraosahaku.fi\/index.php?rest_route=%2Fwp%2Fv2%2Fpwb-brand&post=98577"},{"taxonomy":"product_cat","embeddable":true,"href":"https:\/\/www.autonvaraosahaku.fi\/index.php?rest_route=%2Fwp%2Fv2%2Fproduct_cat&post=98577"},{"taxonomy":"product_tag","embeddable":true,"href":"https:\/\/www.autonvaraosahaku.fi\/index.php?rest_route=%2Fwp%2Fv2%2Fproduct_tag&post=98577"}],"curies":[{"name":"wp","href":"https:\/\/api.w.org\/{rel}","templated":true}]}}