{"id":98583,"date":"2021-02-21T22:21:57","date_gmt":"2021-02-21T22:21:57","guid":{"rendered":"https:\/\/www.autonvaraosahaku.fi\/?product=herthbuss-elparts-70580068-muut-luokat"},"modified":"2021-02-21T22:22:03","modified_gmt":"2021-02-21T22:22:03","slug":"herthbuss-elparts-70580068-muut-luokat","status":"publish","type":"product","link":"https:\/\/www.autonvaraosahaku.fi\/?product=herthbuss-elparts-70580068-muut-luokat","title":{"rendered":"HERTH+BUSS ELPARTS 70580068 Muut luokat"},"content":{"rendered":"<p>Liittimet: 1 x 6,3 mm; Asennusmalli: Poltti\/ruuvi; Asennussyvyys (mm): 26; Reikien m\u00e4\u00e4r\u00e4: 1; Asennusl\u00e4pimitta [mm]: 10; Kuormitusraja 12V: 3,5A; Valmistusvuosi alkaen: 08\/1981; BMW: 3 E30,7 E23; FORD: ESCORT IV Cabriolet ALF,ESCORT IV GAF, AWF, ABFT,SCORPIO I GAE, GGE,CAPRI III GECP,SIERRA Schr\u00e4gheck GBC,ESCORT II ATH,ESCORT III GAA,GRANADA GU,ESCORT III Cabriolet ALD,CAPRI II GECP,SIERRA Kombi BNC,ORION II AFF,GRANADA Kombi GNU,ESCORT IV Kombi AWF, AVF,GRANADA GGTL, GGFL,ORION III GAL,ESCORT II Kombi,ESCORT III Kombi AWA,ORION I AFD,GRANADA Kombi GGNL; 1362792, 1368430, 13684304, 61311362792, 61311368430, 613113684304, 1647770, 85AG13713AB, 85AG13713AC, 0008200354, 1240203, 1240214, 1240221, 90057063, 90087763, 90413786, 1240203, 1240214, 1240221, 90057063, 90087763, 90413786<\/p>\n","protected":false},"excerpt":{"rendered":"<p>HERTH+BUSS ELPARTS Ovikytkin 70580068  BMW,FORD,3 E30,7 E23,ESCORT IV Cabriolet ALF,ESCORT IV GAF, AWF, ABFT,SCORPIO I GAE, GGE,CAPRI III GECP<\/p>\n","protected":false},"featured_media":0,"template":"","meta":{"site-sidebar-layout":"default","site-content-layout":"default","ast-global-header-display":"","ast-main-header-display":"","ast-hfb-above-header-display":"","ast-hfb-below-header-display":"","ast-hfb-mobile-header-display":"","site-post-title":"","ast-breadcrumbs-content":"","ast-featured-img":"","footer-sml-layout":"","theme-transparent-header-meta":"","adv-header-id-meta":"","stick-header-meta":"","header-above-stick-meta":"","header-main-stick-meta":"","header-below-stick-meta":""},"pwb-brand":[232],"product_cat":[37],"product_tag":[],"class_list":{"0":"post-98583","1":"product","2":"type-product","3":"status-publish","5":"pwb-brand-herthbuss-elparts","6":"product_cat-muut-luokat","7":"desktop-align-left","8":"tablet-align-left","9":"mobile-align-left","11":"first","12":"instock","13":"product-type-external"},"brands":[{"id":232,"name":"HERTH+BUSS ELPARTS","slug":"herthbuss-elparts"}],"_links":{"self":[{"href":"https:\/\/www.autonvaraosahaku.fi\/index.php?rest_route=\/wp\/v2\/product\/98583","targetHints":{"allow":["GET"]}}],"collection":[{"href":"https:\/\/www.autonvaraosahaku.fi\/index.php?rest_route=\/wp\/v2\/product"}],"about":[{"href":"https:\/\/www.autonvaraosahaku.fi\/index.php?rest_route=\/wp\/v2\/types\/product"}],"wp:attachment":[{"href":"https:\/\/www.autonvaraosahaku.fi\/index.php?rest_route=%2Fwp%2Fv2%2Fmedia&parent=98583"}],"wp:term":[{"taxonomy":"pwb-brand","embeddable":true,"href":"https:\/\/www.autonvaraosahaku.fi\/index.php?rest_route=%2Fwp%2Fv2%2Fpwb-brand&post=98583"},{"taxonomy":"product_cat","embeddable":true,"href":"https:\/\/www.autonvaraosahaku.fi\/index.php?rest_route=%2Fwp%2Fv2%2Fproduct_cat&post=98583"},{"taxonomy":"product_tag","embeddable":true,"href":"https:\/\/www.autonvaraosahaku.fi\/index.php?rest_route=%2Fwp%2Fv2%2Fproduct_tag&post=98583"}],"curies":[{"name":"wp","href":"https:\/\/api.w.org\/{rel}","templated":true}]}}