{"id":98584,"date":"2021-02-21T22:21:57","date_gmt":"2021-02-21T22:21:57","guid":{"rendered":"https:\/\/www.autonvaraosahaku.fi\/?product=vaico-v10-4239-iskunvaimennin"},"modified":"2021-02-21T22:22:03","modified_gmt":"2021-02-21T22:22:03","slug":"vaico-v10-4239-iskunvaimennin","status":"publish","type":"product","link":"https:\/\/www.autonvaraosahaku.fi\/?product=vaico-v10-4239-iskunvaimennin","title":{"rendered":"VAICO V10-4239 Iskunvaimennin"},"content":{"rendered":"<p>Iskunvaimennin asennustapa: Silmukka alhaalla, Tappi ylh\u00e4\u00e4ll\u00e4; Asennuspuoli: Taka-akseli; Iskunvaimennin tyyppi: Kaasupaine; Paino [kg]: 2,69; Pakkausleveys [cm]: 12,5; Pakkauskorkeus [mm]: 12,5; Pakkaussyvyys [cm]: 58; Ei varustelumuunnoksille: Variant; VW: POLO 6N2,POLO 6N1,POLO Variant 6KV5,POLO CLASSIC 6KV2; SEAT: IBIZA II 6K1,CORDOBA 6K1, 6K2,CORDOBA Vario 6K1; 6N0513031L, 191513033P, 1H0513035, 6K0313031H, 6K0313031L, 6K0313031P, 6K0313031T, 6K0513031, 6K0513031B, 6K0513031D, 6K0513031F, 6K0513031G, 6K0513031J, 6K0513031K, 6K0513031R, 6K0513033A, 6K0513033B, 6K0513033D, 6K0513033F, 6N0513031A, 6N0513031E, 6N0513031G, 6N0513031H, 6N0513031L, 6N0513031P, 6N0513031T, 191513033P, 1H0513035, 6K0513031, 6K0513031B, 6K0513031D, 6K0513031F, 6K0513031G, 6K0513031J, 6K0513031K, 6K0513031R, 6K0513033A, 6K0513033B, 6K0513033D, 6N0513031A, 6N0513031E, 6N0513031G, 6N0513031H, 6N0513031L, 6N0513031P, 6N0513031T, 191513033N, 191513033P, 1H0513035, 6K0313031H, 6K0313031L, 6K0313031P, 6K0313031T, 6K0513031, 6K0513031B, 6K0513031D, 6K0513031F, 6K0513031G, 6K0513031J, 6K0513031K, 6K0513031R, 6K0513033A, 6K0513033B, 6K0513033D, 6N0513031A, 6N0513031E, 6N0513031G, 6N0513031H, 6N0513031L, 6N0513031P, 6N0513031T; Iskarit,Iskunvaimennin<\/p>\n","protected":false},"excerpt":{"rendered":"<p>VAICO Iskunvaimentimet V10-4239 Iskarit,Iskunvaimennin VW,SEAT,POLO 6N2,POLO 6N1,POLO Variant 6KV5,POLO CLASSIC 6KV2,IBIZA II 6K1,CORDOBA 6K1, 6K2<\/p>\n","protected":false},"featured_media":0,"template":"","meta":{"site-sidebar-layout":"default","site-content-layout":"default","ast-global-header-display":"","ast-main-header-display":"","ast-hfb-above-header-display":"","ast-hfb-below-header-display":"","ast-hfb-mobile-header-display":"","site-post-title":"","ast-breadcrumbs-content":"","ast-featured-img":"","footer-sml-layout":"","theme-transparent-header-meta":"","adv-header-id-meta":"","stick-header-meta":"","header-above-stick-meta":"","header-main-stick-meta":"","header-below-stick-meta":""},"pwb-brand":[330],"product_cat":[80],"product_tag":[],"class_list":{"0":"post-98584","1":"product","2":"type-product","3":"status-publish","5":"pwb-brand-vaico","6":"product_cat-iskunvaimennin","7":"desktop-align-left","8":"tablet-align-left","9":"mobile-align-left","11":"first","12":"instock","13":"product-type-external"},"brands":[{"id":330,"name":"VAICO","slug":"vaico"}],"_links":{"self":[{"href":"https:\/\/www.autonvaraosahaku.fi\/index.php?rest_route=\/wp\/v2\/product\/98584","targetHints":{"allow":["GET"]}}],"collection":[{"href":"https:\/\/www.autonvaraosahaku.fi\/index.php?rest_route=\/wp\/v2\/product"}],"about":[{"href":"https:\/\/www.autonvaraosahaku.fi\/index.php?rest_route=\/wp\/v2\/types\/product"}],"wp:attachment":[{"href":"https:\/\/www.autonvaraosahaku.fi\/index.php?rest_route=%2Fwp%2Fv2%2Fmedia&parent=98584"}],"wp:term":[{"taxonomy":"pwb-brand","embeddable":true,"href":"https:\/\/www.autonvaraosahaku.fi\/index.php?rest_route=%2Fwp%2Fv2%2Fpwb-brand&post=98584"},{"taxonomy":"product_cat","embeddable":true,"href":"https:\/\/www.autonvaraosahaku.fi\/index.php?rest_route=%2Fwp%2Fv2%2Fproduct_cat&post=98584"},{"taxonomy":"product_tag","embeddable":true,"href":"https:\/\/www.autonvaraosahaku.fi\/index.php?rest_route=%2Fwp%2Fv2%2Fproduct_tag&post=98584"}],"curies":[{"name":"wp","href":"https:\/\/api.w.org\/{rel}","templated":true}]}}