{"id":98591,"date":"2021-02-21T22:22:06","date_gmt":"2021-02-21T22:22:06","guid":{"rendered":"https:\/\/www.autonvaraosahaku.fi\/?product=hella-6zf-008-621-571-peruutusvalon-kytkin"},"modified":"2021-02-21T22:22:07","modified_gmt":"2021-02-21T22:22:07","slug":"hella-6zf-008-621-571-peruutusvalon-kytkin","status":"publish","type":"product","link":"https:\/\/www.autonvaraosahaku.fi\/?product=hella-6zf-008-621-571-peruutusvalon-kytkin","title":{"rendered":"HELLA 6ZF 008 621-571 Peruutusvalon kytkin"},"content":{"rendered":"<p>Asennusmalli: Poltti\/ruuvi; Nimellisj\u00e4nnite (V): 12; Liittimi\u00e4: 2; Kierremitta: M 16 x 1; Yhdistelm\u00e4kytkintoiminto: Sulkija; Avainv\u00e4li: 22; Vaihteistomalli: MTX75; MAZDA: 3 BK,3 Stufenheck BK; VOLVO: V50 MW,V70 III BW,C30,S40 II MS,S80 II AS; JAGUAR: X-TYPE CF1,X-TYPE Estate; FORD: MONDEO III Kombi BWY,FOCUS II Kombi DA_,MONDEO IV Turnier BA7,FOCUS Kombi DNW,FOCUS II DA_,FOCUS DAW, DBW,S-MAX WA6,FOCUS III Turnier,FOCUS C-MAX,GALAXY WA6,MONDEO III B5Y,C-MAX DM2,FOCUS III,MONDEO IV BA7,MONDEO III Stufenheck B4Y,FOCUS Stufenheck DFW,MONDEO II Kombi BNP,TRANSIT CONNECT P65_, P70_, P80_,FOCUS II Stufenheck DA_,FOCUS II Cabriolet,COUGAR EC_,MONDEO II BAP,TOURNEO CONNECT,FOCUS III Stufenheck,MONDEO IV Stufenheck BA7,MONDEO II Stufenheck BFP,TOURNEO CONNECT \/ GRAND TOURNEO CONNECT Kombi,TRANSIT CONNECT Kasten,TRANSIT CONNECT Kombi; 1433084, 1441361, 1803502, 6M2T15520AA, CM5T15520AA, XS4T15520AA, XS4T15520AB, C2S22710, C2S44848, JC0117640, JC0117640A, JC0117640B, 30774465; Peruutusvalokytkin,Kytkin, Peruutusvalo<\/p>\n","protected":false},"excerpt":{"rendered":"<p>HELLA Peruutusvalon Kytkin 6ZF 008 621-571 Peruutusvalokytkin,Kytkin, Peruutusvalo MAZDA,VOLVO,JAGUAR,3 BK,3 Stufenheck BK,V50 MW,V70 III BW,C30<\/p>\n","protected":false},"featured_media":0,"template":"","meta":{"site-sidebar-layout":"default","site-content-layout":"default","ast-global-header-display":"","ast-main-header-display":"","ast-hfb-above-header-display":"","ast-hfb-below-header-display":"","ast-hfb-mobile-header-display":"","site-post-title":"","ast-breadcrumbs-content":"","ast-featured-img":"","footer-sml-layout":"","theme-transparent-header-meta":"","adv-header-id-meta":"","stick-header-meta":"","header-above-stick-meta":"","header-main-stick-meta":"","header-below-stick-meta":""},"pwb-brand":[24],"product_cat":[116],"product_tag":[],"class_list":{"0":"post-98591","1":"product","2":"type-product","3":"status-publish","5":"pwb-brand-hella","6":"product_cat-peruutusvalon-kytkin","7":"desktop-align-left","8":"tablet-align-left","9":"mobile-align-left","11":"first","12":"instock","13":"product-type-external"},"brands":[{"id":24,"name":"HELLA","slug":"hella"}],"_links":{"self":[{"href":"https:\/\/www.autonvaraosahaku.fi\/index.php?rest_route=\/wp\/v2\/product\/98591","targetHints":{"allow":["GET"]}}],"collection":[{"href":"https:\/\/www.autonvaraosahaku.fi\/index.php?rest_route=\/wp\/v2\/product"}],"about":[{"href":"https:\/\/www.autonvaraosahaku.fi\/index.php?rest_route=\/wp\/v2\/types\/product"}],"wp:attachment":[{"href":"https:\/\/www.autonvaraosahaku.fi\/index.php?rest_route=%2Fwp%2Fv2%2Fmedia&parent=98591"}],"wp:term":[{"taxonomy":"pwb-brand","embeddable":true,"href":"https:\/\/www.autonvaraosahaku.fi\/index.php?rest_route=%2Fwp%2Fv2%2Fpwb-brand&post=98591"},{"taxonomy":"product_cat","embeddable":true,"href":"https:\/\/www.autonvaraosahaku.fi\/index.php?rest_route=%2Fwp%2Fv2%2Fproduct_cat&post=98591"},{"taxonomy":"product_tag","embeddable":true,"href":"https:\/\/www.autonvaraosahaku.fi\/index.php?rest_route=%2Fwp%2Fv2%2Fproduct_tag&post=98591"}],"curies":[{"name":"wp","href":"https:\/\/api.w.org\/{rel}","templated":true}]}}