{"id":98614,"date":"2021-02-21T22:22:14","date_gmt":"2021-02-21T22:22:14","guid":{"rendered":"https:\/\/www.autonvaraosahaku.fi\/?product=skf-vkba-7536-pyoranlaakerit"},"modified":"2021-02-21T22:22:16","modified_gmt":"2021-02-21T22:22:16","slug":"skf-vkba-7536-pyoranlaakerit","status":"publish","type":"product","link":"https:\/\/www.autonvaraosahaku.fi\/?product=skf-vkba-7536-pyoranlaakerit","title":{"rendered":"SKF VKBA 7536 Py\u00f6r\u00e4nlaakerit"},"content":{"rendered":"<p>Leveys (mm): 45; Sis\u00e4l\u00e4pimitta [mm]: 42; Ulkol\u00e4pimitta [mm]: 80; Korvaava tuote\/korvaava tiedote 2: integroidulla ABS-sensorilla; Asennuspuoli: Vorderachse; MAZDA: 5 CR19,3 BK,6 Kombi GH,3 BL,5 CW,6 Schr\u00e4gheck GH,3 Stufenheck BK,6 GH,3 Stufenheck BL; BBM233047, BP4L33047A, BP4L33047B, C23626151A, C23626151B, C23626151C, C23626151D, GS1D33047, GS1D33047A, GS1D33047B, GS1D33047C; Py\u00f6r\u00e4nlaakerisarja<\/p>\n","protected":false},"excerpt":{"rendered":"<p>SKF Py\u00f6r\u00e4nlaakerit VKBA 7536 Py\u00f6r\u00e4nlaakerisarja MAZDA,5 CR19,3 BK,6 Kombi GH,3 BL,5 CW,6 Schr\u00e4gheck GH,3 Stufenheck BK,6 GH,3 Stufenheck BL<\/p>\n","protected":false},"featured_media":0,"template":"","meta":{"site-sidebar-layout":"default","site-content-layout":"default","ast-global-header-display":"","ast-main-header-display":"","ast-hfb-above-header-display":"","ast-hfb-below-header-display":"","ast-hfb-mobile-header-display":"","site-post-title":"","ast-breadcrumbs-content":"","ast-featured-img":"","footer-sml-layout":"","theme-transparent-header-meta":"","adv-header-id-meta":"","stick-header-meta":"","header-above-stick-meta":"","header-main-stick-meta":"","header-below-stick-meta":""},"pwb-brand":[237],"product_cat":[83],"product_tag":[],"class_list":{"0":"post-98614","1":"product","2":"type-product","3":"status-publish","5":"pwb-brand-skf","6":"product_cat-pyoranlaakerit","7":"desktop-align-left","8":"tablet-align-left","9":"mobile-align-left","11":"first","12":"instock","13":"product-type-external"},"brands":[{"id":237,"name":"SKF","slug":"skf"}],"_links":{"self":[{"href":"https:\/\/www.autonvaraosahaku.fi\/index.php?rest_route=\/wp\/v2\/product\/98614","targetHints":{"allow":["GET"]}}],"collection":[{"href":"https:\/\/www.autonvaraosahaku.fi\/index.php?rest_route=\/wp\/v2\/product"}],"about":[{"href":"https:\/\/www.autonvaraosahaku.fi\/index.php?rest_route=\/wp\/v2\/types\/product"}],"wp:attachment":[{"href":"https:\/\/www.autonvaraosahaku.fi\/index.php?rest_route=%2Fwp%2Fv2%2Fmedia&parent=98614"}],"wp:term":[{"taxonomy":"pwb-brand","embeddable":true,"href":"https:\/\/www.autonvaraosahaku.fi\/index.php?rest_route=%2Fwp%2Fv2%2Fpwb-brand&post=98614"},{"taxonomy":"product_cat","embeddable":true,"href":"https:\/\/www.autonvaraosahaku.fi\/index.php?rest_route=%2Fwp%2Fv2%2Fproduct_cat&post=98614"},{"taxonomy":"product_tag","embeddable":true,"href":"https:\/\/www.autonvaraosahaku.fi\/index.php?rest_route=%2Fwp%2Fv2%2Fproduct_tag&post=98614"}],"curies":[{"name":"wp","href":"https:\/\/api.w.org\/{rel}","templated":true}]}}