{"id":98622,"date":"2021-02-21T22:22:14","date_gmt":"2021-02-21T22:22:14","guid":{"rendered":"https:\/\/www.autonvaraosahaku.fi\/?product=sasic-2254003-tukivarren-hela"},"modified":"2021-02-21T22:22:19","modified_gmt":"2021-02-21T22:22:19","slug":"sasic-2254003-tukivarren-hela","status":"publish","type":"product","link":"https:\/\/www.autonvaraosahaku.fi\/?product=sasic-2254003-tukivarren-hela","title":{"rendered":"SASIC 2254003 Tukivarren hela"},"content":{"rendered":"<p>Asennuspuoli: etuakseli molemminpuoleinen, Takana, Alla; Ohjausmalli: Kolmiotukivarsi (KA\/LA); Sis\u00e4l\u00e4pimitta [mm]: 12,5; Ulkol\u00e4pimitta [mm]: 58; Pituus, sis\u00e4 (mm): 53; Pituus, ulko (mm): 29,5; OE-numerolle: Part\/oe 545045743R; MERCEDES-BENZ: CITAN Kasten 415,CITAN Kombi 415; RENAULT: SC\u00c9NIC II JM0\/1_,MEGANE II Kombi KM0\/1_,MEGANE II Coup\u00e9-Cabriolet EM0\/1_,MEGANE II BM0\/1_, CM0\/1_,KANGOO \/ GRAND KANGOO KW0\/1_,GRAND SC\u00c9NIC II JM0\/1_,CAPTUR,KANGOO Express FW0\/1_,MEGANE II Stufenheck LM0\/1_,KANGOO BE BOP KW0\/1_; 4153300200, 4153300300, 545003037R, 545009769R, 545013698R, 545017775R, 545040131R, 545041327R, 545045476R, 545045743R, 545047957R, 545052737R, 545053170R, 545055208R, 545055708R, 545059335R, 8200255760, 8200255761, 8200298454, 8200298455, 8200457208, 8200457209, 8200586561, 8200586567, 8200586570, 8200679063, 8200679067<\/p>\n","protected":false},"excerpt":{"rendered":"<p>SASIC Tukivarren Hela 2254003  MERCEDES-BENZ,RENAULT,CITAN Kasten 415,CITAN Kombi 415,SC\u00c9NIC II JM0\/1_,MEGANE II Kombi KM0\/1_<\/p>\n","protected":false},"featured_media":0,"template":"","meta":{"site-sidebar-layout":"default","site-content-layout":"default","ast-global-header-display":"","ast-main-header-display":"","ast-hfb-above-header-display":"","ast-hfb-below-header-display":"","ast-hfb-mobile-header-display":"","site-post-title":"","ast-breadcrumbs-content":"","ast-featured-img":"","footer-sml-layout":"","theme-transparent-header-meta":"","adv-header-id-meta":"","stick-header-meta":"","header-above-stick-meta":"","header-main-stick-meta":"","header-below-stick-meta":""},"pwb-brand":[110],"product_cat":[115],"product_tag":[],"class_list":{"0":"post-98622","1":"product","2":"type-product","3":"status-publish","5":"pwb-brand-sasic","6":"product_cat-tukivarren-hela","7":"desktop-align-left","8":"tablet-align-left","9":"mobile-align-left","11":"first","12":"instock","13":"product-type-external"},"brands":[{"id":110,"name":"SASIC","slug":"sasic"}],"_links":{"self":[{"href":"https:\/\/www.autonvaraosahaku.fi\/index.php?rest_route=\/wp\/v2\/product\/98622","targetHints":{"allow":["GET"]}}],"collection":[{"href":"https:\/\/www.autonvaraosahaku.fi\/index.php?rest_route=\/wp\/v2\/product"}],"about":[{"href":"https:\/\/www.autonvaraosahaku.fi\/index.php?rest_route=\/wp\/v2\/types\/product"}],"wp:attachment":[{"href":"https:\/\/www.autonvaraosahaku.fi\/index.php?rest_route=%2Fwp%2Fv2%2Fmedia&parent=98622"}],"wp:term":[{"taxonomy":"pwb-brand","embeddable":true,"href":"https:\/\/www.autonvaraosahaku.fi\/index.php?rest_route=%2Fwp%2Fv2%2Fpwb-brand&post=98622"},{"taxonomy":"product_cat","embeddable":true,"href":"https:\/\/www.autonvaraosahaku.fi\/index.php?rest_route=%2Fwp%2Fv2%2Fproduct_cat&post=98622"},{"taxonomy":"product_tag","embeddable":true,"href":"https:\/\/www.autonvaraosahaku.fi\/index.php?rest_route=%2Fwp%2Fv2%2Fproduct_tag&post=98622"}],"curies":[{"name":"wp","href":"https:\/\/api.w.org\/{rel}","templated":true}]}}