{"id":98624,"date":"2021-02-21T22:22:14","date_gmt":"2021-02-21T22:22:14","guid":{"rendered":"https:\/\/www.autonvaraosahaku.fi\/?product=textar-92049200-jarrulevyt"},"modified":"2021-02-21T22:22:20","modified_gmt":"2021-02-21T22:22:20","slug":"textar-92049200-jarrulevyt","status":"publish","type":"product","link":"https:\/\/www.autonvaraosahaku.fi\/?product=textar-92049200-jarrulevyt","title":{"rendered":"TEXTAR 92049200 Jarrulevyt"},"content":{"rendered":"<p>Ulkol\u00e4pimitta [mm]: 238; Jarrulevyn paksuus (mm): 8; Jarrulevytyyppi: Vakiomalli; V\u00e4himm\u00e4ispaksuus (mm): 7; Korkeus (mm): 72,2; Reik\u00e4kuvio\/-m\u00e4\u00e4r\u00e4: 04\/04; Reik\u00e4ympyr\u00e4-\u00d8 [mm]: 100; keskitt\u00e4misl\u00e4pimitta [mm]: 52; Paino [kg]: 3,5; Korvaava tuote\/korvaava tiedote 2: Ilman py\u00f6r\u00e4nnapaa, Ilman py\u00f6r\u00e4nkiinnityspultteja; Pakkauspituus [cm]: 27,5; Pakkausleveys [cm]: 26; Pakkauskorkeus [mm]: 17; Teknisten tietojen numero: 98200 0492 0 1; Asennuspuoli: Hinterachse; RENAULT: SUPER 5 B\/C40_,9 L42_,11 B\/C37_,SUPER 5 Kasten S40_; 7700758195, 7701204287; Jarrulevy<\/p>\n","protected":false},"excerpt":{"rendered":"<p>TEXTAR Jarrulevyt 92049200 Jarrulevy RENAULT,SUPER 5 B\/C40_,9 L42_,11 B\/C37_,SUPER 5 Kasten S40_<\/p>\n","protected":false},"featured_media":0,"template":"","meta":{"site-sidebar-layout":"default","site-content-layout":"default","ast-global-header-display":"","ast-main-header-display":"","ast-hfb-above-header-display":"","ast-hfb-below-header-display":"","ast-hfb-mobile-header-display":"","site-post-title":"","ast-breadcrumbs-content":"","ast-featured-img":"","footer-sml-layout":"","theme-transparent-header-meta":"","adv-header-id-meta":"","stick-header-meta":"","header-above-stick-meta":"","header-main-stick-meta":"","header-below-stick-meta":""},"pwb-brand":[288],"product_cat":[66],"product_tag":[],"class_list":{"0":"post-98624","1":"product","2":"type-product","3":"status-publish","5":"pwb-brand-textar","6":"product_cat-jarrulevyt","7":"desktop-align-left","8":"tablet-align-left","9":"mobile-align-left","11":"first","12":"instock","13":"product-type-external"},"brands":[{"id":288,"name":"TEXTAR","slug":"textar"}],"_links":{"self":[{"href":"https:\/\/www.autonvaraosahaku.fi\/index.php?rest_route=\/wp\/v2\/product\/98624","targetHints":{"allow":["GET"]}}],"collection":[{"href":"https:\/\/www.autonvaraosahaku.fi\/index.php?rest_route=\/wp\/v2\/product"}],"about":[{"href":"https:\/\/www.autonvaraosahaku.fi\/index.php?rest_route=\/wp\/v2\/types\/product"}],"wp:attachment":[{"href":"https:\/\/www.autonvaraosahaku.fi\/index.php?rest_route=%2Fwp%2Fv2%2Fmedia&parent=98624"}],"wp:term":[{"taxonomy":"pwb-brand","embeddable":true,"href":"https:\/\/www.autonvaraosahaku.fi\/index.php?rest_route=%2Fwp%2Fv2%2Fpwb-brand&post=98624"},{"taxonomy":"product_cat","embeddable":true,"href":"https:\/\/www.autonvaraosahaku.fi\/index.php?rest_route=%2Fwp%2Fv2%2Fproduct_cat&post=98624"},{"taxonomy":"product_tag","embeddable":true,"href":"https:\/\/www.autonvaraosahaku.fi\/index.php?rest_route=%2Fwp%2Fv2%2Fproduct_tag&post=98624"}],"curies":[{"name":"wp","href":"https:\/\/api.w.org\/{rel}","templated":true}]}}