{"id":98629,"date":"2021-02-21T22:22:14","date_gmt":"2021-02-21T22:22:14","guid":{"rendered":"https:\/\/www.autonvaraosahaku.fi\/?product=textar-92186903-jarrulevyt"},"modified":"2021-02-21T22:22:22","modified_gmt":"2021-02-21T22:22:22","slug":"textar-92186903-jarrulevyt","status":"publish","type":"product","link":"https:\/\/www.autonvaraosahaku.fi\/?product=textar-92186903-jarrulevyt","title":{"rendered":"TEXTAR 92186903 Jarrulevyt"},"content":{"rendered":"<p>Ulkol\u00e4pimitta [mm]: 296; Jarrulevyn paksuus (mm): 30; Jarrulevytyyppi: Tuuletettu, sis\u00e4; V\u00e4himm\u00e4ispaksuus (mm): 27; Korkeus (mm): 51; Reik\u00e4kuvio\/-m\u00e4\u00e4r\u00e4: 05\/06; Reik\u00e4ympyr\u00e4-\u00d8 [mm]: 120; keskitt\u00e4misl\u00e4pimitta [mm]: 67,4; Paino [kg]: 8,7; Korvaava tuote\/korvaava tiedote 2: Ilman py\u00f6r\u00e4nnapaa, Ilman py\u00f6r\u00e4nkiinnityspultteja; Pinta: pinnoitettu; Pakkauspituus [cm]: 33; Pakkausleveys [cm]: 31,5; Pakkauskorkeus [mm]: 12; Teknisten tietojen numero: 98200 1869 0 1 PRO; Tuotelinja: PRO; Asennuspuoli: Vorderachse; CHEVROLET: AVEO Stufenheck T250, T255,MALIBU V300; SAAB: 9-5 YS3G; OPEL: INSIGNIA Caravan,INSIGNIA,INSIGNIA Stufenheck,INSIGNIA A Country Tourer G09; BUICK (SGM): REGAL II; BUICK: REGAL Stufenheck; VAUXHALL: INSIGNIA Mk I A,INSIGNIA Mk I A Estate,INSIGNIA Mk I A Sedan,INSIGNIA Mk I A Country Tourer G09; 13501296, 13501319, 23118529, 13501307, 13502213, 569063, 569078, 569421, 13579147; Jarrulevy<\/p>\n","protected":false},"excerpt":{"rendered":"<p>TEXTAR Jarrulevyt 92186903 Jarrulevy CHEVROLET,SAAB,OPEL,AVEO Stufenheck T250, T255,MALIBU V300,9-5 YS3G,INSIGNIA Caravan,INSIGNIA,INSIGNIA Stufenheck<\/p>\n","protected":false},"featured_media":0,"template":"","meta":{"site-sidebar-layout":"default","site-content-layout":"default","ast-global-header-display":"","ast-main-header-display":"","ast-hfb-above-header-display":"","ast-hfb-below-header-display":"","ast-hfb-mobile-header-display":"","site-post-title":"","ast-breadcrumbs-content":"","ast-featured-img":"","footer-sml-layout":"","theme-transparent-header-meta":"","adv-header-id-meta":"","stick-header-meta":"","header-above-stick-meta":"","header-main-stick-meta":"","header-below-stick-meta":""},"pwb-brand":[288],"product_cat":[66],"product_tag":[],"class_list":{"0":"post-98629","1":"product","2":"type-product","3":"status-publish","5":"pwb-brand-textar","6":"product_cat-jarrulevyt","7":"desktop-align-left","8":"tablet-align-left","9":"mobile-align-left","11":"first","12":"instock","13":"product-type-external"},"brands":[{"id":288,"name":"TEXTAR","slug":"textar"}],"_links":{"self":[{"href":"https:\/\/www.autonvaraosahaku.fi\/index.php?rest_route=\/wp\/v2\/product\/98629","targetHints":{"allow":["GET"]}}],"collection":[{"href":"https:\/\/www.autonvaraosahaku.fi\/index.php?rest_route=\/wp\/v2\/product"}],"about":[{"href":"https:\/\/www.autonvaraosahaku.fi\/index.php?rest_route=\/wp\/v2\/types\/product"}],"wp:attachment":[{"href":"https:\/\/www.autonvaraosahaku.fi\/index.php?rest_route=%2Fwp%2Fv2%2Fmedia&parent=98629"}],"wp:term":[{"taxonomy":"pwb-brand","embeddable":true,"href":"https:\/\/www.autonvaraosahaku.fi\/index.php?rest_route=%2Fwp%2Fv2%2Fpwb-brand&post=98629"},{"taxonomy":"product_cat","embeddable":true,"href":"https:\/\/www.autonvaraosahaku.fi\/index.php?rest_route=%2Fwp%2Fv2%2Fproduct_cat&post=98629"},{"taxonomy":"product_tag","embeddable":true,"href":"https:\/\/www.autonvaraosahaku.fi\/index.php?rest_route=%2Fwp%2Fv2%2Fproduct_tag&post=98629"}],"curies":[{"name":"wp","href":"https:\/\/api.w.org\/{rel}","templated":true}]}}