{"id":98637,"date":"2021-02-21T22:22:23","date_gmt":"2021-02-21T22:22:23","guid":{"rendered":"https:\/\/www.autonvaraosahaku.fi\/?product=textar-92166500-jarrulevyt"},"modified":"2021-02-21T22:22:26","modified_gmt":"2021-02-21T22:22:26","slug":"textar-92166500-jarrulevyt","status":"publish","type":"product","link":"https:\/\/www.autonvaraosahaku.fi\/?product=textar-92166500-jarrulevyt","title":{"rendered":"TEXTAR 92166500 Jarrulevyt"},"content":{"rendered":"<p>Ulkol\u00e4pimitta [mm]: 300; Jarrulevyn paksuus (mm): 28; Jarrulevytyyppi: Tuuletettu, sis\u00e4; V\u00e4himm\u00e4ispaksuus (mm): 26,4; Korkeus (mm): 47,2; Reik\u00e4kuvio\/-m\u00e4\u00e4r\u00e4: 05\/07; Reik\u00e4ympyr\u00e4-\u00d8 [mm]: 114,3; keskitt\u00e4misl\u00e4pimitta [mm]: 69; Paino [kg]: 8,6; Korvaava tuote\/korvaava tiedote 2: Ilman py\u00f6r\u00e4nnapaa, Ilman py\u00f6r\u00e4nkiinnityspultteja; Pakkauspituus [cm]: 33; Pakkausleveys [cm]: 31,5; Pakkauskorkeus [mm]: 12; Teknisten tietojen numero: 98200 1665 0 1; Asennuspuoli: Vorderachse; HYUNDAI: ix35 LM, EL, ELH,TUCSON JM,i40 CW VF,SONATA V NF,i40 VF,CRETA; KIA: SPORTAGE SL,SPORTAGE JE_, KM_,CARENS IV,OPTIMA,SPORTAGE QL,OPTIMA Sportswagon; 517123K100, 517123K110, 517123K150, 517123K160, 517123K300, 51712M0500, 517120Z000, 517122Y000, 517123K160, 517123Q000, S517120Z000, S517123K160, S517123K160A; Jarrulevy<\/p>\n","protected":false},"excerpt":{"rendered":"<p>TEXTAR Jarrulevyt 92166500 Jarrulevy HYUNDAI,KIA,ix35 LM, EL, ELH,TUCSON JM,i40 CW VF,SONATA V NF,i40 VF,CRETA,SPORTAGE SL,SPORTAGE JE_, KM_,CARENS IV<\/p>\n","protected":false},"featured_media":0,"template":"","meta":{"site-sidebar-layout":"default","site-content-layout":"default","ast-global-header-display":"","ast-main-header-display":"","ast-hfb-above-header-display":"","ast-hfb-below-header-display":"","ast-hfb-mobile-header-display":"","site-post-title":"","ast-breadcrumbs-content":"","ast-featured-img":"","footer-sml-layout":"","theme-transparent-header-meta":"","adv-header-id-meta":"","stick-header-meta":"","header-above-stick-meta":"","header-main-stick-meta":"","header-below-stick-meta":""},"pwb-brand":[288],"product_cat":[66],"product_tag":[],"class_list":{"0":"post-98637","1":"product","2":"type-product","3":"status-publish","5":"pwb-brand-textar","6":"product_cat-jarrulevyt","7":"desktop-align-left","8":"tablet-align-left","9":"mobile-align-left","11":"first","12":"instock","13":"product-type-external"},"brands":[{"id":288,"name":"TEXTAR","slug":"textar"}],"_links":{"self":[{"href":"https:\/\/www.autonvaraosahaku.fi\/index.php?rest_route=\/wp\/v2\/product\/98637","targetHints":{"allow":["GET"]}}],"collection":[{"href":"https:\/\/www.autonvaraosahaku.fi\/index.php?rest_route=\/wp\/v2\/product"}],"about":[{"href":"https:\/\/www.autonvaraosahaku.fi\/index.php?rest_route=\/wp\/v2\/types\/product"}],"wp:attachment":[{"href":"https:\/\/www.autonvaraosahaku.fi\/index.php?rest_route=%2Fwp%2Fv2%2Fmedia&parent=98637"}],"wp:term":[{"taxonomy":"pwb-brand","embeddable":true,"href":"https:\/\/www.autonvaraosahaku.fi\/index.php?rest_route=%2Fwp%2Fv2%2Fpwb-brand&post=98637"},{"taxonomy":"product_cat","embeddable":true,"href":"https:\/\/www.autonvaraosahaku.fi\/index.php?rest_route=%2Fwp%2Fv2%2Fproduct_cat&post=98637"},{"taxonomy":"product_tag","embeddable":true,"href":"https:\/\/www.autonvaraosahaku.fi\/index.php?rest_route=%2Fwp%2Fv2%2Fproduct_tag&post=98637"}],"curies":[{"name":"wp","href":"https:\/\/api.w.org\/{rel}","templated":true}]}}