{"id":98652,"date":"2021-02-21T22:22:32","date_gmt":"2021-02-21T22:22:32","guid":{"rendered":"https:\/\/www.autonvaraosahaku.fi\/?product=johns-lmm-55-09-096-ilmamassamittari"},"modified":"2021-02-21T22:22:33","modified_gmt":"2021-02-21T22:22:33","slug":"johns-lmm-55-09-096-ilmamassamittari","status":"publish","type":"product","link":"https:\/\/www.autonvaraosahaku.fi\/?product=johns-lmm-55-09-096-ilmamassamittari","title":{"rendered":"JOHNS LMM 55 09-096 Ilmamassamittari"},"content":{"rendered":"<p>SUZUKI: SX4 EY, GY; CHEVROLET: CAPTIVA C100, C140,NUBIRA Kombi,LACETTI J200,NUBIRA Stufenheck; LANCIA: MUSA 350; OPEL: CORSA D,ASTRA H Caravan L35,ASTRA H L48,VECTRA C Caravan,ASTRA H GTC L08,SIGNUM,VECTRA C,VECTRA C GTS,ANTARA,ASTRA H TwinTop L67,COMBO Kasten\/Kombi,COMBO Tour,CORSA D Van,ASTRA H Stufenheck L69,ASTRA H Kasten L70; SAAB: 9-3 YS3F,9-5 Kombi YS3E,9-3 Kombi YS3F,9-5 YS3E,9-3 Cabriolet YS3F; ALFA ROMEO: 156 Sportwagon 932; FIAT: GRANDE PUNTO 199,CROMA 194,IDEA; 11140004, 1380079J50, 55183651, 55350048, 836639, 93178243; Ilmam\u00e4\u00e4r\u00e4mittari,MAF Anturi<\/p>\n","protected":false},"excerpt":{"rendered":"<p>JOHNS Ilmamassamittari LMM 55 09-096 Ilmam\u00e4\u00e4r\u00e4mittari,MAF Anturi SUZUKI,CHEVROLET,LANCIA,SX4 EY, GY,CAPTIVA C100, C140,NUBIRA Kombi,LACETTI J200<\/p>\n","protected":false},"featured_media":0,"template":"","meta":{"site-sidebar-layout":"default","site-content-layout":"default","ast-global-header-display":"","ast-main-header-display":"","ast-hfb-above-header-display":"","ast-hfb-below-header-display":"","ast-hfb-mobile-header-display":"","site-post-title":"","ast-breadcrumbs-content":"","ast-featured-img":"","footer-sml-layout":"","theme-transparent-header-meta":"","adv-header-id-meta":"","stick-header-meta":"","header-above-stick-meta":"","header-main-stick-meta":"","header-below-stick-meta":""},"pwb-brand":[214],"product_cat":[270],"product_tag":[],"class_list":{"0":"post-98652","1":"product","2":"type-product","3":"status-publish","5":"pwb-brand-johns","6":"product_cat-ilmamassamittari","7":"desktop-align-left","8":"tablet-align-left","9":"mobile-align-left","11":"first","12":"instock","13":"product-type-external"},"brands":[{"id":214,"name":"JOHNS","slug":"johns"}],"_links":{"self":[{"href":"https:\/\/www.autonvaraosahaku.fi\/index.php?rest_route=\/wp\/v2\/product\/98652","targetHints":{"allow":["GET"]}}],"collection":[{"href":"https:\/\/www.autonvaraosahaku.fi\/index.php?rest_route=\/wp\/v2\/product"}],"about":[{"href":"https:\/\/www.autonvaraosahaku.fi\/index.php?rest_route=\/wp\/v2\/types\/product"}],"wp:attachment":[{"href":"https:\/\/www.autonvaraosahaku.fi\/index.php?rest_route=%2Fwp%2Fv2%2Fmedia&parent=98652"}],"wp:term":[{"taxonomy":"pwb-brand","embeddable":true,"href":"https:\/\/www.autonvaraosahaku.fi\/index.php?rest_route=%2Fwp%2Fv2%2Fpwb-brand&post=98652"},{"taxonomy":"product_cat","embeddable":true,"href":"https:\/\/www.autonvaraosahaku.fi\/index.php?rest_route=%2Fwp%2Fv2%2Fproduct_cat&post=98652"},{"taxonomy":"product_tag","embeddable":true,"href":"https:\/\/www.autonvaraosahaku.fi\/index.php?rest_route=%2Fwp%2Fv2%2Fproduct_tag&post=98652"}],"curies":[{"name":"wp","href":"https:\/\/api.w.org\/{rel}","templated":true}]}}