{"id":98656,"date":"2021-02-21T22:22:32","date_gmt":"2021-02-21T22:22:32","guid":{"rendered":"https:\/\/www.autonvaraosahaku.fi\/?product=zimmermann-285-3527-20-jarrulevyt"},"modified":"2021-02-21T22:22:34","modified_gmt":"2021-02-21T22:22:34","slug":"zimmermann-285-3527-20-jarrulevyt","status":"publish","type":"product","link":"https:\/\/www.autonvaraosahaku.fi\/?product=zimmermann-285-3527-20-jarrulevyt","title":{"rendered":"ZIMMERMANN 285.3527.20 Jarrulevyt"},"content":{"rendered":"<p>Jarrulevytyyppi: Tuuletettu, sis\u00e4; Pinta: pinnoitettu; Ulkol\u00e4pimitta [mm]: 280; Jarrulevyn paksuus (mm): 23; Korkeus (mm): 44; Vanne, aukkoja: 5; Reik\u00e4ympyr\u00e4-\u00d8 [mm]: 114; keskitt\u00e4misl\u00e4pimitta [mm]: 69; Tarkistuskilpi: ECE R90 APPROVED; V\u00e4himm\u00e4ispaksuus (mm): 21,4; Paino [kg]: 6,2; Reik\u00e4kuvio\/-m\u00e4\u00e4r\u00e4: 7\/5; Tuotelinja: COAT Z; Asennuspuoli: Vorderachse; HYUNDAI: i30 GD,i30 CW GD,i30 Coupe,VELOSTER FS,ELANTRA Stufenheck MD, UD,i30 PDE,i30 Kombi PDE,KONA OS,ELANTRA Stufenheck AD,CRETA; KIA: CEE&#8217;D JD,CEE`D Sportswagon JD,PRO CEE\u00b4D JD; 517122V000, 517123X000, 517123Y000, 51712A6000, 51712M0000, 517122V000; Jarrulevy<\/p>\n","protected":false},"excerpt":{"rendered":"<p>ZIMMERMANN Jarrulevyt 285.3527.20 Jarrulevy HYUNDAI,KIA,i30 GD,i30 CW GD,i30 Coupe,VELOSTER FS,ELANTRA Stufenheck MD, UD,i30 PDE,i30 Kombi PDE,KONA OS<\/p>\n","protected":false},"featured_media":0,"template":"","meta":{"site-sidebar-layout":"default","site-content-layout":"default","ast-global-header-display":"","ast-main-header-display":"","ast-hfb-above-header-display":"","ast-hfb-below-header-display":"","ast-hfb-mobile-header-display":"","site-post-title":"","ast-breadcrumbs-content":"","ast-featured-img":"","footer-sml-layout":"","theme-transparent-header-meta":"","adv-header-id-meta":"","stick-header-meta":"","header-above-stick-meta":"","header-main-stick-meta":"","header-below-stick-meta":""},"pwb-brand":[145],"product_cat":[66],"product_tag":[],"class_list":{"0":"post-98656","1":"product","2":"type-product","3":"status-publish","5":"pwb-brand-zimmermann","6":"product_cat-jarrulevyt","7":"desktop-align-left","8":"tablet-align-left","9":"mobile-align-left","11":"first","12":"instock","13":"product-type-external"},"brands":[{"id":145,"name":"ZIMMERMANN","slug":"zimmermann"}],"_links":{"self":[{"href":"https:\/\/www.autonvaraosahaku.fi\/index.php?rest_route=\/wp\/v2\/product\/98656","targetHints":{"allow":["GET"]}}],"collection":[{"href":"https:\/\/www.autonvaraosahaku.fi\/index.php?rest_route=\/wp\/v2\/product"}],"about":[{"href":"https:\/\/www.autonvaraosahaku.fi\/index.php?rest_route=\/wp\/v2\/types\/product"}],"wp:attachment":[{"href":"https:\/\/www.autonvaraosahaku.fi\/index.php?rest_route=%2Fwp%2Fv2%2Fmedia&parent=98656"}],"wp:term":[{"taxonomy":"pwb-brand","embeddable":true,"href":"https:\/\/www.autonvaraosahaku.fi\/index.php?rest_route=%2Fwp%2Fv2%2Fpwb-brand&post=98656"},{"taxonomy":"product_cat","embeddable":true,"href":"https:\/\/www.autonvaraosahaku.fi\/index.php?rest_route=%2Fwp%2Fv2%2Fproduct_cat&post=98656"},{"taxonomy":"product_tag","embeddable":true,"href":"https:\/\/www.autonvaraosahaku.fi\/index.php?rest_route=%2Fwp%2Fv2%2Fproduct_tag&post=98656"}],"curies":[{"name":"wp","href":"https:\/\/api.w.org\/{rel}","templated":true}]}}