{"id":9866,"date":"2021-02-21T14:07:10","date_gmt":"2021-02-21T14:07:10","guid":{"rendered":"https:\/\/www.autonvaraosahaku.fi\/?product=master-sport-24012202521-pcs-ms-jarrulevyt"},"modified":"2021-02-21T14:07:11","modified_gmt":"2021-02-21T14:07:11","slug":"master-sport-24012202521-pcs-ms-jarrulevyt","status":"publish","type":"product","link":"https:\/\/www.autonvaraosahaku.fi\/?product=master-sport-24012202521-pcs-ms-jarrulevyt","title":{"rendered":"MASTER-SPORT 24012202521-PCS-MS Jarrulevyt"},"content":{"rendered":"<p>L\u00e4pimitta [mm]: 280,0; Jarrulevytyyppi: Tuuletettu; Jarrulevyn paksuus (mm): 22,0; Korkeus (mm): 47,0; Reik\u00e4-\u00d8 [mm]: 12,7; V\u00e4himm\u00e4ispaksuus (mm): 20,0; Sis\u00e4l\u00e4pimitta [mm]: 146,3; Reikien m\u00e4\u00e4r\u00e4: 5; keskitt\u00e4misl\u00e4pimitta [mm]: 62,0; Reik\u00e4ympyr\u00e4-\u00d8 [mm]: 114,3; Nettopaino [kg]: 5,74; Bruttopaino [kg]: 6,14; Asennuspuoli: Vorderachse; SUZUKI: SX4 EY, GY,SX4 Stufenheck GY; FIAT: SEDICI; 71742850, 71750162, 71768306, 5531179J01, 5531179J02, 5531180J02; Jarrulevy<\/p>\n","protected":false},"excerpt":{"rendered":"<p>MASTER-SPORT Jarrulevyt 24012202521-PCS-MS Jarrulevy SUZUKI,FIAT,SX4 EY, GY,SX4 Stufenheck GY,SEDICI<\/p>\n","protected":false},"featured_media":0,"template":"","meta":{"site-sidebar-layout":"default","site-content-layout":"default","ast-global-header-display":"","ast-main-header-display":"","ast-hfb-above-header-display":"","ast-hfb-below-header-display":"","ast-hfb-mobile-header-display":"","site-post-title":"","ast-breadcrumbs-content":"","ast-featured-img":"","footer-sml-layout":"","theme-transparent-header-meta":"","adv-header-id-meta":"","stick-header-meta":"","header-above-stick-meta":"","header-main-stick-meta":"","header-below-stick-meta":""},"pwb-brand":[61],"product_cat":[66],"product_tag":[],"class_list":{"0":"post-9866","1":"product","2":"type-product","3":"status-publish","5":"pwb-brand-master-sport","6":"product_cat-jarrulevyt","7":"desktop-align-left","8":"tablet-align-left","9":"mobile-align-left","11":"first","12":"instock","13":"product-type-external"},"brands":[{"id":61,"name":"MASTER-SPORT","slug":"master-sport"}],"_links":{"self":[{"href":"https:\/\/www.autonvaraosahaku.fi\/index.php?rest_route=\/wp\/v2\/product\/9866","targetHints":{"allow":["GET"]}}],"collection":[{"href":"https:\/\/www.autonvaraosahaku.fi\/index.php?rest_route=\/wp\/v2\/product"}],"about":[{"href":"https:\/\/www.autonvaraosahaku.fi\/index.php?rest_route=\/wp\/v2\/types\/product"}],"wp:attachment":[{"href":"https:\/\/www.autonvaraosahaku.fi\/index.php?rest_route=%2Fwp%2Fv2%2Fmedia&parent=9866"}],"wp:term":[{"taxonomy":"pwb-brand","embeddable":true,"href":"https:\/\/www.autonvaraosahaku.fi\/index.php?rest_route=%2Fwp%2Fv2%2Fpwb-brand&post=9866"},{"taxonomy":"product_cat","embeddable":true,"href":"https:\/\/www.autonvaraosahaku.fi\/index.php?rest_route=%2Fwp%2Fv2%2Fproduct_cat&post=9866"},{"taxonomy":"product_tag","embeddable":true,"href":"https:\/\/www.autonvaraosahaku.fi\/index.php?rest_route=%2Fwp%2Fv2%2Fproduct_tag&post=9866"}],"curies":[{"name":"wp","href":"https:\/\/api.w.org\/{rel}","templated":true}]}}