{"id":98680,"date":"2021-02-21T22:22:40","date_gmt":"2021-02-21T22:22:40","guid":{"rendered":"https:\/\/www.autonvaraosahaku.fi\/?product=trw-gdb1947-jarrupalat"},"modified":"2021-02-21T22:22:44","modified_gmt":"2021-02-21T22:22:44","slug":"trw-gdb1947-jarrupalat","status":"publish","type":"product","link":"https:\/\/www.autonvaraosahaku.fi\/?product=trw-gdb1947-jarrupalat","title":{"rendered":"TRW GDB1947 Jarrupalat"},"content":{"rendered":"<p>Kulumisenilmaisimen liitos: Kulumisenilmaisemelle; Pituus (mm): 116,3; Korkeus (mm): 49,8; Paksuus [mm]: 16,5; Valmistaja rajaus: TRW; Tarkistuskilpi: E9 90R-02A0120\/3452; M\u00e4\u00e4r\u00e4yksikk\u00f6: Akselisarja; Tuotelinja: COTEC; Asennuspuoli: Hinterachse; MERCEDES-BENZ: A-CLASS W176,M-CLASS W166,CLA Coupe C117,SLK R172,GL-CLASS X166,GLA-CLASS X156,CLA Shooting Brake X117,GLE W166,GLE Coupe C292,SLC R172,GLS X166; 0064203320, 0064203420, 0064203520, 0064204020, 0064204120, 0064206320, 0064206820, 0074207720, 0074208220, 0074209020, A0064203320, A0064203420, A0064203520, A0064204020, A0064204120, A0064206320, A0064206820, A0074207720, A0074208220, A0074209020; Jarrupalasarja,Jarrupala, Levyjarru<\/p>\n","protected":false},"excerpt":{"rendered":"<p>TRW Jarrupalat GDB1947 Jarrupalasarja,Jarrupala, Levyjarru MERCEDES-BENZ,A-CLASS W176,M-CLASS W166,CLA Coupe C117,SLK R172,GL-CLASS X166<\/p>\n","protected":false},"featured_media":0,"template":"","meta":{"site-sidebar-layout":"default","site-content-layout":"default","ast-global-header-display":"","ast-main-header-display":"","ast-hfb-above-header-display":"","ast-hfb-below-header-display":"","ast-hfb-mobile-header-display":"","site-post-title":"","ast-breadcrumbs-content":"","ast-featured-img":"","footer-sml-layout":"","theme-transparent-header-meta":"","adv-header-id-meta":"","stick-header-meta":"","header-above-stick-meta":"","header-main-stick-meta":"","header-below-stick-meta":""},"pwb-brand":[332],"product_cat":[100],"product_tag":[],"class_list":{"0":"post-98680","1":"product","2":"type-product","3":"status-publish","5":"pwb-brand-trw","6":"product_cat-jarrupalat","7":"desktop-align-left","8":"tablet-align-left","9":"mobile-align-left","11":"first","12":"instock","13":"product-type-external"},"brands":[{"id":332,"name":"TRW","slug":"trw"}],"_links":{"self":[{"href":"https:\/\/www.autonvaraosahaku.fi\/index.php?rest_route=\/wp\/v2\/product\/98680","targetHints":{"allow":["GET"]}}],"collection":[{"href":"https:\/\/www.autonvaraosahaku.fi\/index.php?rest_route=\/wp\/v2\/product"}],"about":[{"href":"https:\/\/www.autonvaraosahaku.fi\/index.php?rest_route=\/wp\/v2\/types\/product"}],"wp:attachment":[{"href":"https:\/\/www.autonvaraosahaku.fi\/index.php?rest_route=%2Fwp%2Fv2%2Fmedia&parent=98680"}],"wp:term":[{"taxonomy":"pwb-brand","embeddable":true,"href":"https:\/\/www.autonvaraosahaku.fi\/index.php?rest_route=%2Fwp%2Fv2%2Fpwb-brand&post=98680"},{"taxonomy":"product_cat","embeddable":true,"href":"https:\/\/www.autonvaraosahaku.fi\/index.php?rest_route=%2Fwp%2Fv2%2Fproduct_cat&post=98680"},{"taxonomy":"product_tag","embeddable":true,"href":"https:\/\/www.autonvaraosahaku.fi\/index.php?rest_route=%2Fwp%2Fv2%2Fproduct_tag&post=98680"}],"curies":[{"name":"wp","href":"https:\/\/api.w.org\/{rel}","templated":true}]}}