{"id":9869,"date":"2021-02-21T14:07:10","date_gmt":"2021-02-21T14:07:10","guid":{"rendered":"https:\/\/www.autonvaraosahaku.fi\/?product=master-sport-24011201711-pcs-ms-jarrulevyt"},"modified":"2021-02-21T14:07:11","modified_gmt":"2021-02-21T14:07:11","slug":"master-sport-24011201711-pcs-ms-jarrulevyt","status":"publish","type":"product","link":"https:\/\/www.autonvaraosahaku.fi\/?product=master-sport-24011201711-pcs-ms-jarrulevyt","title":{"rendered":"MASTER-SPORT 24011201711-PCS-MS Jarrulevyt"},"content":{"rendered":"<p>L\u00e4pimitta [mm]: 259,0; Jarrulevytyyppi: Vakiomalli; Jarrulevyn paksuus (mm): 12,0; Korkeus (mm): 40,9; Reik\u00e4-\u00d8 [mm]: 13,5, 13,5; V\u00e4himm\u00e4ispaksuus (mm): 10,6; Sis\u00e4l\u00e4pimitta [mm]: 130,0; Reikien m\u00e4\u00e4r\u00e4: 4; keskitt\u00e4misl\u00e4pimitta [mm]: 61,0; Reik\u00e4ympyr\u00e4-\u00d8 [mm]: 100,0; Nettopaino [kg]: 4,16; Bruttopaino [kg]: 4,2; M\u00e4\u00e4r\u00e4yksikk\u00f6: Kappale; Asennuspuoli: Vorderachse; DACIA: SANDERO,SANDERO II,LOGAN LS_,LOGAN II; SMART: FORTWO Coupe 453,FORFOUR Schr\u00e4gheck 453,FORTWO Cabriolet 453; RENAULT: TWINGO I C06_,TWINGO II CN0_,TWINGO I Kasten S06_,SANDERO\/STEPWAY I,LOGAN I Kombi KS_,LOGAN I LS_,SANDERO\/STEPWAY II,LOGAN II; 6001547683, 7701208252, 6001547683, 7701208252, 4534200000; Jarrulevy<\/p>\n","protected":false},"excerpt":{"rendered":"<p>MASTER-SPORT Jarrulevyt 24011201711-PCS-MS Jarrulevy DACIA,SMART,RENAULT,SANDERO,SANDERO II,LOGAN LS_,LOGAN II,FORTWO Coupe 453,FORFOUR Schr\u00e4gheck 453<\/p>\n","protected":false},"featured_media":0,"template":"","meta":{"site-sidebar-layout":"default","site-content-layout":"default","ast-global-header-display":"","ast-main-header-display":"","ast-hfb-above-header-display":"","ast-hfb-below-header-display":"","ast-hfb-mobile-header-display":"","site-post-title":"","ast-breadcrumbs-content":"","ast-featured-img":"","footer-sml-layout":"","theme-transparent-header-meta":"","adv-header-id-meta":"","stick-header-meta":"","header-above-stick-meta":"","header-main-stick-meta":"","header-below-stick-meta":""},"pwb-brand":[61],"product_cat":[66],"product_tag":[],"class_list":{"0":"post-9869","1":"product","2":"type-product","3":"status-publish","5":"pwb-brand-master-sport","6":"product_cat-jarrulevyt","7":"desktop-align-left","8":"tablet-align-left","9":"mobile-align-left","11":"first","12":"instock","13":"product-type-external"},"brands":[{"id":61,"name":"MASTER-SPORT","slug":"master-sport"}],"_links":{"self":[{"href":"https:\/\/www.autonvaraosahaku.fi\/index.php?rest_route=\/wp\/v2\/product\/9869","targetHints":{"allow":["GET"]}}],"collection":[{"href":"https:\/\/www.autonvaraosahaku.fi\/index.php?rest_route=\/wp\/v2\/product"}],"about":[{"href":"https:\/\/www.autonvaraosahaku.fi\/index.php?rest_route=\/wp\/v2\/types\/product"}],"wp:attachment":[{"href":"https:\/\/www.autonvaraosahaku.fi\/index.php?rest_route=%2Fwp%2Fv2%2Fmedia&parent=9869"}],"wp:term":[{"taxonomy":"pwb-brand","embeddable":true,"href":"https:\/\/www.autonvaraosahaku.fi\/index.php?rest_route=%2Fwp%2Fv2%2Fpwb-brand&post=9869"},{"taxonomy":"product_cat","embeddable":true,"href":"https:\/\/www.autonvaraosahaku.fi\/index.php?rest_route=%2Fwp%2Fv2%2Fproduct_cat&post=9869"},{"taxonomy":"product_tag","embeddable":true,"href":"https:\/\/www.autonvaraosahaku.fi\/index.php?rest_route=%2Fwp%2Fv2%2Fproduct_tag&post=9869"}],"curies":[{"name":"wp","href":"https:\/\/api.w.org\/{rel}","templated":true}]}}