{"id":98699,"date":"2021-02-21T22:22:49","date_gmt":"2021-02-21T22:22:49","guid":{"rendered":"https:\/\/www.autonvaraosahaku.fi\/?product=ngk-3678-sytytystulpat"},"modified":"2021-02-21T22:22:52","modified_gmt":"2021-02-21T22:22:52","slug":"ngk-3678-sytytystulpat","status":"publish","type":"product","link":"https:\/\/www.autonvaraosahaku.fi\/?product=ngk-3678-sytytystulpat","title":{"rendered":"NGK 3678 Sytytystulpat"},"content":{"rendered":"<p>Avainv\u00e4li: 16 mm; Ulkokierre [mm]: 14,0; Kierteen pituus (mm): 19,0; Sytytystulppa: kiinte\u00e4 SAE-liitin, Iridium-keskielektrodi, 1-maaelektroodi, H\u00e4iri\u00f6npoisto, 5 k-ohm, suoralla istukalla; Kipin\u00e4et\u00e4isyys [mm]: 3,0; MITSUBISHI: SPACE STAR DG_A,ASX GA_W_,OUTLANDER XL II CW_W,CARISMA DA_,OUTLANDER III GG_W, GF_W, ZJ,COLT V CJ_, CP_,LANCER Kombi CS_W,LANCER SPORTBACK CX_A,LANCER Stufenheck CY\/Z_A,CARISMA Stufenheck DA_,GALANT VI Station Wagon EA_,GALANT VI EA_,PAJERO IV V8_W, V9_W,SPACE WAGON N9_W, N8_W,LANCER Stufenheck CS_A, CT0,PAJERO SPORT K90,COLT IV CA_A,PAJERO I L04_G, L14_G,SPACE RUNNER N1_W, N2_W,LANCER VI CJ-CP_,3000 GT Z16A,SIGMA F2_A, F1_A,LANCER V Station Wagon CB_W, CD_W,LANCER V CB\/D_A,SPACE WAGON N3_W, N4_W,LANCER IV C6_A, C7_A,GALANT V Stufenheck E5_A, E7_A, E8_A,GALANT V E5_A, E7_A, E8_A,LANCER III Station Wagon C1_V, C3_V,LANCER IV Stufenheck C6_A,LANCER III C1_A, C6_A; 980795615U, 980795617U; Tulpat,Sytytystulppa<\/p>\n","protected":false},"excerpt":{"rendered":"<p>NGK Sytytystulpat 3678 Tulpat,Sytytystulppa MITSUBISHI,SPACE STAR DG_A,ASX GA_W_,OUTLANDER XL II CW_W,CARISMA DA_,OUTLANDER III GG_W, GF_W, ZJ<\/p>\n","protected":false},"featured_media":0,"template":"","meta":{"site-sidebar-layout":"default","site-content-layout":"default","ast-global-header-display":"","ast-main-header-display":"","ast-hfb-above-header-display":"","ast-hfb-below-header-display":"","ast-hfb-mobile-header-display":"","site-post-title":"","ast-breadcrumbs-content":"","ast-featured-img":"","footer-sml-layout":"","theme-transparent-header-meta":"","adv-header-id-meta":"","stick-header-meta":"","header-above-stick-meta":"","header-main-stick-meta":"","header-below-stick-meta":""},"pwb-brand":[189],"product_cat":[165],"product_tag":[],"class_list":{"0":"post-98699","1":"product","2":"type-product","3":"status-publish","5":"pwb-brand-ngk","6":"product_cat-sytytystulpat","7":"desktop-align-left","8":"tablet-align-left","9":"mobile-align-left","11":"first","12":"instock","13":"product-type-external"},"brands":[{"id":189,"name":"NGK","slug":"ngk"}],"_links":{"self":[{"href":"https:\/\/www.autonvaraosahaku.fi\/index.php?rest_route=\/wp\/v2\/product\/98699","targetHints":{"allow":["GET"]}}],"collection":[{"href":"https:\/\/www.autonvaraosahaku.fi\/index.php?rest_route=\/wp\/v2\/product"}],"about":[{"href":"https:\/\/www.autonvaraosahaku.fi\/index.php?rest_route=\/wp\/v2\/types\/product"}],"wp:attachment":[{"href":"https:\/\/www.autonvaraosahaku.fi\/index.php?rest_route=%2Fwp%2Fv2%2Fmedia&parent=98699"}],"wp:term":[{"taxonomy":"pwb-brand","embeddable":true,"href":"https:\/\/www.autonvaraosahaku.fi\/index.php?rest_route=%2Fwp%2Fv2%2Fpwb-brand&post=98699"},{"taxonomy":"product_cat","embeddable":true,"href":"https:\/\/www.autonvaraosahaku.fi\/index.php?rest_route=%2Fwp%2Fv2%2Fproduct_cat&post=98699"},{"taxonomy":"product_tag","embeddable":true,"href":"https:\/\/www.autonvaraosahaku.fi\/index.php?rest_route=%2Fwp%2Fv2%2Fproduct_tag&post=98699"}],"curies":[{"name":"wp","href":"https:\/\/api.w.org\/{rel}","templated":true}]}}