{"id":98704,"date":"2021-02-21T22:22:49","date_gmt":"2021-02-21T22:22:49","guid":{"rendered":"https:\/\/www.autonvaraosahaku.fi\/?product=japanparts-ru-1052-tukivarren-hela"},"modified":"2021-02-21T22:22:54","modified_gmt":"2021-02-21T22:22:54","slug":"japanparts-ru-1052-tukivarren-hela","status":"publish","type":"product","link":"https:\/\/www.autonvaraosahaku.fi\/?product=japanparts-ru-1052-tukivarren-hela","title":{"rendered":"JAPANPARTS RU-1052 Tukivarren hela"},"content":{"rendered":"<p>Asennuspuoli: Taka-akseli, ala; Pituus (mm): 59,5; Ulkol\u00e4pimitta [mm]: 51; Sis\u00e4l\u00e4pimitta [mm]: 14,5; NISSAN: TERRANO II R20,PATROL GR I Y60, GR; 5504506J00, 5504511C20, 5504541G00, 55045VB010<\/p>\n","protected":false},"excerpt":{"rendered":"<p>JAPANPARTS Tukivarren Hela RU-1052  NISSAN,TERRANO II R20,PATROL GR I Y60, GR<\/p>\n","protected":false},"featured_media":0,"template":"","meta":{"site-sidebar-layout":"default","site-content-layout":"default","ast-global-header-display":"","ast-main-header-display":"","ast-hfb-above-header-display":"","ast-hfb-below-header-display":"","ast-hfb-mobile-header-display":"","site-post-title":"","ast-breadcrumbs-content":"","ast-featured-img":"","footer-sml-layout":"","theme-transparent-header-meta":"","adv-header-id-meta":"","stick-header-meta":"","header-above-stick-meta":"","header-main-stick-meta":"","header-below-stick-meta":""},"pwb-brand":[334],"product_cat":[115],"product_tag":[],"class_list":{"0":"post-98704","1":"product","2":"type-product","3":"status-publish","5":"pwb-brand-japanparts","6":"product_cat-tukivarren-hela","7":"desktop-align-left","8":"tablet-align-left","9":"mobile-align-left","11":"first","12":"instock","13":"product-type-external"},"brands":[{"id":334,"name":"JAPANPARTS","slug":"japanparts"}],"_links":{"self":[{"href":"https:\/\/www.autonvaraosahaku.fi\/index.php?rest_route=\/wp\/v2\/product\/98704","targetHints":{"allow":["GET"]}}],"collection":[{"href":"https:\/\/www.autonvaraosahaku.fi\/index.php?rest_route=\/wp\/v2\/product"}],"about":[{"href":"https:\/\/www.autonvaraosahaku.fi\/index.php?rest_route=\/wp\/v2\/types\/product"}],"wp:attachment":[{"href":"https:\/\/www.autonvaraosahaku.fi\/index.php?rest_route=%2Fwp%2Fv2%2Fmedia&parent=98704"}],"wp:term":[{"taxonomy":"pwb-brand","embeddable":true,"href":"https:\/\/www.autonvaraosahaku.fi\/index.php?rest_route=%2Fwp%2Fv2%2Fpwb-brand&post=98704"},{"taxonomy":"product_cat","embeddable":true,"href":"https:\/\/www.autonvaraosahaku.fi\/index.php?rest_route=%2Fwp%2Fv2%2Fproduct_cat&post=98704"},{"taxonomy":"product_tag","embeddable":true,"href":"https:\/\/www.autonvaraosahaku.fi\/index.php?rest_route=%2Fwp%2Fv2%2Fproduct_tag&post=98704"}],"curies":[{"name":"wp","href":"https:\/\/api.w.org\/{rel}","templated":true}]}}