{"id":98707,"date":"2021-02-21T22:22:49","date_gmt":"2021-02-21T22:22:49","guid":{"rendered":"https:\/\/www.autonvaraosahaku.fi\/?product=a-b-s-5125-s-jarrurumpu"},"modified":"2021-02-21T22:22:55","modified_gmt":"2021-02-21T22:22:55","slug":"a-b-s-5125-s-jarrurumpu","status":"publish","type":"product","link":"https:\/\/www.autonvaraosahaku.fi\/?product=a-b-s-5125-s-jarrurumpu","title":{"rendered":"A.B.S. 5125-S Jarrurumpu"},"content":{"rendered":"<p>Jarrurummun sis\u00e4-\u00d8 [mm]: 200; J-rumpu sis\u00e4leveys [mm]: 35; Korkeus (mm): 84; Vanne, aukkoja: 4; Navan l\u00e4pimitta 1 [mm]: 39,8; Jarrurummun ulkol\u00e4pim. [mm]: 228; Reik\u00e4ympyr\u00e4-\u00d8 [mm]: 100; Navan l\u00e4pimitta 2 [mm]: 50,2; Paino [kg]: 4,5; Asennuspuoli: Hinterachse; OPEL: CORSA B 73_, 78_, 79_,TIGRA 95_,CORSA A CC 93_, 94_, 98_, 99_,CORSA A TR 91_, 92_, 96_, 97_,CORSA B Kasten 73_,CORSA B Kombi F35,CORSA A Kasten; VAUXHALL: CORSA Mk I B,TIGRA Mk I F07,NOVA,NOVA CC; 418117, 90007526, 90135504, 90007526, 90135504<\/p>\n","protected":false},"excerpt":{"rendered":"<p>A.B.S. Jarrurumpu 5125-S  OPEL,VAUXHALL,CORSA B 73_, 78_, 79_,TIGRA 95_,CORSA A CC 93_, 94_, 98_, 99_,CORSA A TR 91_, 92_, 96_, 97_,CORSA B Kasten 73_<\/p>\n","protected":false},"featured_media":0,"template":"","meta":{"site-sidebar-layout":"default","site-content-layout":"default","ast-global-header-display":"","ast-main-header-display":"","ast-hfb-above-header-display":"","ast-hfb-below-header-display":"","ast-hfb-mobile-header-display":"","site-post-title":"","ast-breadcrumbs-content":"","ast-featured-img":"","footer-sml-layout":"","theme-transparent-header-meta":"","adv-header-id-meta":"","stick-header-meta":"","header-above-stick-meta":"","header-main-stick-meta":"","header-below-stick-meta":""},"pwb-brand":[326],"product_cat":[304],"product_tag":[],"class_list":{"0":"post-98707","1":"product","2":"type-product","3":"status-publish","5":"pwb-brand-a-b-s","6":"product_cat-jarrurumpu","7":"desktop-align-left","8":"tablet-align-left","9":"mobile-align-left","11":"first","12":"instock","13":"product-type-external"},"brands":[{"id":326,"name":"A.B.S.","slug":"a-b-s"}],"_links":{"self":[{"href":"https:\/\/www.autonvaraosahaku.fi\/index.php?rest_route=\/wp\/v2\/product\/98707","targetHints":{"allow":["GET"]}}],"collection":[{"href":"https:\/\/www.autonvaraosahaku.fi\/index.php?rest_route=\/wp\/v2\/product"}],"about":[{"href":"https:\/\/www.autonvaraosahaku.fi\/index.php?rest_route=\/wp\/v2\/types\/product"}],"wp:attachment":[{"href":"https:\/\/www.autonvaraosahaku.fi\/index.php?rest_route=%2Fwp%2Fv2%2Fmedia&parent=98707"}],"wp:term":[{"taxonomy":"pwb-brand","embeddable":true,"href":"https:\/\/www.autonvaraosahaku.fi\/index.php?rest_route=%2Fwp%2Fv2%2Fpwb-brand&post=98707"},{"taxonomy":"product_cat","embeddable":true,"href":"https:\/\/www.autonvaraosahaku.fi\/index.php?rest_route=%2Fwp%2Fv2%2Fproduct_cat&post=98707"},{"taxonomy":"product_tag","embeddable":true,"href":"https:\/\/www.autonvaraosahaku.fi\/index.php?rest_route=%2Fwp%2Fv2%2Fproduct_tag&post=98707"}],"curies":[{"name":"wp","href":"https:\/\/api.w.org\/{rel}","templated":true}]}}