{"id":98711,"date":"2021-02-21T22:22:57","date_gmt":"2021-02-21T22:22:57","guid":{"rendered":"https:\/\/www.autonvaraosahaku.fi\/?product=mapco-34163-2-jousijalan-tukilaakeri"},"modified":"2021-02-21T22:22:58","modified_gmt":"2021-02-21T22:22:58","slug":"mapco-34163-2-jousijalan-tukilaakeri","status":"publish","type":"product","link":"https:\/\/www.autonvaraosahaku.fi\/?product=mapco-34163-2-jousijalan-tukilaakeri","title":{"rendered":"MAPCO 34163\/2 Jousijalan tukilaakeri"},"content":{"rendered":"<p>M\u00e4\u00e4r\u00e4yksikk\u00f6: Sarja; Asennuspuoli: etuakseli molemminpuoleinen; Korvaava tuote\/korvaava tiedote 2: Jousijalan tukilaakerilla, Kuulalaakerilla; Lis\u00e4tarvike\/lis\u00e4tieto: Jousilautasella; Lukum\u00e4\u00e4r\u00e4 akselille: 1; Vaihteistomalli: Schaltgetriebe; RENAULT: TWINGO I C06_,CLIO I B\/C57_, 5\/357_; 7701470088<\/p>\n","protected":false},"excerpt":{"rendered":"<p>MAPCO Korjaussarja, Jousijalan Tukilaakeri 34163\/2  RENAULT,TWINGO I C06_,CLIO I B\/C57_, 5\/357_<\/p>\n","protected":false},"featured_media":0,"template":"","meta":{"site-sidebar-layout":"default","site-content-layout":"default","ast-global-header-display":"","ast-main-header-display":"","ast-hfb-above-header-display":"","ast-hfb-below-header-display":"","ast-hfb-mobile-header-display":"","site-post-title":"","ast-breadcrumbs-content":"","ast-featured-img":"","footer-sml-layout":"","theme-transparent-header-meta":"","adv-header-id-meta":"","stick-header-meta":"","header-above-stick-meta":"","header-main-stick-meta":"","header-below-stick-meta":""},"pwb-brand":[36],"product_cat":[45],"product_tag":[],"class_list":{"0":"post-98711","1":"product","2":"type-product","3":"status-publish","5":"pwb-brand-mapco","6":"product_cat-jousijalan-tukilaakeri","7":"desktop-align-left","8":"tablet-align-left","9":"mobile-align-left","11":"first","12":"instock","13":"product-type-external"},"brands":[{"id":36,"name":"MAPCO","slug":"mapco"}],"_links":{"self":[{"href":"https:\/\/www.autonvaraosahaku.fi\/index.php?rest_route=\/wp\/v2\/product\/98711","targetHints":{"allow":["GET"]}}],"collection":[{"href":"https:\/\/www.autonvaraosahaku.fi\/index.php?rest_route=\/wp\/v2\/product"}],"about":[{"href":"https:\/\/www.autonvaraosahaku.fi\/index.php?rest_route=\/wp\/v2\/types\/product"}],"wp:attachment":[{"href":"https:\/\/www.autonvaraosahaku.fi\/index.php?rest_route=%2Fwp%2Fv2%2Fmedia&parent=98711"}],"wp:term":[{"taxonomy":"pwb-brand","embeddable":true,"href":"https:\/\/www.autonvaraosahaku.fi\/index.php?rest_route=%2Fwp%2Fv2%2Fpwb-brand&post=98711"},{"taxonomy":"product_cat","embeddable":true,"href":"https:\/\/www.autonvaraosahaku.fi\/index.php?rest_route=%2Fwp%2Fv2%2Fproduct_cat&post=98711"},{"taxonomy":"product_tag","embeddable":true,"href":"https:\/\/www.autonvaraosahaku.fi\/index.php?rest_route=%2Fwp%2Fv2%2Fproduct_tag&post=98711"}],"curies":[{"name":"wp","href":"https:\/\/api.w.org\/{rel}","templated":true}]}}