{"id":98713,"date":"2021-02-21T22:22:57","date_gmt":"2021-02-21T22:22:57","guid":{"rendered":"https:\/\/www.autonvaraosahaku.fi\/?product=payen-ah5731-kannentiiviste"},"modified":"2021-02-21T22:22:58","modified_gmt":"2021-02-21T22:22:58","slug":"payen-ah5731-kannentiiviste","status":"publish","type":"product","link":"https:\/\/www.autonvaraosahaku.fi\/?product=payen-ah5731-kannentiiviste","title":{"rendered":"PAYEN AH5731 Kannentiiviste"},"content":{"rendered":"<p>Paksuus [mm]: 1,22; L\u00e4pimitta [mm]: 82,5; Lovi-\/reik\u00e4lukum\u00e4\u00e4r\u00e4: 3; Tiivistetyyppi: Metalli-kerros tiiviste; TECDOC-moottorinumero: 24908; PEUGEOT: 407 SW 6E_,607 9D, 9U,407 6D_,407 Coupe 6C_; CITRO\u00cbN: C5 III RD_; LAND ROVER: RANGE ROVER SPORT LS,DISCOVERY III TAA,DISCOVERY IV LA; JAGUAR: S-TYPE CCX,XF _J05_, CC9,XJ X350, X358; 1348683, 209CX; Tiiviste, Sylinterikansi<\/p>\n","protected":false},"excerpt":{"rendered":"<p>PAYEN Kannentiiviste AH5731 Tiiviste, Sylinterikansi PEUGEOT,CITRO\u00cbN,LAND ROVER,407 SW 6E_,607 9D, 9U,407 6D_,407 Coupe 6C_,C5 III RD_<\/p>\n","protected":false},"featured_media":0,"template":"","meta":{"site-sidebar-layout":"default","site-content-layout":"default","ast-global-header-display":"","ast-main-header-display":"","ast-hfb-above-header-display":"","ast-hfb-below-header-display":"","ast-hfb-mobile-header-display":"","site-post-title":"","ast-breadcrumbs-content":"","ast-featured-img":"","footer-sml-layout":"","theme-transparent-header-meta":"","adv-header-id-meta":"","stick-header-meta":"","header-above-stick-meta":"","header-main-stick-meta":"","header-below-stick-meta":""},"pwb-brand":[329],"product_cat":[230],"product_tag":[],"class_list":{"0":"post-98713","1":"product","2":"type-product","3":"status-publish","5":"pwb-brand-payen","6":"product_cat-kannentiiviste","7":"desktop-align-left","8":"tablet-align-left","9":"mobile-align-left","11":"first","12":"instock","13":"product-type-external"},"brands":[{"id":329,"name":"PAYEN","slug":"payen"}],"_links":{"self":[{"href":"https:\/\/www.autonvaraosahaku.fi\/index.php?rest_route=\/wp\/v2\/product\/98713","targetHints":{"allow":["GET"]}}],"collection":[{"href":"https:\/\/www.autonvaraosahaku.fi\/index.php?rest_route=\/wp\/v2\/product"}],"about":[{"href":"https:\/\/www.autonvaraosahaku.fi\/index.php?rest_route=\/wp\/v2\/types\/product"}],"wp:attachment":[{"href":"https:\/\/www.autonvaraosahaku.fi\/index.php?rest_route=%2Fwp%2Fv2%2Fmedia&parent=98713"}],"wp:term":[{"taxonomy":"pwb-brand","embeddable":true,"href":"https:\/\/www.autonvaraosahaku.fi\/index.php?rest_route=%2Fwp%2Fv2%2Fpwb-brand&post=98713"},{"taxonomy":"product_cat","embeddable":true,"href":"https:\/\/www.autonvaraosahaku.fi\/index.php?rest_route=%2Fwp%2Fv2%2Fproduct_cat&post=98713"},{"taxonomy":"product_tag","embeddable":true,"href":"https:\/\/www.autonvaraosahaku.fi\/index.php?rest_route=%2Fwp%2Fv2%2Fproduct_tag&post=98713"}],"curies":[{"name":"wp","href":"https:\/\/api.w.org\/{rel}","templated":true}]}}