{"id":98717,"date":"2021-02-21T22:22:57","date_gmt":"2021-02-21T22:22:57","guid":{"rendered":"https:\/\/www.autonvaraosahaku.fi\/?product=calorstat-by-vernet-ts1899-lampokytkin-jaahdyttimen-puhallin"},"modified":"2021-02-21T22:23:00","modified_gmt":"2021-02-21T22:23:00","slug":"calorstat-by-vernet-ts1899-lampokytkin-jaahdyttimen-puhallin","status":"publish","type":"product","link":"https:\/\/www.autonvaraosahaku.fi\/?product=calorstat-by-vernet-ts1899-lampokytkin-jaahdyttimen-puhallin","title":{"rendered":"CALORSTAT by Vernet TS1899 L\u00e4mp\u00f6kytkin j\u00e4\u00e4hdyttimen puhallin"},"content":{"rendered":"<p>Katkaisupiste (\u00b0C): 87; Kierremitta: M22x1.5; Teknisten tietojen numero: Circuit N.O.; Valmistusvuosi alkaen: 03\/1992; FIAT: SEICENTO 187,PUNTO 176,DUCATO Kasten 290,DUCATO Pritsche\/Fahrgestell 290,DUCATO Kasten 280,CINQUECENTO 170,PANDA 141A_,COUPE FA\/175,STRADA Pick-up 178E,MULTIPLA 186,DUCATO Panorama 280,BRAVO I 182,BRAVA 182,PUNTO Cabriolet 176C,MAREA Weekend 185,UNO 146A\/E,DUCATO Panorama 290,PALIO Weekend 178DX,FIORINO Kasten 146,SEICENTO Van 187,TIPO 160,CROMA 154,PANDA Van 141_,MAREA 185,TALENTO Pritsche\/Fahrgestell 290,TEMPRA 159,PUNTO Van 176L,TEMPRA S.W. 159,FIORINO Pick up 146,TALENTO Bus 290,FIORINO 147,TALENTO Kasten 290,REGATA 138,PALIO 178BX,SIENA 178_,FIORINO Pick up 147,REGATA Weekend 138,DUNA 146 B,DUNA Weekend 146 B; PEUGEOT: J5 Pritsche\/Fahrgestell 290L,BOXER Kasten 230L,J5 Bus 290P,J5 Kasten 290L,BOXER Bus 230P,BOXER Pritsche\/Fahrgestell ZCT_; CITRO\u00cbN: C25 Bus 280_, 290_,JUMPER Kasten 230L,JUMPER Bus 230P,C25 Pritsche\/Fahrgestell 280_, 290_,JUMPER Pritsche\/Fahrgestell 230,C25 Kasten 280_, 290_; ALFA ROMEO: 145 930,155 167,146 930,33 907A,33 Sportwagon 907B; LANCIA: Y 840A,DELTA I 831AB0,THEMA 834,DELTA II 836,DEDRA 835,Y10 156,DEDRA SW 835,THEMA SW 834,PRISMA 831AB0; AUTOBIANCHI: Y10; INNOCENTI: ELBA 146; 60585603, 60806057, 60808223, 82420013, 5992746<\/p>\n","protected":false},"excerpt":{"rendered":"<p>CALORSTAT by Vernet L\u00e4mp\u00f6kytkin J\u00e4\u00e4hdyttimen Puhallin TS1899  FIAT,PEUGEOT,CITRO\u00cbN,SEICENTO 187,PUNTO 176,DUCATO Kasten 290<\/p>\n","protected":false},"featured_media":0,"template":"","meta":{"site-sidebar-layout":"default","site-content-layout":"default","ast-global-header-display":"","ast-main-header-display":"","ast-hfb-above-header-display":"","ast-hfb-below-header-display":"","ast-hfb-mobile-header-display":"","site-post-title":"","ast-breadcrumbs-content":"","ast-featured-img":"","footer-sml-layout":"","theme-transparent-header-meta":"","adv-header-id-meta":"","stick-header-meta":"","header-above-stick-meta":"","header-main-stick-meta":"","header-below-stick-meta":""},"pwb-brand":[343],"product_cat":[290],"product_tag":[],"class_list":{"0":"post-98717","1":"product","2":"type-product","3":"status-publish","5":"pwb-brand-calorstat-by-vernet","6":"product_cat-lampokytkin-jaahdyttimen-puhallin","7":"desktop-align-left","8":"tablet-align-left","9":"mobile-align-left","11":"first","12":"instock","13":"product-type-external"},"brands":[{"id":343,"name":"CALORSTAT by Vernet","slug":"calorstat-by-vernet"}],"_links":{"self":[{"href":"https:\/\/www.autonvaraosahaku.fi\/index.php?rest_route=\/wp\/v2\/product\/98717","targetHints":{"allow":["GET"]}}],"collection":[{"href":"https:\/\/www.autonvaraosahaku.fi\/index.php?rest_route=\/wp\/v2\/product"}],"about":[{"href":"https:\/\/www.autonvaraosahaku.fi\/index.php?rest_route=\/wp\/v2\/types\/product"}],"wp:attachment":[{"href":"https:\/\/www.autonvaraosahaku.fi\/index.php?rest_route=%2Fwp%2Fv2%2Fmedia&parent=98717"}],"wp:term":[{"taxonomy":"pwb-brand","embeddable":true,"href":"https:\/\/www.autonvaraosahaku.fi\/index.php?rest_route=%2Fwp%2Fv2%2Fpwb-brand&post=98717"},{"taxonomy":"product_cat","embeddable":true,"href":"https:\/\/www.autonvaraosahaku.fi\/index.php?rest_route=%2Fwp%2Fv2%2Fproduct_cat&post=98717"},{"taxonomy":"product_tag","embeddable":true,"href":"https:\/\/www.autonvaraosahaku.fi\/index.php?rest_route=%2Fwp%2Fv2%2Fproduct_tag&post=98717"}],"curies":[{"name":"wp","href":"https:\/\/api.w.org\/{rel}","templated":true}]}}