{"id":98718,"date":"2021-02-21T22:22:57","date_gmt":"2021-02-21T22:22:57","guid":{"rendered":"https:\/\/www.autonvaraosahaku.fi\/?product=a-b-s-40643-kasijarrukengat"},"modified":"2021-02-21T22:23:00","modified_gmt":"2021-02-21T22:23:00","slug":"a-b-s-40643-kasijarrukengat","status":"publish","type":"product","link":"https:\/\/www.autonvaraosahaku.fi\/?product=a-b-s-40643-kasijarrukengat","title":{"rendered":"A.B.S. 40643 K\u00e4sijarrukeng\u00e4t"},"content":{"rendered":"<p>L\u00e4pimitta [mm]: 172; Leveys (mm): 20; Paino [kg]: 1; Asennuspuoli: Hinterachse; CHRYSLER: PT CRUISER PT_,SEBRING Cabriolet JR,300 M LR,PT CRUISER Cabriolet,SEBRING JR,NEON II,NEON PL; DODGE: NEON II; 4741772, 5073647AA, 5073647AB, 4741772, 5073647AA, 5073647AB; Jarrukenk\u00e4sarja, K\u00e4sijarru<\/p>\n","protected":false},"excerpt":{"rendered":"<p>A.B.S. K\u00e4sijarrukeng\u00e4t 40643 Jarrukenk\u00e4sarja, K\u00e4sijarru CHRYSLER,DODGE,PT CRUISER PT_,SEBRING Cabriolet JR,300 M LR,PT CRUISER Cabriolet,SEBRING JR<\/p>\n","protected":false},"featured_media":0,"template":"","meta":{"site-sidebar-layout":"default","site-content-layout":"default","ast-global-header-display":"","ast-main-header-display":"","ast-hfb-above-header-display":"","ast-hfb-below-header-display":"","ast-hfb-mobile-header-display":"","site-post-title":"","ast-breadcrumbs-content":"","ast-featured-img":"","footer-sml-layout":"","theme-transparent-header-meta":"","adv-header-id-meta":"","stick-header-meta":"","header-above-stick-meta":"","header-main-stick-meta":"","header-below-stick-meta":""},"pwb-brand":[326],"product_cat":[236],"product_tag":[],"class_list":{"0":"post-98718","1":"product","2":"type-product","3":"status-publish","5":"pwb-brand-a-b-s","6":"product_cat-kasijarrukengat","7":"desktop-align-left","8":"tablet-align-left","9":"mobile-align-left","11":"first","12":"instock","13":"product-type-external"},"brands":[{"id":326,"name":"A.B.S.","slug":"a-b-s"}],"_links":{"self":[{"href":"https:\/\/www.autonvaraosahaku.fi\/index.php?rest_route=\/wp\/v2\/product\/98718","targetHints":{"allow":["GET"]}}],"collection":[{"href":"https:\/\/www.autonvaraosahaku.fi\/index.php?rest_route=\/wp\/v2\/product"}],"about":[{"href":"https:\/\/www.autonvaraosahaku.fi\/index.php?rest_route=\/wp\/v2\/types\/product"}],"wp:attachment":[{"href":"https:\/\/www.autonvaraosahaku.fi\/index.php?rest_route=%2Fwp%2Fv2%2Fmedia&parent=98718"}],"wp:term":[{"taxonomy":"pwb-brand","embeddable":true,"href":"https:\/\/www.autonvaraosahaku.fi\/index.php?rest_route=%2Fwp%2Fv2%2Fpwb-brand&post=98718"},{"taxonomy":"product_cat","embeddable":true,"href":"https:\/\/www.autonvaraosahaku.fi\/index.php?rest_route=%2Fwp%2Fv2%2Fproduct_cat&post=98718"},{"taxonomy":"product_tag","embeddable":true,"href":"https:\/\/www.autonvaraosahaku.fi\/index.php?rest_route=%2Fwp%2Fv2%2Fproduct_tag&post=98718"}],"curies":[{"name":"wp","href":"https:\/\/api.w.org\/{rel}","templated":true}]}}