{"id":98746,"date":"2021-02-21T22:23:06","date_gmt":"2021-02-21T22:23:06","guid":{"rendered":"https:\/\/www.autonvaraosahaku.fi\/?product=a-b-s-2841-s-jarrurumpu"},"modified":"2021-02-21T22:23:12","modified_gmt":"2021-02-21T22:23:12","slug":"a-b-s-2841-s-jarrurumpu","status":"publish","type":"product","link":"https:\/\/www.autonvaraosahaku.fi\/?product=a-b-s-2841-s-jarrurumpu","title":{"rendered":"A.B.S. 2841-S Jarrurumpu"},"content":{"rendered":"<p>Jarrurummun sis\u00e4-\u00d8 [mm]: 200; J-rumpu sis\u00e4leveys [mm]: 40,7; Korkeus (mm): 57; Vanne, aukkoja: 4; Navan l\u00e4pimitta 1 [mm]: 57; Jarrurummun ulkol\u00e4pim. [mm]: 230; Reik\u00e4ympyr\u00e4-\u00d8 [mm]: 100; Paino [kg]: 3,97; Asennuspuoli: Hinterachse; CHEVROLET: SPARK M300,KALOS,AVEO Schr\u00e4gheck T250, T255,AVEO Stufenheck T250, T255,KALOS Stufenheck,AVEO Stufenheck T200,AVEO Schr\u00e4gheck T200; DAEWOO: KALOS KLAS,KALOS Stufenheck KLAS; 96386900, 96470999, 96471278, 96471771, 96386900<\/p>\n","protected":false},"excerpt":{"rendered":"<p>A.B.S. Jarrurumpu 2841-S  CHEVROLET,DAEWOO,SPARK M300,KALOS,AVEO Schr\u00e4gheck T250, T255,AVEO Stufenheck T250, T255,KALOS Stufenheck<\/p>\n","protected":false},"featured_media":0,"template":"","meta":{"site-sidebar-layout":"default","site-content-layout":"default","ast-global-header-display":"","ast-main-header-display":"","ast-hfb-above-header-display":"","ast-hfb-below-header-display":"","ast-hfb-mobile-header-display":"","site-post-title":"","ast-breadcrumbs-content":"","ast-featured-img":"","footer-sml-layout":"","theme-transparent-header-meta":"","adv-header-id-meta":"","stick-header-meta":"","header-above-stick-meta":"","header-main-stick-meta":"","header-below-stick-meta":""},"pwb-brand":[326],"product_cat":[304],"product_tag":[],"class_list":{"0":"post-98746","1":"product","2":"type-product","3":"status-publish","5":"pwb-brand-a-b-s","6":"product_cat-jarrurumpu","7":"desktop-align-left","8":"tablet-align-left","9":"mobile-align-left","11":"first","12":"instock","13":"product-type-external"},"brands":[{"id":326,"name":"A.B.S.","slug":"a-b-s"}],"_links":{"self":[{"href":"https:\/\/www.autonvaraosahaku.fi\/index.php?rest_route=\/wp\/v2\/product\/98746","targetHints":{"allow":["GET"]}}],"collection":[{"href":"https:\/\/www.autonvaraosahaku.fi\/index.php?rest_route=\/wp\/v2\/product"}],"about":[{"href":"https:\/\/www.autonvaraosahaku.fi\/index.php?rest_route=\/wp\/v2\/types\/product"}],"wp:attachment":[{"href":"https:\/\/www.autonvaraosahaku.fi\/index.php?rest_route=%2Fwp%2Fv2%2Fmedia&parent=98746"}],"wp:term":[{"taxonomy":"pwb-brand","embeddable":true,"href":"https:\/\/www.autonvaraosahaku.fi\/index.php?rest_route=%2Fwp%2Fv2%2Fpwb-brand&post=98746"},{"taxonomy":"product_cat","embeddable":true,"href":"https:\/\/www.autonvaraosahaku.fi\/index.php?rest_route=%2Fwp%2Fv2%2Fproduct_cat&post=98746"},{"taxonomy":"product_tag","embeddable":true,"href":"https:\/\/www.autonvaraosahaku.fi\/index.php?rest_route=%2Fwp%2Fv2%2Fproduct_tag&post=98746"}],"curies":[{"name":"wp","href":"https:\/\/api.w.org\/{rel}","templated":true}]}}