{"id":98757,"date":"2021-02-21T22:23:14","date_gmt":"2021-02-21T22:23:14","guid":{"rendered":"https:\/\/www.autonvaraosahaku.fi\/?product=sidem-871902-kallistuksenvakaajan-puslat"},"modified":"2021-02-21T22:23:17","modified_gmt":"2021-02-21T22:23:17","slug":"sidem-871902-kallistuksenvakaajan-puslat","status":"publish","type":"product","link":"https:\/\/www.autonvaraosahaku.fi\/?product=sidem-871902-kallistuksenvakaajan-puslat","title":{"rendered":"SIDEM 871902 Kallistuksenvakaajan puslat"},"content":{"rendered":"<p>Asennuspuoli: Taka-akseli; Kokonaispituus (mm): 36,5; Sis\u00e4l\u00e4pimitta [mm]: 17,5; L\u00e4pimitta 4 [mm]: 18; CITRO\u00cbN: C4 AIRCROSS; PEUGEOT: 4008; MITSUBISHI: ASX GA_W_,OUTLANDER III GG_W, GF_W, ZJ,LANCER SPORTBACK CX_A,LANCER Stufenheck CY\/Z_A,ECLIPSE CROSS GK_; 1607499080, MN101395, 1607499080; Kallistuksenvakaajan Kumit,Vakaajan Hela<\/p>\n","protected":false},"excerpt":{"rendered":"<p>SIDEM Kallistuksenvakaajan Puslat 871902 Kallistuksenvakaajan Kumit,Vakaajan Hela CITRO\u00cbN,PEUGEOT,MITSUBISHI,C4 AIRCROSS,4008,ASX GA_W_<\/p>\n","protected":false},"featured_media":0,"template":"","meta":{"site-sidebar-layout":"default","site-content-layout":"default","ast-global-header-display":"","ast-main-header-display":"","ast-hfb-above-header-display":"","ast-hfb-below-header-display":"","ast-hfb-mobile-header-display":"","site-post-title":"","ast-breadcrumbs-content":"","ast-featured-img":"","footer-sml-layout":"","theme-transparent-header-meta":"","adv-header-id-meta":"","stick-header-meta":"","header-above-stick-meta":"","header-main-stick-meta":"","header-below-stick-meta":""},"pwb-brand":[195],"product_cat":[82],"product_tag":[],"class_list":{"0":"post-98757","1":"product","2":"type-product","3":"status-publish","5":"pwb-brand-sidem","6":"product_cat-kallistuksenvakaajan-puslat","7":"desktop-align-left","8":"tablet-align-left","9":"mobile-align-left","11":"first","12":"instock","13":"product-type-external"},"brands":[{"id":195,"name":"SIDEM","slug":"sidem"}],"_links":{"self":[{"href":"https:\/\/www.autonvaraosahaku.fi\/index.php?rest_route=\/wp\/v2\/product\/98757","targetHints":{"allow":["GET"]}}],"collection":[{"href":"https:\/\/www.autonvaraosahaku.fi\/index.php?rest_route=\/wp\/v2\/product"}],"about":[{"href":"https:\/\/www.autonvaraosahaku.fi\/index.php?rest_route=\/wp\/v2\/types\/product"}],"wp:attachment":[{"href":"https:\/\/www.autonvaraosahaku.fi\/index.php?rest_route=%2Fwp%2Fv2%2Fmedia&parent=98757"}],"wp:term":[{"taxonomy":"pwb-brand","embeddable":true,"href":"https:\/\/www.autonvaraosahaku.fi\/index.php?rest_route=%2Fwp%2Fv2%2Fpwb-brand&post=98757"},{"taxonomy":"product_cat","embeddable":true,"href":"https:\/\/www.autonvaraosahaku.fi\/index.php?rest_route=%2Fwp%2Fv2%2Fproduct_cat&post=98757"},{"taxonomy":"product_tag","embeddable":true,"href":"https:\/\/www.autonvaraosahaku.fi\/index.php?rest_route=%2Fwp%2Fv2%2Fproduct_tag&post=98757"}],"curies":[{"name":"wp","href":"https:\/\/api.w.org\/{rel}","templated":true}]}}