{"id":9876,"date":"2021-02-21T14:07:10","date_gmt":"2021-02-21T14:07:10","guid":{"rendered":"https:\/\/www.autonvaraosahaku.fi\/?product=meyle-11-14-030-0028-moottorin-kumityyny"},"modified":"2021-02-21T14:07:11","modified_gmt":"2021-02-21T14:07:11","slug":"meyle-11-14-030-0028-moottorin-kumityyny","status":"publish","type":"product","link":"https:\/\/www.autonvaraosahaku.fi\/?product=meyle-11-14-030-0028-moottorin-kumityyny","title":{"rendered":"MEYLE 11-14 030 0028 Moottorin kumityyny"},"content":{"rendered":"<p>Asennuspuoli: Takana; Kiinnitysmalli: Kumimetallilaakeri; Ulkol\u00e4pimitta [mm]: 30; Reik\u00e4-\u00d8 [mm]: 10; lis\u00e4tieto: ORIGINAL Quality; Valmistusvuoteen: 08\/2007; CITRO\u00cbN: BERLINGO B9,C4 Picasso I UD_,C4 Grand Picasso I UA_,C4 I LC_,C4 Coupe LA_,C4 II B7,BERLINGO Kasten B9,DS4,DS5,C4 Stufenheck L,BERLINGO Pritsche\/Fahrgestell B9; PEUGEOT: 206 Schr\u00e4gheck 2A\/C,307 SW 3H,307 CC 3B,307 3A\/C,308 SW,206 SW 2E\/K,206+ T3E,308 4A_, 4C_,5008,307 Break 3E,3008,PARTNER Tepee,RCZ,308 CC,PARTNER Kasten,206 Stufenheck,PARTNER Pritsche\/Fahrgestell; DS: DS5,DS 4 \/ DS 4 CROSSBACK; 180627, 180668, 1806H1, 185420, 9622739380, 180627, 180650, 180668, 1806H1, 185420, 9622739380; Moottorin Tukikumit,Moottorin Tuki<\/p>\n","protected":false},"excerpt":{"rendered":"<p>MEYLE Moottorin Kumityyny 11-14 030 0028 Moottorin Tukikumit,Moottorin Tuki CITRO\u00cbN,PEUGEOT,DS,BERLINGO B9,C4 Picasso I UD_,C4 Grand Picasso I UA_<\/p>\n","protected":false},"featured_media":0,"template":"","meta":{"site-sidebar-layout":"default","site-content-layout":"default","ast-global-header-display":"","ast-main-header-display":"","ast-hfb-above-header-display":"","ast-hfb-below-header-display":"","ast-hfb-mobile-header-display":"","site-post-title":"","ast-breadcrumbs-content":"","ast-featured-img":"","footer-sml-layout":"","theme-transparent-header-meta":"","adv-header-id-meta":"","stick-header-meta":"","header-above-stick-meta":"","header-main-stick-meta":"","header-below-stick-meta":""},"pwb-brand":[84],"product_cat":[74],"product_tag":[],"class_list":{"0":"post-9876","1":"product","2":"type-product","3":"status-publish","5":"pwb-brand-meyle","6":"product_cat-moottorin-kumityyny","7":"desktop-align-left","8":"tablet-align-left","9":"mobile-align-left","11":"first","12":"instock","13":"product-type-external"},"brands":[{"id":84,"name":"MEYLE","slug":"meyle"}],"_links":{"self":[{"href":"https:\/\/www.autonvaraosahaku.fi\/index.php?rest_route=\/wp\/v2\/product\/9876","targetHints":{"allow":["GET"]}}],"collection":[{"href":"https:\/\/www.autonvaraosahaku.fi\/index.php?rest_route=\/wp\/v2\/product"}],"about":[{"href":"https:\/\/www.autonvaraosahaku.fi\/index.php?rest_route=\/wp\/v2\/types\/product"}],"wp:attachment":[{"href":"https:\/\/www.autonvaraosahaku.fi\/index.php?rest_route=%2Fwp%2Fv2%2Fmedia&parent=9876"}],"wp:term":[{"taxonomy":"pwb-brand","embeddable":true,"href":"https:\/\/www.autonvaraosahaku.fi\/index.php?rest_route=%2Fwp%2Fv2%2Fpwb-brand&post=9876"},{"taxonomy":"product_cat","embeddable":true,"href":"https:\/\/www.autonvaraosahaku.fi\/index.php?rest_route=%2Fwp%2Fv2%2Fproduct_cat&post=9876"},{"taxonomy":"product_tag","embeddable":true,"href":"https:\/\/www.autonvaraosahaku.fi\/index.php?rest_route=%2Fwp%2Fv2%2Fproduct_tag&post=9876"}],"curies":[{"name":"wp","href":"https:\/\/api.w.org\/{rel}","templated":true}]}}