{"id":98769,"date":"2021-02-21T22:23:14","date_gmt":"2021-02-21T22:23:14","guid":{"rendered":"https:\/\/www.autonvaraosahaku.fi\/?product=blic-6102-01-0005p-sivupeilin-lasi"},"modified":"2021-02-21T22:23:22","modified_gmt":"2021-02-21T22:23:22","slug":"blic-6102-01-0005p-sivupeilin-lasi","status":"publish","type":"product","link":"https:\/\/www.autonvaraosahaku.fi\/?product=blic-6102-01-0005p-sivupeilin-lasi","title":{"rendered":"BLIC 6102-01-0005P Sivupeilin lasi"},"content":{"rendered":"<p>Asennuspuoli: Oikea; Ulko-\/sis\u00e4peili: Asf\u00e4\u00e4rinen; AUDI: 80 8C, B4,80 89, 89Q, 8A, B3,80 Avant 8C, B4; Peililasi, Ulkopeili<\/p>\n","protected":false},"excerpt":{"rendered":"<p>BLIC Sivupeilin Lasi 6102-01-0005P Peililasi, Ulkopeili AUDI,80 8C, B4,80 89, 89Q, 8A, B3,80 Avant 8C, B4<\/p>\n","protected":false},"featured_media":0,"template":"","meta":{"site-sidebar-layout":"default","site-content-layout":"default","ast-global-header-display":"","ast-main-header-display":"","ast-hfb-above-header-display":"","ast-hfb-below-header-display":"","ast-hfb-mobile-header-display":"","site-post-title":"","ast-breadcrumbs-content":"","ast-featured-img":"","footer-sml-layout":"","theme-transparent-header-meta":"","adv-header-id-meta":"","stick-header-meta":"","header-above-stick-meta":"","header-main-stick-meta":"","header-below-stick-meta":""},"pwb-brand":[297],"product_cat":[196],"product_tag":[],"class_list":{"0":"post-98769","1":"product","2":"type-product","3":"status-publish","5":"pwb-brand-blic","6":"product_cat-sivupeilin-lasi","7":"desktop-align-left","8":"tablet-align-left","9":"mobile-align-left","11":"first","12":"instock","13":"product-type-external"},"brands":[{"id":297,"name":"BLIC","slug":"blic"}],"_links":{"self":[{"href":"https:\/\/www.autonvaraosahaku.fi\/index.php?rest_route=\/wp\/v2\/product\/98769","targetHints":{"allow":["GET"]}}],"collection":[{"href":"https:\/\/www.autonvaraosahaku.fi\/index.php?rest_route=\/wp\/v2\/product"}],"about":[{"href":"https:\/\/www.autonvaraosahaku.fi\/index.php?rest_route=\/wp\/v2\/types\/product"}],"wp:attachment":[{"href":"https:\/\/www.autonvaraosahaku.fi\/index.php?rest_route=%2Fwp%2Fv2%2Fmedia&parent=98769"}],"wp:term":[{"taxonomy":"pwb-brand","embeddable":true,"href":"https:\/\/www.autonvaraosahaku.fi\/index.php?rest_route=%2Fwp%2Fv2%2Fpwb-brand&post=98769"},{"taxonomy":"product_cat","embeddable":true,"href":"https:\/\/www.autonvaraosahaku.fi\/index.php?rest_route=%2Fwp%2Fv2%2Fproduct_cat&post=98769"},{"taxonomy":"product_tag","embeddable":true,"href":"https:\/\/www.autonvaraosahaku.fi\/index.php?rest_route=%2Fwp%2Fv2%2Fproduct_tag&post=98769"}],"curies":[{"name":"wp","href":"https:\/\/api.w.org\/{rel}","templated":true}]}}