{"id":98808,"date":"2021-02-21T22:23:32","date_gmt":"2021-02-21T22:23:32","guid":{"rendered":"https:\/\/www.autonvaraosahaku.fi\/?product=monroe-l29847-tukivarren-hela"},"modified":"2021-02-21T22:23:39","modified_gmt":"2021-02-21T22:23:39","slug":"monroe-l29847-tukivarren-hela","status":"publish","type":"product","link":"https:\/\/www.autonvaraosahaku.fi\/?product=monroe-l29847-tukivarren-hela","title":{"rendered":"MONROE L29847 Tukivarren hela"},"content":{"rendered":"<p>Leveys (mm): 41; Paino [kg]: 0,130; Tarvittava kappalem\u00e4\u00e4r\u00e4: 2; Sis\u00e4l\u00e4pimitta [mm]: 13; Ulkol\u00e4pimitta [mm]: 60; Ohjausmalli: Poikittaistukivarsi; Kiinnitysmalli: Kumimetallilaakeri; Pakkauspituus [cm]: 11; Pakkausleveys [cm]: 6; Pakkauskorkeus [mm]: 6; Asennuspuoli: Vorderachse; VW: GOLF IV 1J1,POLO 9N_,POLO 6R, 6C,GOLF IV Variant 1J5,UP,BORA 1J2,NEW BEETLE 9C1, 1C1,BORA Kombi 1J6,NEW BEETLE Cabriolet 1Y7,POLO Stufenheck,POLO Van 6R,GOLF IV Van 1J1,LOAD UP; AUDI: A3 8L1,A1 8X1, 8XF,TT Roadster 8N9,A1 Sportback 8XA, 8XK; SKODA: FABIA,OCTAVIA Combi 1U5,FABIA Combi,ROOMSTER 5J,OCTAVIA 1U2,CITIGO,RAPID Spaceback NH1,ROOMSTER Praktik 5J,RAPID NH3,FABIA NJ3,FABIA Kombi NJ5; SEAT: IBIZA V 6J5, 6P5,LEON 1M1,IBIZA V ST 6J8, 6P8,Mii KF1_,TOLEDO II 1M2,IBIZA V SPORTCOUPE 6J1, 6P1,TOLEDO IV KG3; 1J0407181, 1J0407181A, 1J0407181, 1J0407181A, 1J0407181, 1J0407181A, 1J0407181, 1J0407181A<\/p>\n","protected":false},"excerpt":{"rendered":"<p>MONROE Tukivarren Hela L29847  VW,AUDI,SKODA,GOLF IV 1J1,POLO 9N_,POLO 6R, 6C,GOLF IV Variant 1J5,UP,BORA 1J2,NEW BEETLE 9C1, 1C1,BORA Kombi 1J6<\/p>\n","protected":false},"featured_media":0,"template":"","meta":{"site-sidebar-layout":"default","site-content-layout":"default","ast-global-header-display":"","ast-main-header-display":"","ast-hfb-above-header-display":"","ast-hfb-below-header-display":"","ast-hfb-mobile-header-display":"","site-post-title":"","ast-breadcrumbs-content":"","ast-featured-img":"","footer-sml-layout":"","theme-transparent-header-meta":"","adv-header-id-meta":"","stick-header-meta":"","header-above-stick-meta":"","header-main-stick-meta":"","header-below-stick-meta":""},"pwb-brand":[79],"product_cat":[115],"product_tag":[],"class_list":{"0":"post-98808","1":"product","2":"type-product","3":"status-publish","5":"pwb-brand-monroe","6":"product_cat-tukivarren-hela","7":"desktop-align-left","8":"tablet-align-left","9":"mobile-align-left","11":"first","12":"instock","13":"product-type-external"},"brands":[{"id":79,"name":"MONROE","slug":"monroe"}],"_links":{"self":[{"href":"https:\/\/www.autonvaraosahaku.fi\/index.php?rest_route=\/wp\/v2\/product\/98808","targetHints":{"allow":["GET"]}}],"collection":[{"href":"https:\/\/www.autonvaraosahaku.fi\/index.php?rest_route=\/wp\/v2\/product"}],"about":[{"href":"https:\/\/www.autonvaraosahaku.fi\/index.php?rest_route=\/wp\/v2\/types\/product"}],"wp:attachment":[{"href":"https:\/\/www.autonvaraosahaku.fi\/index.php?rest_route=%2Fwp%2Fv2%2Fmedia&parent=98808"}],"wp:term":[{"taxonomy":"pwb-brand","embeddable":true,"href":"https:\/\/www.autonvaraosahaku.fi\/index.php?rest_route=%2Fwp%2Fv2%2Fpwb-brand&post=98808"},{"taxonomy":"product_cat","embeddable":true,"href":"https:\/\/www.autonvaraosahaku.fi\/index.php?rest_route=%2Fwp%2Fv2%2Fproduct_cat&post=98808"},{"taxonomy":"product_tag","embeddable":true,"href":"https:\/\/www.autonvaraosahaku.fi\/index.php?rest_route=%2Fwp%2Fv2%2Fproduct_tag&post=98808"}],"curies":[{"name":"wp","href":"https:\/\/api.w.org\/{rel}","templated":true}]}}