{"id":98814,"date":"2021-02-21T22:23:40","date_gmt":"2021-02-21T22:23:40","guid":{"rendered":"https:\/\/www.autonvaraosahaku.fi\/?product=monroe-l29600-koiranluu"},"modified":"2021-02-21T22:23:42","modified_gmt":"2021-02-21T22:23:42","slug":"monroe-l29600-koiranluu","status":"publish","type":"product","link":"https:\/\/www.autonvaraosahaku.fi\/?product=monroe-l29600-koiranluu","title":{"rendered":"MONROE L29600 Koiranluu"},"content":{"rendered":"<p>Paino [kg]: 0,372; Tarvittava kappalem\u00e4\u00e4r\u00e4: 2; Tanko \/ tuki: Yhdystanko; Pakkauspituus [cm]: 31; Pakkausleveys [cm]: 8; Pakkauskorkeus [mm]: 4; Asennuspuoli: Vorderachse; AUDI: 80 8C, B4,80 89, 89Q, 8A, B3,CABRIOLET 8G7, B4,80 Avant 8C, B4,90 89, 89Q, 8A, B3; 893407465, 893407465A, 8A0407465C; Kallistuksenvakaajan Yhdystanko,Tanko, Kallistuksenvaimennin<\/p>\n","protected":false},"excerpt":{"rendered":"<p>MONROE Koiranluu L29600 Kallistuksenvakaajan Yhdystanko,Tanko, Kallistuksenvaimennin AUDI,80 8C, B4,80 89, 89Q, 8A, B3,CABRIOLET 8G7, B4<\/p>\n","protected":false},"featured_media":0,"template":"","meta":{"site-sidebar-layout":"default","site-content-layout":"default","ast-global-header-display":"","ast-main-header-display":"","ast-hfb-above-header-display":"","ast-hfb-below-header-display":"","ast-hfb-mobile-header-display":"","site-post-title":"","ast-breadcrumbs-content":"","ast-featured-img":"","footer-sml-layout":"","theme-transparent-header-meta":"","adv-header-id-meta":"","stick-header-meta":"","header-above-stick-meta":"","header-main-stick-meta":"","header-below-stick-meta":""},"pwb-brand":[79],"product_cat":[38],"product_tag":[],"class_list":{"0":"post-98814","1":"product","2":"type-product","3":"status-publish","5":"pwb-brand-monroe","6":"product_cat-koiranluu","7":"desktop-align-left","8":"tablet-align-left","9":"mobile-align-left","11":"first","12":"instock","13":"product-type-external"},"brands":[{"id":79,"name":"MONROE","slug":"monroe"}],"_links":{"self":[{"href":"https:\/\/www.autonvaraosahaku.fi\/index.php?rest_route=\/wp\/v2\/product\/98814","targetHints":{"allow":["GET"]}}],"collection":[{"href":"https:\/\/www.autonvaraosahaku.fi\/index.php?rest_route=\/wp\/v2\/product"}],"about":[{"href":"https:\/\/www.autonvaraosahaku.fi\/index.php?rest_route=\/wp\/v2\/types\/product"}],"wp:attachment":[{"href":"https:\/\/www.autonvaraosahaku.fi\/index.php?rest_route=%2Fwp%2Fv2%2Fmedia&parent=98814"}],"wp:term":[{"taxonomy":"pwb-brand","embeddable":true,"href":"https:\/\/www.autonvaraosahaku.fi\/index.php?rest_route=%2Fwp%2Fv2%2Fpwb-brand&post=98814"},{"taxonomy":"product_cat","embeddable":true,"href":"https:\/\/www.autonvaraosahaku.fi\/index.php?rest_route=%2Fwp%2Fv2%2Fproduct_cat&post=98814"},{"taxonomy":"product_tag","embeddable":true,"href":"https:\/\/www.autonvaraosahaku.fi\/index.php?rest_route=%2Fwp%2Fv2%2Fproduct_tag&post=98814"}],"curies":[{"name":"wp","href":"https:\/\/api.w.org\/{rel}","templated":true}]}}