{"id":9882,"date":"2021-02-21T14:07:13","date_gmt":"2021-02-21T14:07:13","guid":{"rendered":"https:\/\/www.autonvaraosahaku.fi\/?product=zimmermann-230-2384-52-jarrulevyt"},"modified":"2021-02-21T14:07:14","modified_gmt":"2021-02-21T14:07:14","slug":"zimmermann-230-2384-52-jarrulevyt","status":"publish","type":"product","link":"https:\/\/www.autonvaraosahaku.fi\/?product=zimmermann-230-2384-52-jarrulevyt","title":{"rendered":"ZIMMERMANN 230.2384.52 Jarrulevyt"},"content":{"rendered":"<p>Jarrulevytyyppi: Tuuletettu, sis\u00e4, Reijitetty; K\u00e4sittely: hiiliter\u00e4s; Pinta: pinnoitettu; Ulkol\u00e4pimitta [mm]: 330; Jarrulevyn paksuus (mm): 28; Korkeus (mm): 38; Vanne, aukkoja: 5; Reik\u00e4ympyr\u00e4-\u00d8 [mm]: 127; keskitt\u00e4misl\u00e4pimitta [mm]: 72; Tarkistuskilpi: KBA 60872; V\u00e4himm\u00e4ispaksuus (mm): 26,4; Paino [kg]: 9,50; Reik\u00e4kuvio\/-m\u00e4\u00e4r\u00e4: 6\/5; Tuotelinja: SPORT COAT Z; Tuning: 1; Asennuspuoli: Vorderachse; CHRYSLER: GRAND VOYAGER V RT; LANCIA: VOYAGER Gro\u00dfraumlimousine RT; FIAT: FREEMONT JF_; DODGE: JOURNEY,GRAND CARAVAN; 4779712AA, 4779712AB, 68192969AA, 68259791AA, K04779712AA, K04779712AB, K68192969AA, K68227774AA, K68259791AA, K04779712AA, K68192969AA, 7B0615301C; Jarrulevy<\/p>\n","protected":false},"excerpt":{"rendered":"<p>ZIMMERMANN Jarrulevyt 230.2384.52 Jarrulevy CHRYSLER,LANCIA,FIAT,GRAND VOYAGER V RT,VOYAGER Gro\u00dfraumlimousine RT,FREEMONT JF_,JOURNEY,GRAND CARAVAN<\/p>\n","protected":false},"featured_media":0,"template":"","meta":{"site-sidebar-layout":"default","site-content-layout":"default","ast-global-header-display":"","ast-main-header-display":"","ast-hfb-above-header-display":"","ast-hfb-below-header-display":"","ast-hfb-mobile-header-display":"","site-post-title":"","ast-breadcrumbs-content":"","ast-featured-img":"","footer-sml-layout":"","theme-transparent-header-meta":"","adv-header-id-meta":"","stick-header-meta":"","header-above-stick-meta":"","header-main-stick-meta":"","header-below-stick-meta":""},"pwb-brand":[145],"product_cat":[66],"product_tag":[],"class_list":{"0":"post-9882","1":"product","2":"type-product","3":"status-publish","5":"pwb-brand-zimmermann","6":"product_cat-jarrulevyt","7":"desktop-align-left","8":"tablet-align-left","9":"mobile-align-left","11":"first","12":"instock","13":"product-type-external"},"brands":[{"id":145,"name":"ZIMMERMANN","slug":"zimmermann"}],"_links":{"self":[{"href":"https:\/\/www.autonvaraosahaku.fi\/index.php?rest_route=\/wp\/v2\/product\/9882","targetHints":{"allow":["GET"]}}],"collection":[{"href":"https:\/\/www.autonvaraosahaku.fi\/index.php?rest_route=\/wp\/v2\/product"}],"about":[{"href":"https:\/\/www.autonvaraosahaku.fi\/index.php?rest_route=\/wp\/v2\/types\/product"}],"wp:attachment":[{"href":"https:\/\/www.autonvaraosahaku.fi\/index.php?rest_route=%2Fwp%2Fv2%2Fmedia&parent=9882"}],"wp:term":[{"taxonomy":"pwb-brand","embeddable":true,"href":"https:\/\/www.autonvaraosahaku.fi\/index.php?rest_route=%2Fwp%2Fv2%2Fpwb-brand&post=9882"},{"taxonomy":"product_cat","embeddable":true,"href":"https:\/\/www.autonvaraosahaku.fi\/index.php?rest_route=%2Fwp%2Fv2%2Fproduct_cat&post=9882"},{"taxonomy":"product_tag","embeddable":true,"href":"https:\/\/www.autonvaraosahaku.fi\/index.php?rest_route=%2Fwp%2Fv2%2Fproduct_tag&post=9882"}],"curies":[{"name":"wp","href":"https:\/\/api.w.org\/{rel}","templated":true}]}}