{"id":98822,"date":"2021-02-21T22:23:40","date_gmt":"2021-02-21T22:23:40","guid":{"rendered":"https:\/\/www.autonvaraosahaku.fi\/?product=valeo-301493-jarrupalat"},"modified":"2021-02-21T22:23:45","modified_gmt":"2021-02-21T22:23:45","slug":"valeo-301493-jarrupalat","status":"publish","type":"product","link":"https:\/\/www.autonvaraosahaku.fi\/?product=valeo-301493-jarrupalat","title":{"rendered":"VALEO 301493 Jarrupalat"},"content":{"rendered":"<p>Asennuspuoli: Etuakseli; Jarruj\u00e4rjestelm\u00e4: TRW; Leveys 1 (mm): 130; Korkeus 1 (mm): 76; Paksuus 1 [mm]: 17,3; WVA-numero: 21983; Kulumisenilmaisimen liitos: Ilman kulumisenilmaisinta; Paino [kg]: 1,77; M\u00e4\u00e4r\u00e4yksikk\u00f6: Akselisarja; lis\u00e4tieto: FIRST; Valmistusvuosi alkaen: 01\/1998; VOLVO: V40 Kombi VW,S40 I VS; SMART: FORFOUR 454; MITSUBISHI: COLT VI Z3_A, Z2_A,CARISMA DA_,COLT CZC Cabriolet RG,CARISMA Stufenheck DA_; 4605A658, M850976, MR527656, MR955351, 4544210010, 30623253, 30623259, 30769199, 308509769; Jarrupalasarja,Jarrupala, Levyjarru<\/p>\n","protected":false},"excerpt":{"rendered":"<p>VALEO Jarrupalat 301493 Jarrupalasarja,Jarrupala, Levyjarru VOLVO,SMART,MITSUBISHI,V40 Kombi VW,S40 I VS,FORFOUR 454,COLT VI Z3_A, Z2_A,CARISMA DA_<\/p>\n","protected":false},"featured_media":0,"template":"","meta":{"site-sidebar-layout":"default","site-content-layout":"default","ast-global-header-display":"","ast-main-header-display":"","ast-hfb-above-header-display":"","ast-hfb-below-header-display":"","ast-hfb-mobile-header-display":"","site-post-title":"","ast-breadcrumbs-content":"","ast-featured-img":"","footer-sml-layout":"","theme-transparent-header-meta":"","adv-header-id-meta":"","stick-header-meta":"","header-above-stick-meta":"","header-main-stick-meta":"","header-below-stick-meta":""},"pwb-brand":[28],"product_cat":[100],"product_tag":[],"class_list":{"0":"post-98822","1":"product","2":"type-product","3":"status-publish","5":"pwb-brand-valeo","6":"product_cat-jarrupalat","7":"desktop-align-left","8":"tablet-align-left","9":"mobile-align-left","11":"first","12":"instock","13":"product-type-external"},"brands":[{"id":28,"name":"VALEO","slug":"valeo"}],"_links":{"self":[{"href":"https:\/\/www.autonvaraosahaku.fi\/index.php?rest_route=\/wp\/v2\/product\/98822","targetHints":{"allow":["GET"]}}],"collection":[{"href":"https:\/\/www.autonvaraosahaku.fi\/index.php?rest_route=\/wp\/v2\/product"}],"about":[{"href":"https:\/\/www.autonvaraosahaku.fi\/index.php?rest_route=\/wp\/v2\/types\/product"}],"wp:attachment":[{"href":"https:\/\/www.autonvaraosahaku.fi\/index.php?rest_route=%2Fwp%2Fv2%2Fmedia&parent=98822"}],"wp:term":[{"taxonomy":"pwb-brand","embeddable":true,"href":"https:\/\/www.autonvaraosahaku.fi\/index.php?rest_route=%2Fwp%2Fv2%2Fpwb-brand&post=98822"},{"taxonomy":"product_cat","embeddable":true,"href":"https:\/\/www.autonvaraosahaku.fi\/index.php?rest_route=%2Fwp%2Fv2%2Fproduct_cat&post=98822"},{"taxonomy":"product_tag","embeddable":true,"href":"https:\/\/www.autonvaraosahaku.fi\/index.php?rest_route=%2Fwp%2Fv2%2Fproduct_tag&post=98822"}],"curies":[{"name":"wp","href":"https:\/\/api.w.org\/{rel}","templated":true}]}}