{"id":98838,"date":"2021-02-21T22:23:48","date_gmt":"2021-02-21T22:23:48","guid":{"rendered":"https:\/\/www.autonvaraosahaku.fi\/?product=ridex-3946s0036-kampiakselin-asentotunnistin"},"modified":"2021-02-21T22:23:52","modified_gmt":"2021-02-21T22:23:52","slug":"ridex-3946s0036-kampiakselin-asentotunnistin","status":"publish","type":"product","link":"https:\/\/www.autonvaraosahaku.fi\/?product=ridex-3946s0036-kampiakselin-asentotunnistin","title":{"rendered":"RIDEX 3946S0036 Kampiakselin asentotunnistin"},"content":{"rendered":"<p>Vastus [Ohm]: 700; V\u00e4ri: Valkoinen; Kaapelinmitta (mm): 450; Paino [kg]: 0,078; Liittimi\u00e4: 2; Korkeus (mm): 20.7; Moottorinumero: N9C; FORD: SIERRA GBG, GB4,ESCORT VI GAL,SIERRA Schr\u00e4gheck GBC, GBG,SIERRA Kombi BNG; RENAULT: MASTER I Kasten T__,MASTER I Pritsche\/Fahrgestell P__; FIAT: CINQUECENTO 170,PANDA 141A_,UNO 146A\/E,FIORINO Kasten 146,CROMA 154,RITMO I 138A,132,FIORINO Pick up 146,REGATA 138,ARGENTA 132A,RITMO Cabriolet,UNO Kasten 146,REGATA Weekend 138,DUNA 146 B,ELBA 146_,DUNA Weekend 146 B; ALFA ROMEO: 75 162B,164 164,33 907A,33 905; LANCIA: DELTA I 831AB0,THEMA 834,Y10 156,THEMA SW 834,PRISMA 831AB0; MASERATI: BITURBO Coupe,BITURBO Spider,QUATTROPORTE IV,GHIBLI II,BITURBO 70, 77,420\/430 69, 78, AF3; INNOCENTI: ELBA 146; 4460206, 60523246, 60800100, 60808213, 7547714, 1639282, 5000288407; Kampiakselin Anturi,Impulssianturi, Kampiakseli<\/p>\n","protected":false},"excerpt":{"rendered":"<p>RIDEX Kampiakselin Asentotunnistin 3946S0036 Kampiakselin Anturi,Impulssianturi, Kampiakseli FORD,RENAULT,FIAT,SIERRA GBG, GB4,ESCORT VI GAL<\/p>\n","protected":false},"featured_media":0,"template":"","meta":{"site-sidebar-layout":"default","site-content-layout":"default","ast-global-header-display":"","ast-main-header-display":"","ast-hfb-above-header-display":"","ast-hfb-below-header-display":"","ast-hfb-mobile-header-display":"","site-post-title":"","ast-breadcrumbs-content":"","ast-featured-img":"","footer-sml-layout":"","theme-transparent-header-meta":"","adv-header-id-meta":"","stick-header-meta":"","header-above-stick-meta":"","header-main-stick-meta":"","header-below-stick-meta":""},"pwb-brand":[157],"product_cat":[184],"product_tag":[],"class_list":{"0":"post-98838","1":"product","2":"type-product","3":"status-publish","5":"pwb-brand-ridex","6":"product_cat-kampiakselin-asentotunnistin","7":"desktop-align-left","8":"tablet-align-left","9":"mobile-align-left","11":"first","12":"instock","13":"product-type-external"},"brands":[{"id":157,"name":"RIDEX","slug":"ridex"}],"_links":{"self":[{"href":"https:\/\/www.autonvaraosahaku.fi\/index.php?rest_route=\/wp\/v2\/product\/98838","targetHints":{"allow":["GET"]}}],"collection":[{"href":"https:\/\/www.autonvaraosahaku.fi\/index.php?rest_route=\/wp\/v2\/product"}],"about":[{"href":"https:\/\/www.autonvaraosahaku.fi\/index.php?rest_route=\/wp\/v2\/types\/product"}],"wp:attachment":[{"href":"https:\/\/www.autonvaraosahaku.fi\/index.php?rest_route=%2Fwp%2Fv2%2Fmedia&parent=98838"}],"wp:term":[{"taxonomy":"pwb-brand","embeddable":true,"href":"https:\/\/www.autonvaraosahaku.fi\/index.php?rest_route=%2Fwp%2Fv2%2Fpwb-brand&post=98838"},{"taxonomy":"product_cat","embeddable":true,"href":"https:\/\/www.autonvaraosahaku.fi\/index.php?rest_route=%2Fwp%2Fv2%2Fproduct_cat&post=98838"},{"taxonomy":"product_tag","embeddable":true,"href":"https:\/\/www.autonvaraosahaku.fi\/index.php?rest_route=%2Fwp%2Fv2%2Fproduct_tag&post=98838"}],"curies":[{"name":"wp","href":"https:\/\/api.w.org\/{rel}","templated":true}]}}