{"id":98889,"date":"2021-02-21T22:24:05","date_gmt":"2021-02-21T22:24:05","guid":{"rendered":"https:\/\/www.autonvaraosahaku.fi\/?product=frenkit-820002-jarrusatula-korjaussarja"},"modified":"2021-02-21T22:24:13","modified_gmt":"2021-02-21T22:24:13","slug":"frenkit-820002-jarrusatula-korjaussarja","status":"publish","type":"product","link":"https:\/\/www.autonvaraosahaku.fi\/?product=frenkit-820002-jarrusatula-korjaussarja","title":{"rendered":"FRENKIT 820002 Jarrusatula korjaussarja"},"content":{"rendered":"<p>L\u00e4pimitta [mm]: 20; Asennuspuoli: Etuakseli, Taka-akseli; Jarruj\u00e4rjestelm\u00e4: Bendix\/Bosch; Versio: S4A; RENAULT: CLIO II BB0\/1\/2_, CB0\/1\/2_,MEGANE I BA0\/1_,MEGANE I Cabriolet EA0\/1_,CLIO I B\/C57_, 5\/357_,MEGANE I Classic LA0\/1_,MEGANE I Coach DA0\/1_,ESPACE II J\/S63_,19 II B\/C53_,19 II Cabriolet D53_, 853_,SUPER 5 B\/C40_,5 122_,19 I B\/C53_,SAFRANE II B54_,9 L42_,SAFRANE I B54_,19 II Chamade L53_,ESPACE I J11_,11 B\/C37_,21 Stufenheck L48_,19 I Chamade L53_,19 I Cabriolet D53_,18 134_,21 Kombi K48_,18 Variable 135_,30 127_,FUEGO 136_,21 B48_,20 127_,19 I Kasten S53_,21 Kasten S48_,SUPER 5 Kasten S40_; CITRO\u00cbN: SAXO S0, S1,XSARA N1,XSARA Break N2,XSARA Coupe N0,AX ZA-_,ZX N2,BX XB-_,ZX Break N2,BX Break XB-_,C15 VD-_,XSARA Kasten,XSARA Kasten\/Schr\u00e4gheck; PEUGEOT: 206 Schr\u00e4gheck 2A\/C,206 CC 2D,206 SW 2E\/K,106 II 1,306 Schr\u00e4gheck 7A, 7C, N3, N5,306 Cabriolet 7D, N3, N5,106 I 1A, 1C,205 II 20A\/C,306 Break 7E, N3, N5,306 7B, N3, N5,205 I Cabriolet 741B, 20D,206 Stufenheck,309 II 3C, 3A,205 I 741A\/C,405 I 15B,405 II 4B,106 Van 1_,309 I 10C, 10A,306 Van N_, 7_,505 551A,405 II Break 4E,405 I Break 15E,305 II 581M,505 Break 551D,305 II Break 581E,205 Kasten,306 Kasten\/Schr\u00e4gheck; 443905; Ohjainhylsysarja, Jarrusatula<\/p>\n","protected":false},"excerpt":{"rendered":"<p>FRENKIT Ohjaustappi 820002 Ohjainhylsysarja, Jarrusatula RENAULT,CITRO\u00cbN,PEUGEOT,CLIO II BB0\/1\/2_, CB0\/1\/2_,MEGANE I BA0\/1_,MEGANE I Cabriolet EA0\/1_<\/p>\n","protected":false},"featured_media":0,"template":"","meta":{"site-sidebar-layout":"default","site-content-layout":"default","ast-global-header-display":"","ast-main-header-display":"","ast-hfb-above-header-display":"","ast-hfb-below-header-display":"","ast-hfb-mobile-header-display":"","site-post-title":"","ast-breadcrumbs-content":"","ast-featured-img":"","footer-sml-layout":"","theme-transparent-header-meta":"","adv-header-id-meta":"","stick-header-meta":"","header-above-stick-meta":"","header-main-stick-meta":"","header-below-stick-meta":""},"pwb-brand":[474],"product_cat":[57],"product_tag":[],"class_list":{"0":"post-98889","1":"product","2":"type-product","3":"status-publish","5":"pwb-brand-frenkit","6":"product_cat-jarrusatula-korjaussarja","7":"desktop-align-left","8":"tablet-align-left","9":"mobile-align-left","11":"first","12":"instock","13":"product-type-external"},"brands":[{"id":474,"name":"FRENKIT","slug":"frenkit"}],"_links":{"self":[{"href":"https:\/\/www.autonvaraosahaku.fi\/index.php?rest_route=\/wp\/v2\/product\/98889","targetHints":{"allow":["GET"]}}],"collection":[{"href":"https:\/\/www.autonvaraosahaku.fi\/index.php?rest_route=\/wp\/v2\/product"}],"about":[{"href":"https:\/\/www.autonvaraosahaku.fi\/index.php?rest_route=\/wp\/v2\/types\/product"}],"wp:attachment":[{"href":"https:\/\/www.autonvaraosahaku.fi\/index.php?rest_route=%2Fwp%2Fv2%2Fmedia&parent=98889"}],"wp:term":[{"taxonomy":"pwb-brand","embeddable":true,"href":"https:\/\/www.autonvaraosahaku.fi\/index.php?rest_route=%2Fwp%2Fv2%2Fpwb-brand&post=98889"},{"taxonomy":"product_cat","embeddable":true,"href":"https:\/\/www.autonvaraosahaku.fi\/index.php?rest_route=%2Fwp%2Fv2%2Fproduct_cat&post=98889"},{"taxonomy":"product_tag","embeddable":true,"href":"https:\/\/www.autonvaraosahaku.fi\/index.php?rest_route=%2Fwp%2Fv2%2Fproduct_tag&post=98889"}],"curies":[{"name":"wp","href":"https:\/\/api.w.org\/{rel}","templated":true}]}}