{"id":98890,"date":"2021-02-21T22:24:13","date_gmt":"2021-02-21T22:24:13","guid":{"rendered":"https:\/\/www.autonvaraosahaku.fi\/?product=hella-2vp-238-023-161-takavalot"},"modified":"2021-02-21T22:24:14","modified_gmt":"2021-02-21T22:24:14","slug":"hella-2vp-238-023-161-takavalot","status":"publish","type":"product","link":"https:\/\/www.autonvaraosahaku.fi\/?product=hella-2vp-238-023-161-takavalot","title":{"rendered":"HELLA 2VP 238 023-161 Takavalot"},"content":{"rendered":"<p>Asennuspuoli: Oikea; Korvaava tuote\/korvaava tiedote 2: polttimoilla; Lyhdyn muoto: Hehkulankatekniikka; Tarkistuskilpi: E1 1897, E1 1898, ECE, CCC; Nimellisj\u00e4nnite (V): 12; Lyhtytoimintojen m\u00e4\u00e4r\u00e4: 6; Lamppumalli: P21\/5W, P21W; Valotoiminto: vilkkuvalolla, jarruvalolla, Sumutakavalolla, peruutusvalolla, heijastimella, Takavalolla; parilliset tuotenumerot: 2VP 238 023-151; Valmistusvuoteen: 07\/2009; LAND ROVER: RANGE ROVER SPORT LS; LR007955; Takavalo<\/p>\n","protected":false},"excerpt":{"rendered":"<p>HELLA Takavalot 2VP 238 023-161 Takavalo LAND ROVER,RANGE ROVER SPORT LS<\/p>\n","protected":false},"featured_media":0,"template":"","meta":{"site-sidebar-layout":"default","site-content-layout":"default","ast-global-header-display":"","ast-main-header-display":"","ast-hfb-above-header-display":"","ast-hfb-below-header-display":"","ast-hfb-mobile-header-display":"","site-post-title":"","ast-breadcrumbs-content":"","ast-featured-img":"","footer-sml-layout":"","theme-transparent-header-meta":"","adv-header-id-meta":"","stick-header-meta":"","header-above-stick-meta":"","header-main-stick-meta":"","header-below-stick-meta":""},"pwb-brand":[24],"product_cat":[159],"product_tag":[],"class_list":{"0":"post-98890","1":"product","2":"type-product","3":"status-publish","5":"pwb-brand-hella","6":"product_cat-takavalot","7":"desktop-align-left","8":"tablet-align-left","9":"mobile-align-left","11":"first","12":"instock","13":"product-type-external"},"brands":[{"id":24,"name":"HELLA","slug":"hella"}],"_links":{"self":[{"href":"https:\/\/www.autonvaraosahaku.fi\/index.php?rest_route=\/wp\/v2\/product\/98890","targetHints":{"allow":["GET"]}}],"collection":[{"href":"https:\/\/www.autonvaraosahaku.fi\/index.php?rest_route=\/wp\/v2\/product"}],"about":[{"href":"https:\/\/www.autonvaraosahaku.fi\/index.php?rest_route=\/wp\/v2\/types\/product"}],"wp:attachment":[{"href":"https:\/\/www.autonvaraosahaku.fi\/index.php?rest_route=%2Fwp%2Fv2%2Fmedia&parent=98890"}],"wp:term":[{"taxonomy":"pwb-brand","embeddable":true,"href":"https:\/\/www.autonvaraosahaku.fi\/index.php?rest_route=%2Fwp%2Fv2%2Fpwb-brand&post=98890"},{"taxonomy":"product_cat","embeddable":true,"href":"https:\/\/www.autonvaraosahaku.fi\/index.php?rest_route=%2Fwp%2Fv2%2Fproduct_cat&post=98890"},{"taxonomy":"product_tag","embeddable":true,"href":"https:\/\/www.autonvaraosahaku.fi\/index.php?rest_route=%2Fwp%2Fv2%2Fproduct_tag&post=98890"}],"curies":[{"name":"wp","href":"https:\/\/api.w.org\/{rel}","templated":true}]}}