{"id":98909,"date":"2021-02-21T22:24:13","date_gmt":"2021-02-21T22:24:13","guid":{"rendered":"https:\/\/www.autonvaraosahaku.fi\/?product=fa1-934-977-pakoputken-asennussarja"},"modified":"2021-02-21T22:24:21","modified_gmt":"2021-02-21T22:24:21","slug":"fa1-934-977-pakoputken-asennussarja","status":"publish","type":"product","link":"https:\/\/www.autonvaraosahaku.fi\/?product=fa1-934-977-pakoputken-asennussarja","title":{"rendered":"FA1 934-977 Pakoputken asennussarja"},"content":{"rendered":"<p>Putkiliitokset: Kiristin; L\u00e4pimitta [mm]: 77; Tarvittava kappalem\u00e4\u00e4r\u00e4: 2; NISSAN: PRIMASTAR Bus X83,PRIMASTAR Kasten X83,INTERSTAR Kasten X70,NV400 Kasten,INTERSTAR Bus X70,NV400 Bus,INTERSTAR Pritsche\/Fahrgestell,NV400 Pritsche\/Fahrgestell,NV300 Kasten X82,NV300 Kombi X82; LANCIA: YPSILON 843; OPEL: MERIVA B,MOVANO Kasten F9,MOVANO B Kasten,MOVANO B Bus,MOVANO Combi J9,MOVANO Pritsche\/Fahrgestell U9, E9,MOVANO B Pritsche\/Fahrgestell,MOVANO Kipper H9,VIVARO Combi,VIVARO Kasten; RENAULT: ESPACE IV JK0\/1_,LAGUNA II Grandtour KG0\/1_,LAGUNA III Grandtour KT0\/1,CLIO IV,LAGUNA II BG0\/1_,MASTER II Kasten FD,LAGUNA III BT0\/1,MASTER III Kasten FV,MASTER II Pritsche\/Fahrgestell ED\/HD\/UD,VEL SATIS BJ0_,MASTER II Bus JD,LAGUNA Coupe DT0\/1,MASTER III Bus JV,MASTER III Pritsche\/Fahrgestell EV, HV, UV,TRAFIC III Kasten,TRAFIC III Bus; 5801869051, 171389, 7703083456, 8200157364, 5801869051, 1725787, 5801869051, 2067400QAA, 4401363, 4501620, 55209833, 860151, 9109663, 9161920, 171389, 7703083456, 8200157364, 1413163P00, 1413163P00000, 1413168L00; Putkenliitin, Pakoputkisto<\/p>\n","protected":false},"excerpt":{"rendered":"<p>FA1 Pakoputken Kiristin 934-977 Putkenliitin, Pakoputkisto NISSAN,LANCIA,OPEL,PRIMASTAR Bus X83,PRIMASTAR Kasten X83,INTERSTAR Kasten X70,NV400 Kasten<\/p>\n","protected":false},"featured_media":0,"template":"","meta":{"site-sidebar-layout":"default","site-content-layout":"default","ast-global-header-display":"","ast-main-header-display":"","ast-hfb-above-header-display":"","ast-hfb-below-header-display":"","ast-hfb-mobile-header-display":"","site-post-title":"","ast-breadcrumbs-content":"","ast-featured-img":"","footer-sml-layout":"","theme-transparent-header-meta":"","adv-header-id-meta":"","stick-header-meta":"","header-above-stick-meta":"","header-main-stick-meta":"","header-below-stick-meta":""},"pwb-brand":[39],"product_cat":[101],"product_tag":[],"class_list":{"0":"post-98909","1":"product","2":"type-product","3":"status-publish","5":"pwb-brand-fa1","6":"product_cat-pakoputken-asennussarja","7":"desktop-align-left","8":"tablet-align-left","9":"mobile-align-left","11":"first","12":"instock","13":"product-type-external"},"brands":[{"id":39,"name":"FA1","slug":"fa1"}],"_links":{"self":[{"href":"https:\/\/www.autonvaraosahaku.fi\/index.php?rest_route=\/wp\/v2\/product\/98909","targetHints":{"allow":["GET"]}}],"collection":[{"href":"https:\/\/www.autonvaraosahaku.fi\/index.php?rest_route=\/wp\/v2\/product"}],"about":[{"href":"https:\/\/www.autonvaraosahaku.fi\/index.php?rest_route=\/wp\/v2\/types\/product"}],"wp:attachment":[{"href":"https:\/\/www.autonvaraosahaku.fi\/index.php?rest_route=%2Fwp%2Fv2%2Fmedia&parent=98909"}],"wp:term":[{"taxonomy":"pwb-brand","embeddable":true,"href":"https:\/\/www.autonvaraosahaku.fi\/index.php?rest_route=%2Fwp%2Fv2%2Fpwb-brand&post=98909"},{"taxonomy":"product_cat","embeddable":true,"href":"https:\/\/www.autonvaraosahaku.fi\/index.php?rest_route=%2Fwp%2Fv2%2Fproduct_cat&post=98909"},{"taxonomy":"product_tag","embeddable":true,"href":"https:\/\/www.autonvaraosahaku.fi\/index.php?rest_route=%2Fwp%2Fv2%2Fproduct_tag&post=98909"}],"curies":[{"name":"wp","href":"https:\/\/api.w.org\/{rel}","templated":true}]}}