{"id":98937,"date":"2021-02-21T22:24:31","date_gmt":"2021-02-21T22:24:31","guid":{"rendered":"https:\/\/www.autonvaraosahaku.fi\/?product=purflux-l364-oljynsuodatin"},"modified":"2021-02-21T22:24:34","modified_gmt":"2021-02-21T22:24:34","slug":"purflux-l364-oljynsuodatin","status":"publish","type":"product","link":"https:\/\/www.autonvaraosahaku.fi\/?product=purflux-l364-oljynsuodatin","title":{"rendered":"PURFLUX L364 \u00d6ljynsuodatin"},"content":{"rendered":"<p>Ulkol\u00e4pimitta [mm]: 75; Sis\u00e4l\u00e4pimitta [mm]: 23; Korkeus (mm): 104; NISSAN: TERRANO II R20,PATROL GR II Wagon Y61,INTERSTAR Kasten X70,INTERSTAR Bus X70,PATROL II Pritsche\/Fahrgestell Y61,INTERSTAR Pritsche\/Fahrgestell,CABSTAR E Pick-up US; OPEL: MOVANO Kasten F9,MOVANO Combi J9,MOVANO Pritsche\/Fahrgestell U9, E9,MOVANO Kipper H9; RENAULT: MASTER II Kasten FD,MASTER II Pritsche\/Fahrgestell ED\/HD\/UD,MASTER II Bus JD; RENAULT TRUCKS: MASCOTT Pritsche\/Fahrgestell,MASCOTT Kasten\/Kombi; VAUXHALL: MOVANO Mk I A Van FD,MOVANO Mk I A Combi JD; AC6288E, J1311024, 15050VB300, 15050VC101, 152082W200, 1520900QAC, 152092W200, 4415218, 5001869773, 7701057828<\/p>\n","protected":false},"excerpt":{"rendered":"<p>PURFLUX \u00d6ljynsuodatin L364  NISSAN,OPEL,RENAULT,TERRANO II R20,PATROL GR II Wagon Y61,INTERSTAR Kasten X70,INTERSTAR Bus X70<\/p>\n","protected":false},"featured_media":0,"template":"","meta":{"site-sidebar-layout":"default","site-content-layout":"default","ast-global-header-display":"","ast-main-header-display":"","ast-hfb-above-header-display":"","ast-hfb-below-header-display":"","ast-hfb-mobile-header-display":"","site-post-title":"","ast-breadcrumbs-content":"","ast-featured-img":"","footer-sml-layout":"","theme-transparent-header-meta":"","adv-header-id-meta":"","stick-header-meta":"","header-above-stick-meta":"","header-main-stick-meta":"","header-below-stick-meta":""},"pwb-brand":[303],"product_cat":[30],"product_tag":[],"class_list":{"0":"post-98937","1":"product","2":"type-product","3":"status-publish","5":"pwb-brand-purflux","6":"product_cat-oljynsuodatin","7":"desktop-align-left","8":"tablet-align-left","9":"mobile-align-left","11":"first","12":"instock","13":"product-type-external"},"brands":[{"id":303,"name":"PURFLUX","slug":"purflux"}],"_links":{"self":[{"href":"https:\/\/www.autonvaraosahaku.fi\/index.php?rest_route=\/wp\/v2\/product\/98937","targetHints":{"allow":["GET"]}}],"collection":[{"href":"https:\/\/www.autonvaraosahaku.fi\/index.php?rest_route=\/wp\/v2\/product"}],"about":[{"href":"https:\/\/www.autonvaraosahaku.fi\/index.php?rest_route=\/wp\/v2\/types\/product"}],"wp:attachment":[{"href":"https:\/\/www.autonvaraosahaku.fi\/index.php?rest_route=%2Fwp%2Fv2%2Fmedia&parent=98937"}],"wp:term":[{"taxonomy":"pwb-brand","embeddable":true,"href":"https:\/\/www.autonvaraosahaku.fi\/index.php?rest_route=%2Fwp%2Fv2%2Fpwb-brand&post=98937"},{"taxonomy":"product_cat","embeddable":true,"href":"https:\/\/www.autonvaraosahaku.fi\/index.php?rest_route=%2Fwp%2Fv2%2Fproduct_cat&post=98937"},{"taxonomy":"product_tag","embeddable":true,"href":"https:\/\/www.autonvaraosahaku.fi\/index.php?rest_route=%2Fwp%2Fv2%2Fproduct_tag&post=98937"}],"curies":[{"name":"wp","href":"https:\/\/api.w.org\/{rel}","templated":true}]}}