{"id":98959,"date":"2021-02-21T22:24:39","date_gmt":"2021-02-21T22:24:39","guid":{"rendered":"https:\/\/www.autonvaraosahaku.fi\/?product=lpr-p1005p-jarrulevyt"},"modified":"2021-02-21T22:24:43","modified_gmt":"2021-02-21T22:24:43","slug":"lpr-p1005p-jarrulevyt","status":"publish","type":"product","link":"https:\/\/www.autonvaraosahaku.fi\/?product=lpr-p1005p-jarrulevyt","title":{"rendered":"LPR P1005P Jarrulevyt"},"content":{"rendered":"<p>Ulkol\u00e4pimitta [mm]: 290; keskitt\u00e4misl\u00e4pimitta [mm]: 71; Jarrulevyn paksuus (mm): 12; Jarrulevytyyppi: Vakiomalli; Vanne, aukkoja: 5; Korkeus (mm): 35,3; V\u00e4himm\u00e4ispaksuus (mm): 10, 10; Asennuspuoli: Hinterachse; CITRO\u00cbN: C5 III Break TD_,C5 III RD_; PEUGEOT: 407 SW 6E_,607 9D, 9U,407 6D_,RCZ,407 Coupe 6C_; 4246P9, 424972, 4249C1; Jarrulevy<\/p>\n","protected":false},"excerpt":{"rendered":"<p>LPR Jarrulevyt P1005P Jarrulevy CITRO\u00cbN,PEUGEOT,C5 III Break TD_,C5 III RD_,407 SW 6E_,607 9D, 9U,407 6D_,RCZ,407 Coupe 6C_<\/p>\n","protected":false},"featured_media":0,"template":"","meta":{"site-sidebar-layout":"default","site-content-layout":"default","ast-global-header-display":"","ast-main-header-display":"","ast-hfb-above-header-display":"","ast-hfb-below-header-display":"","ast-hfb-mobile-header-display":"","site-post-title":"","ast-breadcrumbs-content":"","ast-featured-img":"","footer-sml-layout":"","theme-transparent-header-meta":"","adv-header-id-meta":"","stick-header-meta":"","header-above-stick-meta":"","header-main-stick-meta":"","header-below-stick-meta":""},"pwb-brand":[238],"product_cat":[66],"product_tag":[],"class_list":{"0":"post-98959","1":"product","2":"type-product","3":"status-publish","5":"pwb-brand-lpr","6":"product_cat-jarrulevyt","7":"desktop-align-left","8":"tablet-align-left","9":"mobile-align-left","11":"first","12":"instock","13":"product-type-external"},"brands":[{"id":238,"name":"LPR","slug":"lpr"}],"_links":{"self":[{"href":"https:\/\/www.autonvaraosahaku.fi\/index.php?rest_route=\/wp\/v2\/product\/98959","targetHints":{"allow":["GET"]}}],"collection":[{"href":"https:\/\/www.autonvaraosahaku.fi\/index.php?rest_route=\/wp\/v2\/product"}],"about":[{"href":"https:\/\/www.autonvaraosahaku.fi\/index.php?rest_route=\/wp\/v2\/types\/product"}],"wp:attachment":[{"href":"https:\/\/www.autonvaraosahaku.fi\/index.php?rest_route=%2Fwp%2Fv2%2Fmedia&parent=98959"}],"wp:term":[{"taxonomy":"pwb-brand","embeddable":true,"href":"https:\/\/www.autonvaraosahaku.fi\/index.php?rest_route=%2Fwp%2Fv2%2Fpwb-brand&post=98959"},{"taxonomy":"product_cat","embeddable":true,"href":"https:\/\/www.autonvaraosahaku.fi\/index.php?rest_route=%2Fwp%2Fv2%2Fproduct_cat&post=98959"},{"taxonomy":"product_tag","embeddable":true,"href":"https:\/\/www.autonvaraosahaku.fi\/index.php?rest_route=%2Fwp%2Fv2%2Fproduct_tag&post=98959"}],"curies":[{"name":"wp","href":"https:\/\/api.w.org\/{rel}","templated":true}]}}