{"id":98961,"date":"2021-02-21T22:24:39","date_gmt":"2021-02-21T22:24:39","guid":{"rendered":"https:\/\/www.autonvaraosahaku.fi\/?product=trw-jgm1025t-iskunvaimennin"},"modified":"2021-02-21T22:24:44","modified_gmt":"2021-02-21T22:24:44","slug":"trw-jgm1025t-iskunvaimennin","status":"publish","type":"product","link":"https:\/\/www.autonvaraosahaku.fi\/?product=trw-jgm1025t-iskunvaimennin","title":{"rendered":"TRW JGM1025T Iskunvaimennin"},"content":{"rendered":"<p>Lukum\u00e4\u00e4r\u00e4 akselille: 1; Asennuspuoli: Etuakseli; Iskunvaimennin tyyppi: Kaasupaine; Iskunvaimennin malli: Joustintuki; Iskunvaimennusj\u00e4rjestelm\u00e4: Kaksiputki; Iskunvaimennin asennustapa: Tappi ylh\u00e4\u00e4ll\u00e4, Silta alhaalla; Pituus 1 (mm): 509; Pituus 2 (mm): 332; L\u00e4pimitta [mm]: 51; Jousijalan l\u00e4pimitta [mm]: 20; Kierremitta: M12x1.5; Huomioi tekniset tiedot: ; Tuotelinja: TWIN; Valmistusvuosi alkaen: 09\/2000; MAZDA: 323 F VI BJ,FAMILIA VI BJ; B26R34700D, B26R34700E, B26R34900D, B26R34900E, B30D34700B, B30D34700C, B30D34900B, B30D34900C, B30P34700C, B30P34900C, BJ3D34700D, BJ3D34700E, BJ3D34900D, BJ3D34900E, BL2A34700A, BL2A34700B, BL2A34700C, BL2A34900A, BL2A34900B, BL2A34900C, BL8P34700A, BL8P34900A; Iskarit,Iskunvaimennin<\/p>\n","protected":false},"excerpt":{"rendered":"<p>TRW Iskunvaimentimet JGM1025T Iskarit,Iskunvaimennin MAZDA,323 F VI BJ,FAMILIA VI BJ<\/p>\n","protected":false},"featured_media":0,"template":"","meta":{"site-sidebar-layout":"default","site-content-layout":"default","ast-global-header-display":"","ast-main-header-display":"","ast-hfb-above-header-display":"","ast-hfb-below-header-display":"","ast-hfb-mobile-header-display":"","site-post-title":"","ast-breadcrumbs-content":"","ast-featured-img":"","footer-sml-layout":"","theme-transparent-header-meta":"","adv-header-id-meta":"","stick-header-meta":"","header-above-stick-meta":"","header-main-stick-meta":"","header-below-stick-meta":""},"pwb-brand":[332],"product_cat":[80],"product_tag":[],"class_list":{"0":"post-98961","1":"product","2":"type-product","3":"status-publish","5":"pwb-brand-trw","6":"product_cat-iskunvaimennin","7":"desktop-align-left","8":"tablet-align-left","9":"mobile-align-left","11":"first","12":"instock","13":"product-type-external"},"brands":[{"id":332,"name":"TRW","slug":"trw"}],"_links":{"self":[{"href":"https:\/\/www.autonvaraosahaku.fi\/index.php?rest_route=\/wp\/v2\/product\/98961","targetHints":{"allow":["GET"]}}],"collection":[{"href":"https:\/\/www.autonvaraosahaku.fi\/index.php?rest_route=\/wp\/v2\/product"}],"about":[{"href":"https:\/\/www.autonvaraosahaku.fi\/index.php?rest_route=\/wp\/v2\/types\/product"}],"wp:attachment":[{"href":"https:\/\/www.autonvaraosahaku.fi\/index.php?rest_route=%2Fwp%2Fv2%2Fmedia&parent=98961"}],"wp:term":[{"taxonomy":"pwb-brand","embeddable":true,"href":"https:\/\/www.autonvaraosahaku.fi\/index.php?rest_route=%2Fwp%2Fv2%2Fpwb-brand&post=98961"},{"taxonomy":"product_cat","embeddable":true,"href":"https:\/\/www.autonvaraosahaku.fi\/index.php?rest_route=%2Fwp%2Fv2%2Fproduct_cat&post=98961"},{"taxonomy":"product_tag","embeddable":true,"href":"https:\/\/www.autonvaraosahaku.fi\/index.php?rest_route=%2Fwp%2Fv2%2Fproduct_tag&post=98961"}],"curies":[{"name":"wp","href":"https:\/\/api.w.org\/{rel}","templated":true}]}}